{"id":6916,"date":"2019-07-15T12:57:35","date_gmt":"2019-07-15T12:57:35","guid":{"rendered":"http:\/\/10.1.5.53\/?page_id=6916"},"modified":"2022-11-16T09:33:14","modified_gmt":"2022-11-16T09:33:14","slug":"equipe-plasma-applications","status":"publish","type":"page","link":"https:\/\/www.cdta.dz\/fr\/recherche-et-technologie\/divisions\/division-milieux-ionises-et-lasers\/equipes-de-la-division-mil\/equipe-plasma-applications\/","title":{"rendered":"\u00c9quipe Plasmas &amp; Applications"},"content":{"rendered":"<h1>\u00c9quipe Plasmas &amp; Applications \u00a0 \u00a0 \u00a0 \u00a0\u00a0<img loading=\"lazy\" decoding=\"async\" class=\"alignnone size-full wp-image-6917\" src=\"https:\/\/www.cdta.dz\/wp-content\/uploads\/2019\/07\/PA-LOGO.jpg\" alt=\"\" width=\"211\" height=\"105\" \/><\/h1>\n<p>Les activit\u00e9s de recherche de l\u2019\u00e9quipe plasmas et applications sont bas\u00e9es sur la physique des plasmas froids et chauds ainsi qu\u2019\u00e0 ses applications dans les diff\u00e9rents secteurs comme l\u2019\u00e9nergie, l\u2019environnement, la sant\u00e9, la s\u00e9curit\u00e9 et les technologies industrielles. Pour r\u00e9pondre aux exigences de ces secteurs, les programmes de l\u2019\u00e9quipe tournent autour de projets ax\u00e9s essentiellement sur le d\u00e9veloppement de sources et r\u00e9acteurs plasmas sous vide ou \u00e0 pression atmosph\u00e9rique, des proc\u00e9d\u00e9s de d\u00e9p\u00f4t de couches ou multicouches, de la mod\u00e9lisation <em>ab initio <\/em>des mat\u00e9riaux, ainsi qu\u2019\u00e0 la physique de l\u2019acc\u00e9l\u00e9ration des plasmas chauds par lasers intenses et courts. L\u2019\u00e9quipe P&amp;A inscrit parmi ses objectifs le rapprochement vers le secteur socio-\u00e9conomique pour une meilleure int\u00e9gration des proc\u00e9d\u00e9s plasmas dans les PME\/PMI Alg\u00e9riennes.<\/p>\n<p>Pour mener ses activit\u00e9s de recherche le laboratoire est \u00e9quip\u00e9 de :<\/p>\n<p>1- R\u00e9acteur rf-Magn\u00e9tron<\/p>\n<p>2- R\u00e9acteur rf-PECVD<\/p>\n<p>3- R\u00e9acteur rf-ICP<\/p>\n<p>4- Syst\u00e8me d\u2019excitation HiPIMS<\/p>\n<p>5- R\u00e9acteur de pulv\u00e9risation DC<\/p>\n<p>6- \u00c9vaporateur thermique<\/p>\n<p>7- R\u00e9acteur Magn\u00e9tron pour d\u00e9p\u00f4t de couches m\u00e9talliques<\/p>\n<p><strong>EXPERTISE ET SAVOIR FAIRE<\/strong><\/p>\n<p>L\u2019\u00e9quipe P&amp;A a accumul\u00e9 un savoir-faire et une expertise autour des points suivants qui peuvent r\u00e9pondre aux besoins de plusieurs secteurs socio \u00e9conomiques :<\/p>\n<p>Du point de vue exp\u00e9rimental<\/p>\n<ul>\n<li>Conception et r\u00e9alisation des sources plasmas pour des applications de traitement de surface<\/li>\n<li>D\u00e9veloppement de sources d\u2019ions n\u00e9gatifs pour des applications de gravure s\u00e8che en micro\u00e9lectronique et en a\u00e9rospatial.<\/li>\n<li>D\u00e9veloppement et mise en place de moyens de diagnostic des plasmas froids (Diagnostic \u00e9lectrique des plasmas radiofr\u00e9quence, puls\u00e9 et continu,\u2026)<\/li>\n<li>Conception et r\u00e9alisation de r\u00e9acteur plasma ICP\/CCP-RF<\/li>\n<li>Maitrise des techniques du vide et de l\u2019installation de manipulations de traitement de surface par plasma froid<\/li>\n<li>Synth\u00e8se de couches minces par PECVD et PVD<\/li>\n<li>Caract\u00e9risation du plasma par spectroscopie d\u2019\u00e9mission optique<\/li>\n<li>Caract\u00e9risation m\u00e9canique par nano-indentation<\/li>\n<li>Caract\u00e9risation tribologique, physico-chimique et optique des couches minces<\/li>\n<li>\u00c9laboration de r\u00e9acteurs hybrides pour le d\u00e9p\u00f4t de couches minces (implantation ionique et d\u00e9p\u00f4t PVD)<\/li>\n<li>D\u00e9p\u00f4t des couches minces \u00e0 base d\u2019alliages m\u00e9talliques de transition pour l\u2019optique, l\u2019industrie des outils de coupe, anticorrosion et pour le biom\u00e9dical en utilisant la Pulv\u00e9risation Cathodique Magn\u00e9tron comme proc\u00e9d\u00e9 de d\u00e9p\u00f4t<\/li>\n<li>Contr\u00f4le des param\u00e8tres de d\u00e9p\u00f4t (pression, puissance, taux de gaz r\u00e9actif, polarisation du substrat) sur la duret\u00e9 des couches minces de TiMCxNy \u00e9labor\u00e9es par pulv\u00e9risation.<\/li>\n<li>\u00c9laboration de couches minces ultra-dures et anticorrosion \u00e0 base de titane<\/li>\n<li>\u00c9laboration de couches barri\u00e8res biocompatibles<\/li>\n<li>\u00c9laboration de couches pour l\u2019optique et la catalyse<\/li>\n<li>\u00c9laboration de couches minces de carbone et\/ou de carbone amorphe hydrog\u00e9n\u00e9 par les techniques plasmas de d\u00e9charge<\/li>\n<\/ul>\n<p>Du point de vue mod\u00e9lisation et simulation<\/p>\n<ul>\n<li>Mod\u00e9lisation des plasmas froids et de la croissance des couches minces<\/li>\n<li>Mod\u00e9lisation d\u2019une d\u00e9charge Magn\u00e9tron et \u00e9tude \u00e9lectrique du plasma magn\u00e9tron<\/li>\n<li>Mod\u00e9lisation atomistique des mat\u00e9riaux<\/li>\n<li>Etude spectroscopique de la physico-chimie du plasma<\/li>\n<li>Ma\u00eetrise du proc\u00e9d\u00e9 de pulv\u00e9risation magn\u00e9tron d\u2019alliages m\u00e9talliques<\/li>\n<li>Etude th\u00e9orique du transport de la mati\u00e8re pulv\u00e9ris\u00e9e, taux de pulv\u00e9risation et de l\u2019interaction mati\u00e8re pulv\u00e9ris\u00e9e\/parois, etc.)<\/li>\n<li>Mod\u00e9lisation de nouveaux mat\u00e9riaux multifonctionnels pour l&rsquo;\u00e9lectronique, les m\u00e9moires ferro\u00e9lectriques non volatiles FeRAM et le stockage de l\u2019\u00e9nergie.<\/li>\n<li>Mod\u00e9lisation et simulation de l\u2019acc\u00e9l\u00e9ration laser intense et plasma chaud pour optimisation des faisceaux d\u2019ions \u00e9nerg\u00e9tiques g\u00e9n\u00e9r\u00e9s lors de l\u2019interaction laser-cible pour soigner les tumeurs canc\u00e9reuses.<\/li>\n<\/ul>\n<p>&nbsp;<\/p>\n<h3 style=\"text-align: right;\">Chef d&rsquo;\u00e9quipe<\/h3>\n<h3 style=\"text-align: right;\"><strong>Dr SAOULA (DR)<\/strong><\/h3>\n<h3 style=\"text-align: right;\"><\/h3>\n<p>&nbsp;<\/p>\n","protected":false},"excerpt":{"rendered":"<p>\u00c9quipe Plasmas &amp; Applications \u00a0 \u00a0 \u00a0 \u00a0\u00a0 Les activit\u00e9s de recherche de l\u2019\u00e9quipe plasmas et applications sont bas\u00e9es sur la physique des plasmas froids et chauds ainsi qu\u2019\u00e0 ses applications dans les diff\u00e9rents secteurs comme l\u2019\u00e9nergie, l\u2019environnement, la sant\u00e9, la s\u00e9curit\u00e9 et les technologies industrielles. Pour r\u00e9pondre aux exigences de ces secteurs, les programmes [&hellip;]<\/p>\n","protected":false},"author":46,"featured_media":8938,"parent":6946,"menu_order":0,"comment_status":"closed","ping_status":"closed","template":"division-page.php","meta":{"footnotes":""},"class_list":["post-6916","page","type-page","status-publish","has-post-thumbnail","hentry"],"_links":{"self":[{"href":"https:\/\/www.cdta.dz\/fr\/wp-json\/wp\/v2\/pages\/6916\/"}],"collection":[{"href":"https:\/\/www.cdta.dz\/fr\/wp-json\/wp\/v2\/pages\/"}],"about":[{"href":"https:\/\/www.cdta.dz\/fr\/wp-json\/wp\/v2\/types\/page\/"}],"author":[{"embeddable":true,"href":"https:\/\/www.cdta.dz\/fr\/wp-json\/wp\/v2\/users\/46\/"}],"replies":[{"embeddable":true,"href":"https:\/\/www.cdta.dz\/fr\/wp-json\/wp\/v2\/comments\/?post=6916"}],"version-history":[{"count":4,"href":"https:\/\/www.cdta.dz\/fr\/wp-json\/wp\/v2\/pages\/6916\/revisions\/"}],"predecessor-version":[{"id":155828,"href":"https:\/\/www.cdta.dz\/fr\/wp-json\/wp\/v2\/pages\/6916\/revisions\/155828\/"}],"up":[{"embeddable":true,"href":"https:\/\/www.cdta.dz\/fr\/wp-json\/wp\/v2\/pages\/6946\/"}],"wp:featuredmedia":[{"embeddable":true,"href":"https:\/\/www.cdta.dz\/fr\/wp-json\/wp\/v2\/media\/8938\/"}],"wp:attachment":[{"href":"https:\/\/www.cdta.dz\/fr\/wp-json\/wp\/v2\/media\/?parent=6916"}],"curies":[{"name":"wp","href":"https:\/\/api.w.org\/{rel}","templated":true}]}}