{"id":6921,"date":"2019-07-15T12:57:40","date_gmt":"2019-07-15T12:57:40","guid":{"rendered":"http:\/\/10.1.5.53\/?page_id=6921"},"modified":"2020-11-25T13:20:03","modified_gmt":"2020-11-25T13:20:03","slug":"equipe-projection-thermique","status":"publish","type":"page","link":"https:\/\/www.cdta.dz\/fr\/recherche-et-technologie\/divisions\/division-milieux-ionises-et-lasers\/equipes-de-la-division-mil\/equipe-projection-thermique\/","title":{"rendered":"\u00c9quipe Projection Thermique"},"content":{"rendered":"<h2><strong>\u00c9quipe Projection Thermique (PTh)\u00a0 \u00a0 \u00a0 \u00a0 \u00a0 \u00a0 \u00a0 \u00a0 \u00a0\u00a0<img loading=\"lazy\" decoding=\"async\" class=\"alignnone wp-image-6922\" src=\"https:\/\/www.cdta.dz\/wp-content\/uploads\/2019\/07\/PTh-LOGO.jpg\" alt=\"\" width=\"201\" height=\"105\" srcset=\"https:\/\/www.cdta.dz\/wp-content\/uploads\/2019\/07\/PTh-LOGO.jpg 201w, https:\/\/www.cdta.dz\/wp-content\/uploads\/2019\/07\/PTh-LOGO-200x105.jpg 200w\" sizes=\"auto, (max-width: 201px) 100vw, 201px\" \/><\/strong><\/h2>\n<p>L\u2019\u00e9quipe Projection Thermique est une entit\u00e9 de recherche pluridisciplinaire associant les sciences des mat\u00e9riaux, la m\u00e9canique, l\u2019\u00e9lectronique \u00e0 la physique de plasmas. La projection thermique est une technologie qui d\u00e9signe est un groupe de proc\u00e9d\u00e9s de traitement de surfaces par voie s\u00e8che, ces techniques conf\u00e8rent aux surfaces trait\u00e9es de nouvelles propri\u00e9t\u00e9s et fonctionnalit\u00e9s am\u00e9liorant ainsi la performance du composant. Cette technologie est omnipr\u00e9sente dans diff\u00e9rents domaines industriels, notamment l\u2019a\u00e9rospatial, l\u2019\u00e9nergie, la m\u00e9tallurgie, l\u2019automobile le biom\u00e9dical, l\u2019\u00e9lectronique, l\u2019environnement, etc\u2026.<\/p>\n<p>L\u2019\u00e9quipe Projection Thermique vise \u00e0 identifier les d\u00e9fis actuels limitant l\u2019\u00e9volution de ces proc\u00e9d\u00e9s et proposer des projets \u00e0 fortes retomb\u00e9es \u00e9conomiques. Elle vise aussi \u00e0 asseoir une strat\u00e9gie de recherche et de d\u00e9veloppement dans ce domaine en Alg\u00e9rie permettant de r\u00e9pondre aux besoins socio\u00e9conomique du pays.<\/p>\n<p><strong>Domaines d\u2019int\u00e9r\u00eats<\/strong><\/p>\n<ul>\n<li>L\u2019\u00e9quipe s\u2019int\u00e9resse aux activit\u00e9s suivantes\u00a0:<\/li>\n<li>D\u00e9veloppement de nouvelles fonctionnalit\u00e9s des surfaces par projection thermique\u00a0;<\/li>\n<li>D\u00e9veloppement des proc\u00e9d\u00e9s de projection thermique plus performant comme VPS, SPS, cold spray\u00a0;<\/li>\n<li>Synth\u00e8se de nouveaux mat\u00e9riaux\u00a0;<\/li>\n<li>Caract\u00e9risations des mat\u00e9riaux \u00e9labor\u00e9s.<\/li>\n<\/ul>\n<p>&nbsp;<\/p>\n<p><strong>EXPERTISE <\/strong><\/p>\n<ul>\n<li>Concevoir et D\u00e9velopper des mod\u00e8les physiques ou num\u00e9riques pour mieux comprendre les ph\u00e9nom\u00e8nes physiques ayant lieu lors des proc\u00e9d\u00e9s de projection thermique\u00a0;<\/li>\n<li>\u00c9laborer des mat\u00e9riaux en couches par les proc\u00e9d\u00e9s de projection thermique pour diff\u00e9rentes applications\u00a0;<\/li>\n<li>Caract\u00e9riser les mat\u00e9riaux\u00a0et ma\u00eetriser les m\u00e9canismes de leur croissance.<strong>\u00a0<\/strong><\/li>\n<\/ul>\n<p><strong>Rayonnement de l\u2019\u00e9quipe<\/strong><\/p>\n<ul>\n<li>Contribution \u00e0 la formation par la recherche dans le cadre des \u00e9coles doctorales des universit\u00e9s\u00a0;<\/li>\n<li>Accueil des \u00e9tudiants \u00e9trangers en s\u2019impliquant dans des th\u00e8ses de doctorat \u00e0 l\u2019\u00e9tranger\u00a0;<\/li>\n<li>S\u2019impliquer dans des soci\u00e9t\u00e9s savantes relevant du domaine d\u2019activit\u00e9 de l\u2019\u00e9quipe (TSS, ASM, \u2026)<\/li>\n<li>Participer \u00e0 des projets de R&amp;D collaboratifs impliquant le secteur socio-\u00e9conomique\u00a0;<\/li>\n<li>Publier les travaux scientifiques dans des revues internationales de renom\u00a0;<\/li>\n<li>Participer \u00e0 des rencontres scientifiques nationales et internationales\u00a0;<\/li>\n<\/ul>\n<h2><\/h2>\n<h3 style=\"text-align: right;\"><strong>Chef d&rsquo;\u00e9quipe<\/strong><\/h3>\n<h3 style=\"text-align: right;\"><strong>DR.Souileh ZAHI (MRB)<\/strong><\/h3>\n<h3 style=\"text-align: right;\"><\/h3>\n","protected":false},"excerpt":{"rendered":"<p>\u00c9quipe Projection Thermique (PTh)\u00a0 \u00a0 \u00a0 \u00a0 \u00a0 \u00a0 \u00a0 \u00a0 \u00a0\u00a0 L\u2019\u00e9quipe Projection Thermique est une entit\u00e9 de recherche pluridisciplinaire associant les sciences des mat\u00e9riaux, la m\u00e9canique, l\u2019\u00e9lectronique \u00e0 la physique de plasmas. La projection thermique est une technologie qui d\u00e9signe est un groupe de proc\u00e9d\u00e9s de traitement de surfaces par voie s\u00e8che, ces [&hellip;]<\/p>\n","protected":false},"author":46,"featured_media":11509,"parent":6946,"menu_order":0,"comment_status":"closed","ping_status":"closed","template":"division-page.php","meta":{"footnotes":""},"class_list":["post-6921","page","type-page","status-publish","has-post-thumbnail","hentry"],"_links":{"self":[{"href":"https:\/\/www.cdta.dz\/fr\/wp-json\/wp\/v2\/pages\/6921\/"}],"collection":[{"href":"https:\/\/www.cdta.dz\/fr\/wp-json\/wp\/v2\/pages\/"}],"about":[{"href":"https:\/\/www.cdta.dz\/fr\/wp-json\/wp\/v2\/types\/page\/"}],"author":[{"embeddable":true,"href":"https:\/\/www.cdta.dz\/fr\/wp-json\/wp\/v2\/users\/46\/"}],"replies":[{"embeddable":true,"href":"https:\/\/www.cdta.dz\/fr\/wp-json\/wp\/v2\/comments\/?post=6921"}],"version-history":[{"count":2,"href":"https:\/\/www.cdta.dz\/fr\/wp-json\/wp\/v2\/pages\/6921\/revisions\/"}],"predecessor-version":[{"id":17364,"href":"https:\/\/www.cdta.dz\/fr\/wp-json\/wp\/v2\/pages\/6921\/revisions\/17364\/"}],"up":[{"embeddable":true,"href":"https:\/\/www.cdta.dz\/fr\/wp-json\/wp\/v2\/pages\/6946\/"}],"wp:featuredmedia":[{"embeddable":true,"href":"https:\/\/www.cdta.dz\/fr\/wp-json\/wp\/v2\/media\/11509\/"}],"wp:attachment":[{"href":"https:\/\/www.cdta.dz\/fr\/wp-json\/wp\/v2\/media\/?parent=6921"}],"curies":[{"name":"wp","href":"https:\/\/api.w.org\/{rel}","templated":true}]}}