{"id":6939,"date":"2019-07-15T12:57:33","date_gmt":"2019-07-15T12:57:33","guid":{"rendered":"http:\/\/10.1.5.53\/?page_id=6939"},"modified":"2020-11-25T13:21:55","modified_gmt":"2020-11-25T13:21:55","slug":"equipe-traitement-des-materiaux-par-laser","status":"publish","type":"page","link":"https:\/\/www.cdta.dz\/fr\/recherche-et-technologie\/divisions\/division-milieux-ionises-et-lasers\/equipes-de-la-division-mil\/equipe-traitement-des-materiaux-par-laser\/","title":{"rendered":"\u00c9quipe Traitement des Mat\u00e9riaux par Laser"},"content":{"rendered":"<h2><strong>\u00c9QUIPE TRAITEMENT DES MAT\u00c9RIAUX PAR LASER (TML)\u00a0<img loading=\"lazy\" decoding=\"async\" class=\"alignnone wp-image-6940\" src=\"https:\/\/www.cdta.dz\/wp-content\/uploads\/2019\/07\/TML-LOGO.jpg\" alt=\"\" width=\"92\" height=\"130\" \/><\/strong><\/h2>\n<p>L\u2019\u00e9quipe Traitement des Mat\u00e9riaux par Laser (TML) a \u00e9t\u00e9 cr\u00e9\u00e9e en 2001, elle a pour mission de d\u00e9velopper une recherche de pointe sur l\u2019utilisation des lasers dans les proc\u00e9d\u00e9s de fabrication et d\u2019usinage aux \u00e9chelles micro et macroscopique. Cette recherche implique des approches th\u00e9oriques et exp\u00e9rimentales, qui mettent en \u0153uvre des mod\u00e9lisations num\u00e9riques et des syst\u00e8mes lasers de forte et moyenne puissances en modes continu et quasi continus, ainsi que des lasers g\u00e9n\u00e9rant des intensit\u00e9s consid\u00e9rables en mode ultracourt. Les applications abord\u00e9es par l\u2019\u00e9quipe TML concernent la d\u00e9coupe, le soudage, le rechargement, qui impliquent des puissances sup\u00e9rieures \u00e0 1 kW et autres traitements de surfaces tels que le durcissement, le marquage, le formage, etc. La fabrication additive par laser r\u00e9cemment abord\u00e9e constitue le sujet d\u2019\u00e9tude principal de l\u2019\u00e9quipe pour les trois prochaines ann\u00e9es. Dans le domaine de l\u2019utilisation des lasers ultracourts, les applications vis\u00e9es concernent le domaine de l\u2019\u00e9nergie, la plasmonique, o\u00f9 des lasers de type femtoseconde sont utilis\u00e9s pour la structuration des mat\u00e9riaux et le m\u00e9dical.<\/p>\n<p>Les objectifs de l\u2019\u00e9quipe sont :<\/p>\n<ul>\n<li>Aboutir \u00e0 des \u00e9tudes quasi compl\u00e8tes des proc\u00e9d\u00e9s cit\u00e9s pr\u00e9c\u00e9demment en introduisant les param\u00e8tres li\u00e9s au mat\u00e9riau (param\u00e8tres thermo et \u00e9lectrophysiques, composition du mat\u00e9riau,\u2026), ceux li\u00e9s au faisceau laser (diam\u00e8tre de tache, polarisation, longueur d\u2019onde, effet de la d\u00e9focalisation,&#8230;), et aux conditions exp\u00e9rimentales (air ambiant, gaz de protection, gaz r\u00e9actif, turbulence, chocs,\u2026.).<\/li>\n<li>Proposer des mod\u00e9lisations valid\u00e9es exp\u00e9rimentalement avec les \u00e9quipements pr\u00e9sents (laser de marquage), avec l\u2019acquisition des \u00e9quipements pr\u00e9vus (laser de puissance et accessoires), ou \u00e0 travers les coop\u00e9rations internationales. Ceci permet par une approche scientifique de contribuer par la technologie \u00e0 l&rsquo;optimisation d&rsquo;un proc\u00e9d\u00e9 donn\u00e9, en g\u00e9n\u00e9ral non encore totalement ma\u00eetris\u00e9 sur le terrain.\u00a0Valoriser les mod\u00e8les \u00e9tablis par des publications, par des pr\u00e9sentations \u00e0 des conf\u00e9rences internationales de haut niveau, et breveter un produit ou un proc\u00e9d\u00e9.<\/li>\n<li>Investir les champs socio-\u00e9conomique en proposant un accompagnement et des param\u00e8tres op\u00e9ratoires optimaux pour une application donn\u00e9e, que l\u2019on retrouverait dans le secteur de l\u2019industrie (automobile, a\u00e9ronautique, spatial, naval), du m\u00e9dical, ou de l\u2019\u00e9nergie.<\/li>\n<\/ul>\n<p><strong>EXPERTISE ET SAVOIR FAIRE <\/strong><\/p>\n<p>Les membres de l&rsquo;\u00e9quipe TML ont d\u00e9velopp\u00e9 une expertise dans les domaines des applications au traitement des mat\u00e9riaux par laser, englobant le soudage profond, la d\u00e9coupe, le marquage, le rechargement, le formage. L\u2019\u00e9quipe TML utilise des approches th\u00e9oriques valid\u00e9es exp\u00e9rimentalement \u00e0 travers des collaborations avec des laboratoires \u00e9trangers (Laboratoire d\u2019Applications des Lasers Intenses d\u2019Arcueil, Ecole des Arts et de M\u00e9tiers de Paris, National Laser Centre de Pretoria,\u2026), comme elle utilise des moyens locaux pour effectuer des exp\u00e9riences.<\/p>\n<p>Parmi les disciplines impliqu\u00e9es et les th\u00e8mes d\u00e9velopp\u00e9s actuellement par l\u2019\u00e9quipe on retrouve\u00a0:<\/p>\n<ul>\n<li>\u00a0la dynamique des fluides et la thermodynamique,<\/li>\n<li>\u00a0l&rsquo;interaction laser-mati\u00e8re,<\/li>\n<li>le calcul \u00e0 l&rsquo;\u00e9chelle microscopique (ab-initio, dynamique mol\u00e9culaire) et macroscopique (ANSYS\/FLUENT CFD),<\/li>\n<li>la mod\u00e9lisation num\u00e9rique des proc\u00e9d\u00e9s laser par les m\u00e9thodes d\u2019\u00e9l\u00e9ments finis et de volumes finis (utilisation de codes commerciaux, codes ouverts, programmes sources, d\u00e9veloppement de proc\u00e9dures de calcul,\u2026)<\/li>\n<li>la fabrication additive par lasers continus ou quasi-continus \u00e0 forte ou moyenne puissance,<\/li>\n<li>\u00a0l&rsquo;utilisation des lasers ultracourts (femto-seconde) pour la structuration de surfaces est \u00e9galement abord\u00e9e par l&rsquo;\u00e9quipe.<\/li>\n<\/ul>\n<h3><\/h3>\n<h3 style=\"text-align: right;\"><span style=\"font-size: 16px;\">Chef d&rsquo;\u00e9quipe<\/span><\/h3>\n<h3 style=\"text-align: right;\"><strong>DR.Farida BRIHMAT-HAMADI (MRB)<\/strong><\/h3>\n","protected":false},"excerpt":{"rendered":"<p>\u00c9QUIPE TRAITEMENT DES MAT\u00c9RIAUX PAR LASER (TML)\u00a0 L\u2019\u00e9quipe Traitement des Mat\u00e9riaux par Laser (TML) a \u00e9t\u00e9 cr\u00e9\u00e9e en 2001, elle a pour mission de d\u00e9velopper une recherche de pointe sur l\u2019utilisation des lasers dans les proc\u00e9d\u00e9s de fabrication et d\u2019usinage aux \u00e9chelles micro et macroscopique. Cette recherche implique des approches th\u00e9oriques et exp\u00e9rimentales, qui mettent [&hellip;]<\/p>\n","protected":false},"author":46,"featured_media":14127,"parent":6946,"menu_order":1,"comment_status":"closed","ping_status":"closed","template":"division-page.php","meta":{"footnotes":""},"class_list":["post-6939","page","type-page","status-publish","has-post-thumbnail","hentry"],"_links":{"self":[{"href":"https:\/\/www.cdta.dz\/fr\/wp-json\/wp\/v2\/pages\/6939\/"}],"collection":[{"href":"https:\/\/www.cdta.dz\/fr\/wp-json\/wp\/v2\/pages\/"}],"about":[{"href":"https:\/\/www.cdta.dz\/fr\/wp-json\/wp\/v2\/types\/page\/"}],"author":[{"embeddable":true,"href":"https:\/\/www.cdta.dz\/fr\/wp-json\/wp\/v2\/users\/46\/"}],"replies":[{"embeddable":true,"href":"https:\/\/www.cdta.dz\/fr\/wp-json\/wp\/v2\/comments\/?post=6939"}],"version-history":[{"count":3,"href":"https:\/\/www.cdta.dz\/fr\/wp-json\/wp\/v2\/pages\/6939\/revisions\/"}],"predecessor-version":[{"id":17367,"href":"https:\/\/www.cdta.dz\/fr\/wp-json\/wp\/v2\/pages\/6939\/revisions\/17367\/"}],"up":[{"embeddable":true,"href":"https:\/\/www.cdta.dz\/fr\/wp-json\/wp\/v2\/pages\/6946\/"}],"wp:featuredmedia":[{"embeddable":true,"href":"https:\/\/www.cdta.dz\/fr\/wp-json\/wp\/v2\/media\/14127\/"}],"wp:attachment":[{"href":"https:\/\/www.cdta.dz\/fr\/wp-json\/wp\/v2\/media\/?parent=6939"}],"curies":[{"name":"wp","href":"https:\/\/api.w.org\/{rel}","templated":true}]}}