{"id":6943,"date":"2019-07-23T14:11:03","date_gmt":"2019-07-23T14:11:03","guid":{"rendered":"http:\/\/10.1.5.53\/?page_id=6943"},"modified":"2020-11-25T13:23:32","modified_gmt":"2020-11-25T13:23:32","slug":"equipe-technologie-des-systemes-laser","status":"publish","type":"page","link":"https:\/\/www.cdta.dz\/fr\/recherche-et-technologie\/divisions\/division-milieux-ionises-et-lasers\/equipes-de-la-division-mil\/equipe-technologie-des-systemes-laser\/","title":{"rendered":"\u00c9quipe Technologie des Syst\u00e8mes Laser"},"content":{"rendered":"<h2><strong>\u00c9quipe Technologie des Syst\u00e8mes Laser (TSL)<\/strong>\u00a0 \u00a0 <img decoding=\"async\" src=\"https:\/\/www.cdta.dz\/wp-content\/uploads\/2019\/07\/TSL-LOGO.jpg\" \/><\/h2>\n<p>&nbsp;<\/p>\n<p>L\u2019\u00e9quipe TSL (Technologie des Syst\u00e8mes Lasers) existe depuis plus de 30 ans sous d\u2019autres appellations \u00ab Laser et applications, Lasers \u00e0 gaz, lasers \u00e0 solide. Depuis sa cr\u00e9ation, l\u2019\u00e9quipe TSL s\u2019int\u00e9resse \u00e0 l\u2019aspect\u00a0 d\u00e9veloppement de lasers, ce qui a permis aux membres de l\u2019\u00e9quipe d\u2019acqu\u00e9rir un savoir-faire unique au niveau national dans le domaine des technologies lasers.<\/p>\n<p>Les activit\u00e9s de recherche de l\u2019\u00e9quipe Technologie des Syst\u00e8mes Laser (TSL) sont multidisciplinaires et ax\u00e9es, d\u2019une mani\u00e8re g\u00e9n\u00e9rale, sur la technologie des lasers et leurs applications.<\/p>\n<p>Les principaux\u00a0 th\u00e8mes de recherche de l\u2019\u00e9quipe TSL sont\u00a0:<\/p>\n<ul>\n<li>D\u00e9veloppement de lasers\u00a0 (technologie des lasers pomp\u00e9s par diodes laser, technologie des lasers solaires, technologie des lasers accordables (Oscillateurs Param\u00e9triques Optiques, \u2026)).<\/li>\n<li>D\u00e9tection active bas\u00e9e sur le laser\u00a0 (technique LiDAR., t\u00e9l\u00e9d\u00e9tection active).<\/li>\n<li>Exp\u00e9rimentation laser appliqu\u00e9e \u00e0 la micro gravure\u00a0(D\u00e9veloppement de syst\u00e8mes de micro-usinage par laser, \u2026).<\/li>\n<\/ul>\n<p>Les membres de l\u2019\u00e9quipe ont d\u00e9velopp\u00e9 \u00e0 travers les projets de d\u00e9veloppement une expertise et un savoir-faire unique au niveau national dans le domaine de la technologie des lasers, \u00e0 savoir\u00a0:<\/p>\n<ul>\n<li>Lasers \u00e0 solide pomp\u00e9s par lampes flash.<\/li>\n<li>Lasers \u00e0 gaz (Laser \u00e0 CO<sub>2 <\/sub>\u00e0 flux lent).<\/li>\n<li>Syst\u00e8mes d\u2019excitation pour lasers \u00e0 solide.<\/li>\n<li>Syst\u00e8mes de marquage \u00e0 base de lasers.<\/li>\n<li>Automatisation des syst\u00e8mes lasers.<\/li>\n<li>Instrumentations laser.<\/li>\n<li>Logiciels de conception optique (Zemax et Tracepro).<\/li>\n<\/ul>\n<h3 style=\"text-align: right;\"><strong><span style=\"font-size: 16px;\">Chef d\u2019\u00e9quipe<\/span><\/strong><\/h3>\n<h3 style=\"text-align: right;\"><strong>DR.Abdelkrim KEDADRA (MRA)<\/strong><\/h3>\n","protected":false},"excerpt":{"rendered":"<p>\u00c9quipe Technologie des Syst\u00e8mes Laser (TSL)\u00a0 \u00a0 &nbsp; L\u2019\u00e9quipe TSL (Technologie des Syst\u00e8mes Lasers) existe depuis plus de 30 ans sous d\u2019autres appellations \u00ab Laser et applications, Lasers \u00e0 gaz, lasers \u00e0 solide. Depuis sa cr\u00e9ation, l\u2019\u00e9quipe TSL s\u2019int\u00e9resse \u00e0 l\u2019aspect\u00a0 d\u00e9veloppement de lasers, ce qui a permis aux membres de l\u2019\u00e9quipe d\u2019acqu\u00e9rir un savoir-faire [&hellip;]<\/p>\n","protected":false},"author":46,"featured_media":12404,"parent":6946,"menu_order":0,"comment_status":"closed","ping_status":"closed","template":"division-page.php","meta":{"footnotes":""},"class_list":["post-6943","page","type-page","status-publish","has-post-thumbnail","hentry"],"_links":{"self":[{"href":"https:\/\/www.cdta.dz\/fr\/wp-json\/wp\/v2\/pages\/6943\/"}],"collection":[{"href":"https:\/\/www.cdta.dz\/fr\/wp-json\/wp\/v2\/pages\/"}],"about":[{"href":"https:\/\/www.cdta.dz\/fr\/wp-json\/wp\/v2\/types\/page\/"}],"author":[{"embeddable":true,"href":"https:\/\/www.cdta.dz\/fr\/wp-json\/wp\/v2\/users\/46\/"}],"replies":[{"embeddable":true,"href":"https:\/\/www.cdta.dz\/fr\/wp-json\/wp\/v2\/comments\/?post=6943"}],"version-history":[{"count":3,"href":"https:\/\/www.cdta.dz\/fr\/wp-json\/wp\/v2\/pages\/6943\/revisions\/"}],"predecessor-version":[{"id":17370,"href":"https:\/\/www.cdta.dz\/fr\/wp-json\/wp\/v2\/pages\/6943\/revisions\/17370\/"}],"up":[{"embeddable":true,"href":"https:\/\/www.cdta.dz\/fr\/wp-json\/wp\/v2\/pages\/6946\/"}],"wp:featuredmedia":[{"embeddable":true,"href":"https:\/\/www.cdta.dz\/fr\/wp-json\/wp\/v2\/media\/12404\/"}],"wp:attachment":[{"href":"https:\/\/www.cdta.dz\/fr\/wp-json\/wp\/v2\/media\/?parent=6943"}],"curies":[{"name":"wp","href":"https:\/\/api.w.org\/{rel}","templated":true}]}}