{"id":6946,"date":"2019-07-15T13:00:10","date_gmt":"2019-07-15T13:00:10","guid":{"rendered":"http:\/\/10.1.5.53\/?page_id=6946"},"modified":"2019-11-05T18:06:15","modified_gmt":"2019-11-05T18:06:15","slug":"equipes-de-la-division-mil","status":"publish","type":"page","link":"https:\/\/www.cdta.dz\/fr\/recherche-et-technologie\/divisions\/division-milieux-ionises-et-lasers\/equipes-de-la-division-mil\/","title":{"rendered":"\u00c9quipes de la division MIL"},"content":{"rendered":"<p>[vc_row][vc_column][vc_column_text]<\/p>\n<p style=\"text-align: justify;\">La Division Milieux Ionis\u00e9s &amp; Laser est compos\u00e9e de quatre \u00e9quipes de recherche :<\/p>\n<ul>\n<li style=\"text-align: justify;\"><a href=\"https:\/\/www.cdta.dz\/fr\/recherche-et-technologie\/divisions\/division-milieux-ionises-et-lasers\/equipes-de-la-division-mil\/equipe-interaction-laser-matiere\/\">\u00c9quipe Interaction Laser Mati\u00e8re \u00ab\u00a0ILM\u00a0\u00bb<\/a> &#8211; <a href=\"https:\/\/www.cdta.dz\/fr\/recherche-et-technologie\/divisions\/division-milieux-ionises-et-lasers\/equipes-de-la-division-mil\/equipe-interaction-laser-matiere\/membres-ilm\/\">Membres ILM<\/a><\/li>\n<li style=\"text-align: justify;\"><a href=\"https:\/\/www.cdta.dz\/fr\/recherche-et-technologie\/divisions\/division-milieux-ionises-et-lasers\/equipes-de-la-division-mil\/equipe-plasma-applications\/\">\u00c9quipe Plasmas et Applications \u00ab\u00a0P&amp;A\u00a0\u00bb<\/a> &#8211;\u00a0<a href=\"https:\/\/www.cdta.dz\/fr\/recherche-et-technologie\/divisions\/division-milieux-ionises-et-lasers\/equipes-de-la-division-mil\/equipe-plasma-applications\/membres-pa\/\">Membres P&amp;A<\/a><\/li>\n<li style=\"text-align: justify;\"><a href=\"https:\/\/www.cdta.dz\/fr\/recherche-et-technologie\/divisions\/division-milieux-ionises-et-lasers\/equipes-de-la-division-mil\/equipe-projection-thermique\/\">\u00c9quipe Projection Thermique \u00ab\u00a0PTh\u00a0\u00bb<\/a> &#8211; <a href=\"https:\/\/www.cdta.dz\/fr\/recherche-et-technologie\/divisions\/division-milieux-ionises-et-lasers\/equipes-de-la-division-mil\/equipe-projection-thermique\/membres-projection-thermique\/\">Membres PTh<\/a><\/li>\n<li style=\"text-align: justify;\"><a href=\"https:\/\/www.cdta.dz\/fr\/recherche-et-technologie\/divisions\/division-milieux-ionises-et-lasers\/equipes-de-la-division-mil\/equipe-traitement-des-materiaux-par-laser\/\">\u00c9quipe Traitement des Mat\u00e9riaux par Laser \u00ab\u00a0TML\u00a0\u00bb<\/a> &#8211; <a href=\"https:\/\/www.cdta.dz\/fr\/recherche-et-technologie\/divisions\/division-milieux-ionises-et-lasers\/equipes-de-la-division-mil\/equipe-traitement-des-materiaux-par-laser\/membres-tml\/\">Membres TML<\/a><\/li>\n<li style=\"text-align: justify;\"><a href=\"https:\/\/www.cdta.dz\/fr\/recherche-et-technologie\/divisions\/division-milieux-ionises-et-lasers\/equipes-de-la-division-mil\/equipe-technologie-des-systemes-laser\/\">\u00c9quipe Technologie des Syst\u00e8mes Laser \u00ab\u00a0TSL\u00a0\u00bb<\/a> &#8211;\u00a0<a href=\"https:\/\/www.cdta.dz\/fr\/recherche-et-technologie\/divisions\/division-milieux-ionises-et-lasers\/equipes-de-la-division-mil\/equipe-technologie-des-systemes-laser\/membres-tsl\/\">Membres TSL<\/a><\/li>\n<\/ul>\n<p>[\/vc_column_text][\/vc_column][vc_column][\/vc_column][\/vc_row]<\/p>\n","protected":false},"excerpt":{"rendered":"<p>[vc_row][vc_column][vc_column_text] La Division Milieux Ionis\u00e9s &amp; Laser est compos\u00e9e de quatre \u00e9quipes de recherche : \u00c9quipe Interaction Laser Mati\u00e8re \u00ab\u00a0ILM\u00a0\u00bb &#8211; Membres ILM \u00c9quipe Plasmas et Applications \u00ab\u00a0P&amp;A\u00a0\u00bb &#8211;\u00a0Membres P&amp;A \u00c9quipe Projection Thermique \u00ab\u00a0PTh\u00a0\u00bb &#8211; Membres PTh \u00c9quipe Traitement des Mat\u00e9riaux par Laser \u00ab\u00a0TML\u00a0\u00bb &#8211; Membres TML \u00c9quipe Technologie des Syst\u00e8mes Laser \u00ab\u00a0TSL\u00a0\u00bb &#8211;\u00a0Membres TSL [&hellip;]<\/p>\n","protected":false},"author":46,"featured_media":8938,"parent":5469,"menu_order":0,"comment_status":"closed","ping_status":"closed","template":"division-page.php","meta":{"footnotes":""},"class_list":["post-6946","page","type-page","status-publish","has-post-thumbnail","hentry"],"_links":{"self":[{"href":"https:\/\/www.cdta.dz\/fr\/wp-json\/wp\/v2\/pages\/6946\/"}],"collection":[{"href":"https:\/\/www.cdta.dz\/fr\/wp-json\/wp\/v2\/pages\/"}],"about":[{"href":"https:\/\/www.cdta.dz\/fr\/wp-json\/wp\/v2\/types\/page\/"}],"author":[{"embeddable":true,"href":"https:\/\/www.cdta.dz\/fr\/wp-json\/wp\/v2\/users\/46\/"}],"replies":[{"embeddable":true,"href":"https:\/\/www.cdta.dz\/fr\/wp-json\/wp\/v2\/comments\/?post=6946"}],"version-history":[{"count":0,"href":"https:\/\/www.cdta.dz\/fr\/wp-json\/wp\/v2\/pages\/6946\/revisions\/"}],"up":[{"embeddable":true,"href":"https:\/\/www.cdta.dz\/fr\/wp-json\/wp\/v2\/pages\/5469\/"}],"wp:featuredmedia":[{"embeddable":true,"href":"https:\/\/www.cdta.dz\/fr\/wp-json\/wp\/v2\/media\/8938\/"}],"wp:attachment":[{"href":"https:\/\/www.cdta.dz\/fr\/wp-json\/wp\/v2\/media\/?parent=6946"}],"curies":[{"name":"wp","href":"https:\/\/api.w.org\/{rel}","templated":true}]}}