{"id":6969,"date":"2019-07-30T08:50:38","date_gmt":"2019-07-30T08:50:38","guid":{"rendered":"http:\/\/10.1.5.53\/?page_id=6969"},"modified":"2019-10-20T08:04:55","modified_gmt":"2019-10-20T08:04:55","slug":"section-de-prototypage-des-circuits-imprimes","status":"publish","type":"page","link":"https:\/\/www.cdta.dz\/fr\/recherche-et-technologie\/plateformes-technologiques\/plateforme-de-micro-fabrication\/section-de-prototypage-des-circuits-imprimes\/","title":{"rendered":"Section de prototypage des circuits imprim\u00e9s"},"content":{"rendered":"<p>[vc_row][vc_column][vc_column_text]<\/p>\n<h1><span style=\"color: #3366ff\">Section de prototypage des circuits imprim\u00e9s<\/span><\/h1>\n<p>[\/vc_column_text][\/vc_column][\/vc_row][vc_row][vc_column][vc_single_image image=\u00a0\u00bb8227&Prime; img_size=\u00a0\u00bbfull\u00a0\u00bb][\/vc_column][\/vc_row][vc_row][vc_column][vc_column_text]La section de prototypage circuits imprim\u00e9s a pour mission la r\u00e9alisation de prototype de cartes \u00e9lectronique dont\u00a0 les phases de r\u00e9alisation sont les \u00a0suivantes:<\/p>\n<ul>\n<li>Gravure des cartes (simple faces, double faces et multicouche avec un maximum de huit (08) couches)<\/li>\n<li>M\u00e9tallisation des trous (VIAs)<\/li>\n<li>Vernissage des cartes<\/li>\n<li>S\u00e9rigraphie sur circuits imprim\u00e9s<\/li>\n<li>Pose et soudage des composants (CMS ou \u00e0 travers des trous)<\/li>\n<\/ul>\n<h3><span style=\"color: #3366ff\">Nos \u00e9quipements:<\/span><\/h3>\n<p>[\/vc_column_text][\/vc_column][\/vc_row][vc_row css_animation=\u00a0\u00bbbounceInLeft\u00a0\u00bb][vc_column width=\u00a0\u00bb1\/2&Prime;][vc_column_text]<\/p>\n<ul>\n<li><span style=\"color: #3366ff\"><strong>Protomat S63<\/strong><\/span>\n<ul>\n<li>Gravure des plaquettes PCB<\/li>\n<li>Gravure des stencils de soudage et de s\u00e9rigraphie<\/li>\n<li>Per\u00e7age des plaquettes<\/li>\n<li>D\u00e9coupe des plaquettes<\/li>\n<\/ul>\n<\/li>\n<\/ul>\n<p>[\/vc_column_text][\/vc_column][vc_column width=\u00a0\u00bb1\/2&Prime;][vc_single_image image=\u00a0\u00bb8234&Prime; alignment=\u00a0\u00bbright\u00a0\u00bb][\/vc_column][\/vc_row][vc_row css_animation=\u00a0\u00bbbounceInLeft\u00a0\u00bb][vc_column width=\u00a0\u00bb1\/2&Prime;][vc_column_text]<\/p>\n<ul>\n<li><span style=\"color: #3366ff\"><strong>MultiPress S<\/strong><\/span>\n<ul>\n<li>Assemblage des circuits multicouches<\/li>\n<\/ul>\n<\/li>\n<\/ul>\n<p>[\/vc_column_text][\/vc_column][vc_column width=\u00a0\u00bb1\/2&Prime;][vc_single_image image=\u00a0\u00bb8237&Prime; alignment=\u00a0\u00bbright\u00a0\u00bb][\/vc_column][\/vc_row][vc_row css_animation=\u00a0\u00bbbounceInLeft\u00a0\u00bb][vc_column width=\u00a0\u00bb1\/2&Prime;][vc_column_text]<\/p>\n<ul>\n<li><span style=\"color: #3366ff\"><strong>ProtoFlow S<\/strong><\/span>\n<ul>\n<li>four de brasage tendre par refusions<\/li>\n<\/ul>\n<\/li>\n<\/ul>\n<p>[\/vc_column_text][\/vc_column][vc_column width=\u00a0\u00bb1\/2&Prime;][vc_single_image image=\u00a0\u00bb8244&Prime; alignment=\u00a0\u00bbright\u00a0\u00bb][\/vc_column][\/vc_row][vc_row css_animation=\u00a0\u00bbbounceInLeft\u00a0\u00bb][vc_column width=\u00a0\u00bb1\/2&Prime;][vc_column_text]<\/p>\n<ul>\n<li><span style=\"color: #3366ff\"><strong>ProtoPlace S <\/strong><\/span>\n<ul>\n<li>Syst\u00e8me semi-automatique de placement des composants<\/li>\n<\/ul>\n<\/li>\n<\/ul>\n<p>[\/vc_column_text][\/vc_column][vc_column width=\u00a0\u00bb1\/2&Prime;][vc_single_image image=\u00a0\u00bb8248&Prime; alignment=\u00a0\u00bbright\u00a0\u00bb][\/vc_column][\/vc_row][vc_row css_animation=\u00a0\u00bbbounceInLeft\u00a0\u00bb][vc_column width=\u00a0\u00bb1\/2&Prime;][vc_column_text]<\/p>\n<ul>\n<li><span style=\"color: #3366ff\"><strong>LPKF ProtoPrint S<\/strong><\/span>\n<ul>\n<li>R\u00e9alisation des op\u00e9rations de s\u00e9rigraphies sur carte \u00e9lectronique<\/li>\n<\/ul>\n<\/li>\n<\/ul>\n<p>[\/vc_column_text][\/vc_column][vc_column width=\u00a0\u00bb1\/2&Prime;][vc_single_image image=\u00a0\u00bb8252&Prime; alignment=\u00a0\u00bbright\u00a0\u00bb][\/vc_column][\/vc_row][vc_row css_animation=\u00a0\u00bbbounceInLeft\u00a0\u00bb][vc_column width=\u00a0\u00bb1\/2&Prime;][vc_column_text]<\/p>\n<ul>\n<li><span style=\"color: #3366ff\"><strong>LPKF Contac S4 <\/strong><\/span>\n<ul>\n<li>M\u00e9tallisation des trous (VIAs)<\/li>\n<\/ul>\n<\/li>\n<\/ul>\n<p>[\/vc_column_text][\/vc_column][vc_column width=\u00a0\u00bb1\/2&Prime;][vc_single_image image=\u00a0\u00bb8256&Prime; alignment=\u00a0\u00bbright\u00a0\u00bb][\/vc_column][\/vc_row][vc_row][vc_column][vc_column_text]<\/p>\n<p>&nbsp;<\/p>\n<p style=\"text-align: right\"><strong>Mr. Mohamed Goudjil<\/strong><br \/>\n<strong>Chef de section<\/strong><br \/>\nEmail: mgoudjil@CDTA.DZ<\/p>\n<p>[\/vc_column_text][\/vc_column][\/vc_row][vc_row css_animation=\u00a0\u00bbbounceIn\u00a0\u00bb][vc_column][vc_column_text]<\/p>\n<h2><span style=\"color: #3366ff\"><strong>R\u00e8gles de dessin des circuits imprim\u00e9s<\/strong><\/span><\/h2>\n<p>Afin que nous puissions\u00a0 mener \u00e0 bien la r\u00e9alisation de vos\u00a0 cartes \u00e9lectroniques, les r\u00e8gles indiqu\u00e9es ci-dessous doivent \u00eatre respect\u00e9es lors de la conception des cartes.[\/vc_column_text][\/vc_column][\/vc_row][vc_row css_animation=\u00a0\u00bbfadeInDown\u00a0\u00bb][vc_column][vc_single_image image=\u00a0\u00bb8259&Prime; img_size=\u00a0\u00bbfull\u00a0\u00bb alignment=\u00a0\u00bbcenter\u00a0\u00bb][\/vc_column][\/vc_row][vc_row][vc_column][vc_btn title=\u00a0\u00bbFormulaire de demande de devis\u00a0\u00bb style=\u00a0\u00bbgradient\u00a0\u00bb gradient_color_2=\u00a0\u00bbsky\u00a0\u00bb align=\u00a0\u00bbcenter\u00a0\u00bb css_animation=\u00a0\u00bbbounceInLeft\u00a0\u00bb link=\u00a0\u00bburl:http%3A%2F%2Fwww.cdta.dz%2Fwp-content%2Fuploads%2F2019%2F09%2Fformulaire_demande_de_devis.xlsx|||\u00a0\u00bb][\/vc_column][\/vc_row]<\/p>\n","protected":false},"excerpt":{"rendered":"<p>[vc_row][vc_column][vc_column_text] Section de prototypage des circuits imprim\u00e9s [\/vc_column_text][\/vc_column][\/vc_row][vc_row][vc_column][vc_single_image image=\u00a0\u00bb8227&Prime; img_size=\u00a0\u00bbfull\u00a0\u00bb][\/vc_column][\/vc_row][vc_row][vc_column][vc_column_text]La section de prototypage circuits imprim\u00e9s a pour mission la r\u00e9alisation de prototype de cartes \u00e9lectronique dont\u00a0 les phases de r\u00e9alisation sont les \u00a0suivantes: Gravure des cartes (simple faces, double faces et multicouche avec un maximum de huit (08) couches) M\u00e9tallisation des trous (VIAs) Vernissage des [&hellip;]<\/p>\n","protected":false},"author":46,"featured_media":2195,"parent":5544,"menu_order":0,"comment_status":"closed","ping_status":"closed","template":"division-page.php","meta":{"footnotes":""},"class_list":["post-6969","page","type-page","status-publish","has-post-thumbnail","hentry"],"_links":{"self":[{"href":"https:\/\/www.cdta.dz\/fr\/wp-json\/wp\/v2\/pages\/6969\/"}],"collection":[{"href":"https:\/\/www.cdta.dz\/fr\/wp-json\/wp\/v2\/pages\/"}],"about":[{"href":"https:\/\/www.cdta.dz\/fr\/wp-json\/wp\/v2\/types\/page\/"}],"author":[{"embeddable":true,"href":"https:\/\/www.cdta.dz\/fr\/wp-json\/wp\/v2\/users\/46\/"}],"replies":[{"embeddable":true,"href":"https:\/\/www.cdta.dz\/fr\/wp-json\/wp\/v2\/comments\/?post=6969"}],"version-history":[{"count":0,"href":"https:\/\/www.cdta.dz\/fr\/wp-json\/wp\/v2\/pages\/6969\/revisions\/"}],"up":[{"embeddable":true,"href":"https:\/\/www.cdta.dz\/fr\/wp-json\/wp\/v2\/pages\/5544\/"}],"wp:featuredmedia":[{"embeddable":true,"href":"https:\/\/www.cdta.dz\/fr\/wp-json\/wp\/v2\/media\/2195\/"}],"wp:attachment":[{"href":"https:\/\/www.cdta.dz\/fr\/wp-json\/wp\/v2\/media\/?parent=6969"}],"curies":[{"name":"wp","href":"https:\/\/api.w.org\/{rel}","templated":true}]}}