{"id":6976,"date":"2019-07-23T14:13:46","date_gmt":"2019-07-23T14:13:46","guid":{"rendered":"http:\/\/10.1.5.53\/?page_id=6976"},"modified":"2022-06-27T08:14:48","modified_gmt":"2022-06-27T08:14:48","slug":"conception-des-systemes-embarques-cse","status":"publish","type":"page","link":"https:\/\/www.cdta.dz\/fr\/recherche-et-technologie\/divisions\/division-productique-et-robotique\/equipes-de-la-division-rp\/conception-des-systemes-embarques-cse\/","title":{"rendered":"Conception des Syst\u00e8mes Embarqu\u00e9s \u00ab\u00a0CSE\u00a0\u00bb"},"content":{"rendered":"<p style=\"text-align: center;\"><img loading=\"lazy\" decoding=\"async\" class=\"alignnone wp-image-8169\" src=\"https:\/\/www.cdta.dz\/wp-content\/uploads\/2019\/09\/Logo-CSE-1-300x122.png\" alt=\"\" width=\"246\" height=\"100\" srcset=\"https:\/\/www.cdta.dz\/wp-content\/uploads\/2019\/09\/Logo-CSE-1-300x122.png 300w, https:\/\/www.cdta.dz\/wp-content\/uploads\/2019\/09\/Logo-CSE-1-600x246.png 600w, https:\/\/www.cdta.dz\/wp-content\/uploads\/2019\/09\/Logo-CSE-1.png 605w\" sizes=\"auto, (max-width: 246px) 100vw, 246px\" \/><\/p>\n<p>&nbsp;<\/p>\n<p><strong>[vc_row][vc_column][vc_column_text el_class=\u00a0\u00bbtext-justify\u00a0\u00bb]<\/strong><\/p>\n<p style=\"text-align: left;\">L\u2019\u00e9quipe Conception des Syst\u00e8mes Embarqu\u00e9s m\u00e8ne des travaux sur :<\/p>\n<ul>\n<li>L&rsquo;optimisation des syst\u00e8mes distribu\u00e9s temps r\u00e9el embarqu\u00e9s,<\/li>\n<li>Le Co-design,<\/li>\n<li>La conception et la r\u00e9alisation d&rsquo;architectures logicielles et mat\u00e9rielles des syst\u00e8mes embarqu\u00e9s, IoT,\u00a0 SmartX et drones.<\/li>\n<li>Les architectures low-power.<\/li>\n<\/ul>\n<p><strong><u>Projets<\/u>\u00a0:<\/strong><\/p>\n<ul>\n<li><strong>FNR\u00a0:<\/strong><\/li>\n<\/ul>\n<p>Architectures embarqu\u00e9es de calcul Reconfigurable pour les syst\u00e8mes temps-r\u00e9el Haute Performance<\/p>\n<ul>\n<li><strong>Socio-\u00e9conomique\u00a0:<\/strong><\/li>\n<li style=\"list-style-type: none;\">\n<ul>\n<li>Capteur IP multifonction<\/li>\n<li>D\u00e9veloppement d\u2019un r\u00e9seau de communication sans fil \u00e0 longue port\u00e9e pour l\u2019internet des objets<\/li>\n<\/ul>\n<\/li>\n<\/ul>\n<p><strong>\u00c9quipements \\ logiciels\u00a0:<\/strong><\/p>\n<p>&nbsp;<\/p>\n<p><strong>Valorisation\u00a0:<\/strong><\/p>\n<ul>\n<li>S. Benahmed, O. Kermia, M. Tadjine \u201cThe Use of the Principle of Feedback Scheduling for Enhancing the Real-Time Paraplegic Knee Response\u201d, ICSC 2013, Alger<\/li>\n<li>I. Mezzah, H. Chemali, O. Kermia, V. Broulle, O. Abdelmalek ,\u201dAssertion Based On-line Fault Detection Applied on UHF RFID Tag \u201c , (IDT 2013), Marrakesh, Morocco.<\/li>\n<li>O. Kermia, R. Kechad, \u201dAn Effective Synchronization Cost Reduction Approach\u201d , EUC 2013, Zhangjiajie, China.<\/li>\n<li>I. Mezzah, H. Chemali, V. Broulle, O. Abdelmalek. \u201cUtilisation des blocs OVL pour la d\u00e9tection de fautes en ligne et application au tag RFID\u201d. Journ\u00e9e des Doctorants, SETIF,\u00a0 2013.<\/li>\n<li>R. Kechad \u201cROS, guide d\u2019installation et tutoriel\u00a0\u00bb Rapport Technique, CDTA, Septembre 2013<\/li>\n<li>R. Kechad \u201cXenomai, guide d\u2019installation\u00a0\u00bb. Rapport Technique, CDTA, Septembre 2013<\/li>\n<li>R. Kechad \u201c Ros et RTT, guide d\u2019installation et tutoriel\u00a0\u00bb Rapport Technique, CDTA, Septembre 2013<\/li>\n<li>Z. Guettatfi \u00ab\u00a0Conception d&rsquo;un Syst\u00e8me Embarqu\u00e9 Via MicroBlaze &#8211; FPGA SPARTAN 3E\u00a0\u00bb Rapport Technique, CDTA, Septembre 2014<\/li>\n<li>Mezzah et al. \u00abMCIP: An Effective and High Configurable 8-bit Microcontroller IP-Core\u00bb. SAI2015.<\/li>\n<li>Z. Guettatfi et al. \u00abOver Effective Hard-Real Time Hardware Tasks Scheduling and Allocation\u00bb. FLP2015.<\/li>\n<li>O. Kermia \u00abTiming Analysis of TTEthernet Traffic\u00bb. Journal of Circuits, Systems and Computers. 2015<\/li>\n<li>R. R. Benrezki et al. \u201cPassive Fault Tolerant Control of Quadrotor UAV Using a Nonlinear PID\u201d, ROBIO 2015.<\/li>\n<li>An effcient approach for the multiprocessor non-preemptive strictly periodic task scheduling<\/li>\n<\/ul>\n<p>problem, Omar Kermia, Journal of Systems Architecture, Elsevier.<\/p>\n<ul>\n<li>Schedulability Analysis and Efficient Scheduling of Rate Constrained Messages in the<\/li>\n<\/ul>\n<p>TTEthernet Protocol, Omar Kermia, Software : Practice and Experience, Wiley, 2017.<\/p>\n<ul>\n<li>Emulation-based fault analysis on RFID tags for robustness and security evaluation, Ibrahim<\/li>\n<\/ul>\n<p>Mezzah, Hamimi Chemali and Omar Kermia, Microelectronics Reliability, Elsevier, 2016.<\/p>\n<ul>\n<li>Zakarya Guettatfi, Philipp Hubner, Marco Platzner, Bernhard Rinner:<\/li>\n<\/ul>\n<p>Computational self-awareness as design approach for visual sensor nodes. ReCoSoC 2017<\/p>\n<ul>\n<li>Omar Kermia, On the scheduling of real-time preemptive strictly periodic tasks, CSA 2016,<\/li>\n<\/ul>\n<p>Alger, Alg\u00e9rie.<\/p>\n<ul>\n<li>Safia Benahmed, M. Tadjine, Omar Kermia: Adaptive super twisting controller: In search of a universal controller for the paraplegic knee movement using FES, 5th International Conference on Electrical Engineering &#8211; Boumerdes (ICEE-B), 2017.<\/li>\n<li>Safia Benahmed, M. Tadjine, Omar Kermia: Comparative study of non-linear controllers for the regulation of the paraplegic knee movement using functional electrical stimulation, Journal of Mechanics in Medicine and Biology, 2018<\/li>\n<li>R. Benrezki, A. Tayebi and M. Tadjine, \u201cAdaptive Trajectory Tracking Control for VTOL-UAVs with Unknown Inertia, Gyro-bias and Actuator LOE,\u201d International Journal of Robust and Nonlinear Control, Vol. 28, N. 17, pp. 5247\u20135261, 2018.<\/li>\n<\/ul>\n<p><strong>Collaboration\u00a0:<\/strong><\/p>\n<p>ENP<\/p>\n<p>Universit\u00e9 de Paderborn (Allemagne)<\/p>\n<p>Universit\u00e9 de Lakehead (Canada)<\/p>\n<p>&nbsp;<\/p>\n<p style=\"text-align: right;\"><strong>Chef d&rsquo;\u00e9quipe<\/strong><\/p>\n<p style=\"text-align: right;\"><strong>Dr. Mezzah Ibrahim, Ma\u00eetre de Recherche A<\/strong><\/p>\n<p><strong>[\/vc_column_text][\/vc_column][\/vc_row]<\/strong><\/p>\n<p>&nbsp;<\/p>\n","protected":false},"excerpt":{"rendered":"<p>&nbsp; [vc_row][vc_column][vc_column_text el_class=\u00a0\u00bbtext-justify\u00a0\u00bb] L\u2019\u00e9quipe Conception des Syst\u00e8mes Embarqu\u00e9s m\u00e8ne des travaux sur : L&rsquo;optimisation des syst\u00e8mes distribu\u00e9s temps r\u00e9el embarqu\u00e9s, Le Co-design, La conception et la r\u00e9alisation d&rsquo;architectures logicielles et mat\u00e9rielles des syst\u00e8mes embarqu\u00e9s, IoT,\u00a0 SmartX et drones. Les architectures low-power. Projets\u00a0: FNR\u00a0: Architectures embarqu\u00e9es de calcul Reconfigurable pour les syst\u00e8mes temps-r\u00e9el Haute Performance Socio-\u00e9conomique\u00a0: [&hellip;]<\/p>\n","protected":false},"author":46,"featured_media":8938,"parent":6874,"menu_order":0,"comment_status":"closed","ping_status":"closed","template":"division-page.php","meta":{"footnotes":""},"class_list":["post-6976","page","type-page","status-publish","has-post-thumbnail","hentry"],"_links":{"self":[{"href":"https:\/\/www.cdta.dz\/fr\/wp-json\/wp\/v2\/pages\/6976\/"}],"collection":[{"href":"https:\/\/www.cdta.dz\/fr\/wp-json\/wp\/v2\/pages\/"}],"about":[{"href":"https:\/\/www.cdta.dz\/fr\/wp-json\/wp\/v2\/types\/page\/"}],"author":[{"embeddable":true,"href":"https:\/\/www.cdta.dz\/fr\/wp-json\/wp\/v2\/users\/46\/"}],"replies":[{"embeddable":true,"href":"https:\/\/www.cdta.dz\/fr\/wp-json\/wp\/v2\/comments\/?post=6976"}],"version-history":[{"count":3,"href":"https:\/\/www.cdta.dz\/fr\/wp-json\/wp\/v2\/pages\/6976\/revisions\/"}],"predecessor-version":[{"id":135400,"href":"https:\/\/www.cdta.dz\/fr\/wp-json\/wp\/v2\/pages\/6976\/revisions\/135400\/"}],"up":[{"embeddable":true,"href":"https:\/\/www.cdta.dz\/fr\/wp-json\/wp\/v2\/pages\/6874\/"}],"wp:featuredmedia":[{"embeddable":true,"href":"https:\/\/www.cdta.dz\/fr\/wp-json\/wp\/v2\/media\/8938\/"}],"wp:attachment":[{"href":"https:\/\/www.cdta.dz\/fr\/wp-json\/wp\/v2\/media\/?parent=6976"}],"curies":[{"name":"wp","href":"https:\/\/api.w.org\/{rel}","templated":true}]}}