{"id":7009,"date":"2019-07-23T14:14:11","date_gmt":"2019-07-23T14:14:11","guid":{"rendered":"http:\/\/10.1.5.53\/?page_id=7009"},"modified":"2022-06-27T09:42:26","modified_gmt":"2022-06-27T09:42:26","slug":"membres-cfao","status":"publish","type":"page","link":"https:\/\/www.cdta.dz\/fr\/recherche-et-technologie\/divisions\/division-productique-et-robotique\/equipes-de-la-division-rp\/conception-et-fabrication-assistees-par-ordinateur-cfao\/membres-cfao\/","title":{"rendered":"Membres CFAO"},"content":{"rendered":"<p><strong><img loading=\"lazy\" decoding=\"async\" class=\"wp-image-8304 alignleft\" src=\"https:\/\/www.cdta.dz\/wp-content\/uploads\/2019\/09\/Profile-homme.jpg\" alt=\"\" width=\"110\" height=\"118\" \/>Bey Mohamed<\/strong><\/p>\n<p>Charg\u00e9 de recherche<\/p>\n<p><a href=\"mailto:mbey@cdta.dz\">mbey@cdta.dz<\/a><\/p>\n<p><a href=\"https:\/\/scholar.google.fr\/citations?hl=fr&amp;user=51F_--UAAAAJ\">Google Scholar citations<\/a><\/p>\n<p>&nbsp;<\/p>\n<p>&nbsp;<\/p>\n<p style=\"text-align: left;\"><strong><img loading=\"lazy\" decoding=\"async\" class=\"wp-image-8304 alignleft\" src=\"https:\/\/www.cdta.dz\/wp-content\/uploads\/2019\/09\/Profile-homme.jpg\" alt=\"\" width=\"110\" height=\"119\" \/>Abainia Sadredine<\/strong><\/p>\n<p>Ma\u00eetre de recherche B<\/p>\n<p><a href=\"mailto:sabainia@cdta.dz\">sabainia@cdta.dz<\/a><\/p>\n<p><a href=\"https:\/\/scholar.google.com\/citations?hl=fr&amp;user=9ZJc8DoAAAAJ\">Google Scholar citations<\/a><\/p>\n<p>&nbsp;<\/p>\n<p>&nbsp;<\/p>\n<p><strong>Remli Fethi<img loading=\"lazy\" decoding=\"async\" class=\" wp-image-7010 alignleft\" src=\"https:\/\/www.cdta.dz\/wp-content\/uploads\/2019\/07\/CFAO-Remli.png\" alt=\"\" width=\"107\" height=\"116\" \/><\/strong><\/p>\n<p>Ma\u00eetre de rcherche B<\/p>\n<p><a href=\"mailto:fremli@cdta.dz\">fremli@cdta.dz<\/a><\/p>\n<p><a href=\"https:\/\/scholar.google.com\/citations?view_op=list_works&amp;hl=fr&amp;user=VwiN-EAAAAAJ\">Google Scholar citations<\/a><\/p>\n<p>&nbsp;<\/p>\n<p>&nbsp;<\/p>\n<p><strong><img loading=\"lazy\" decoding=\"async\" class=\"wp-image-8301 alignleft\" src=\"https:\/\/www.cdta.dz\/wp-content\/uploads\/2019\/09\/Profile-femme.jpg\" alt=\"\" width=\"116\" height=\"125\" \/>Bouhadja Khadidja<\/strong><\/p>\n<p>Attach\u00e9e de recherche<\/p>\n<p><a href=\"mailto:kbouhadja@cdta.dz\">kbouhadja@cdta.dz<\/a><\/p>\n<p><a href=\"https:\/\/scholar.google.com\/citations?user=fcLxkYVgxYgC&amp;hl=fr\">Google Scholar citations<\/a><\/p>\n<p>&nbsp;<\/p>\n<p>&nbsp;<\/p>\n<p><strong><img loading=\"lazy\" decoding=\"async\" class=\"wp-image-8304 alignleft\" src=\"https:\/\/www.cdta.dz\/wp-content\/uploads\/2019\/09\/Profile-homme.jpg\" alt=\"\" width=\"115\" height=\"123\" \/><\/strong><\/p>\n<p><strong>Bendifallah Med El hassene<\/strong><\/p>\n<p>Ing\u00e9nieur conseiller<\/p>\n<p><a href=\"mailto:mbendifallah@cdta.dz\">mbendifallah@cdta.dz<\/a><\/p>\n<p>&nbsp;<\/p>\n<p>&nbsp;<\/p>\n<p><strong><img loading=\"lazy\" decoding=\"async\" class=\"wp-image-8301 alignleft\" src=\"https:\/\/www.cdta.dz\/wp-content\/uploads\/2019\/09\/Profile-femme.jpg\" alt=\"\" width=\"120\" height=\"130\" \/>Tchantchane Zahida<\/strong><\/p>\n<p>Charg\u00e9e d&rsquo;\u00e9tudes<\/p>\n<p><a href=\"mailto:ztchantchane@cdta.dz\">ztchantchane@cdta.dz<\/a><\/p>\n<p>&nbsp;<\/p>\n<p>&nbsp;<\/p>\n<p><strong><img loading=\"lazy\" decoding=\"async\" class=\"wp-image-8301 alignleft\" src=\"https:\/\/www.cdta.dz\/wp-content\/uploads\/2019\/09\/Profile-femme.jpg\" alt=\"\" width=\"120\" height=\"130\" \/>Ferhat Sahla<\/strong><\/p>\n<p>Ing\u00e9nieur de soutien \u00e0 la recherche<\/p>\n<p><a href=\"mailto:s_ferhat@cdta.dz\">s_ferhat@cdta.dz<\/a><\/p>\n","protected":false},"excerpt":{"rendered":"<p>Bey Mohamed Charg\u00e9 de recherche mbey@cdta.dz Google Scholar citations &nbsp; &nbsp; Abainia Sadredine Ma\u00eetre de recherche B sabainia@cdta.dz Google Scholar citations &nbsp; &nbsp; Remli Fethi Ma\u00eetre de rcherche B fremli@cdta.dz Google Scholar citations &nbsp; &nbsp; Bouhadja Khadidja Attach\u00e9e de recherche kbouhadja@cdta.dz Google Scholar citations &nbsp; &nbsp; Bendifallah Med El hassene Ing\u00e9nieur conseiller mbendifallah@cdta.dz &nbsp; &nbsp; [&hellip;]<\/p>\n","protected":false},"author":46,"featured_media":8938,"parent":8705,"menu_order":0,"comment_status":"closed","ping_status":"closed","template":"division-page.php","meta":{"footnotes":""},"class_list":["post-7009","page","type-page","status-publish","has-post-thumbnail","hentry"],"_links":{"self":[{"href":"https:\/\/www.cdta.dz\/fr\/wp-json\/wp\/v2\/pages\/7009\/"}],"collection":[{"href":"https:\/\/www.cdta.dz\/fr\/wp-json\/wp\/v2\/pages\/"}],"about":[{"href":"https:\/\/www.cdta.dz\/fr\/wp-json\/wp\/v2\/types\/page\/"}],"author":[{"embeddable":true,"href":"https:\/\/www.cdta.dz\/fr\/wp-json\/wp\/v2\/users\/46\/"}],"replies":[{"embeddable":true,"href":"https:\/\/www.cdta.dz\/fr\/wp-json\/wp\/v2\/comments\/?post=7009"}],"version-history":[{"count":3,"href":"https:\/\/www.cdta.dz\/fr\/wp-json\/wp\/v2\/pages\/7009\/revisions\/"}],"predecessor-version":[{"id":135460,"href":"https:\/\/www.cdta.dz\/fr\/wp-json\/wp\/v2\/pages\/7009\/revisions\/135460\/"}],"up":[{"embeddable":true,"href":"https:\/\/www.cdta.dz\/fr\/wp-json\/wp\/v2\/pages\/8705\/"}],"wp:featuredmedia":[{"embeddable":true,"href":"https:\/\/www.cdta.dz\/fr\/wp-json\/wp\/v2\/media\/8938\/"}],"wp:attachment":[{"href":"https:\/\/www.cdta.dz\/fr\/wp-json\/wp\/v2\/media\/?parent=7009"}],"curies":[{"name":"wp","href":"https:\/\/api.w.org\/{rel}","templated":true}]}}