{"id":7014,"date":"2019-07-23T14:13:55","date_gmt":"2019-07-23T14:13:55","guid":{"rendered":"http:\/\/10.1.5.53\/?page_id=7014"},"modified":"2022-06-27T08:43:26","modified_gmt":"2022-06-27T08:43:26","slug":"membres-controle","status":"publish","type":"page","link":"https:\/\/www.cdta.dz\/fr\/recherche-et-technologie\/divisions\/division-productique-et-robotique\/equipes-de-la-division-rp\/controle\/membres-controle\/","title":{"rendered":"Membres Contr\u00f4le"},"content":{"rendered":"<p>&nbsp;<\/p>\n<p><strong>Belhocine Mahmoud <img loading=\"lazy\" decoding=\"async\" class=\"wp-image-7053 alignleft\" src=\"https:\/\/www.cdta.dz\/wp-content\/uploads\/2019\/07\/IRVA-Belhocine.png\" alt=\"\" width=\"116\" height=\"113\" \/><\/strong><\/p>\n<p>Directeur de recherche<\/p>\n<p><a href=\"mailto:mbelhocine@cdta.dz\">mbelhocine@cdta.dz<\/a><\/p>\n<p><a href=\"https:\/\/scholar.google.fr\/citations?user=zNffBLcAAAAJ&amp;hl=fr\">Google Scholar citations<\/a><\/p>\n<p>&nbsp;<\/p>\n<p>&nbsp;<\/p>\n<p><strong>Yacef Fouad<img loading=\"lazy\" decoding=\"async\" class=\" wp-image-7016 alignleft\" src=\"https:\/\/www.cdta.dz\/wp-content\/uploads\/2019\/07\/Controle-Yacef.png\" alt=\"\" width=\"96\" height=\"123\" \/><\/strong><\/p>\n<p>Ma\u00eetre de recherche A<\/p>\n<p><a href=\"mailto:fyacef@cdta.dz\">fyacef@cdta.dz<\/a><\/p>\n<p><a href=\"https:\/\/scholar.google.fr\/citations?hl=fr&amp;user=1GqV1QoAAAAJ&amp;view_op=list_works&amp;sortby=pubdate\">Google Scholar citations<\/a><\/p>\n<p>&nbsp;<\/p>\n<p>&nbsp;<\/p>\n<p>&nbsp;<\/p>\n<p><strong><img loading=\"lazy\" decoding=\"async\" class=\"wp-image-8319 alignleft\" src=\"https:\/\/www.cdta.dz\/wp-content\/uploads\/2019\/09\/Profile-femme-1.jpg\" alt=\"\" width=\"119\" height=\"121\" srcset=\"https:\/\/www.cdta.dz\/wp-content\/uploads\/2019\/09\/Profile-femme-1.jpg 212w, https:\/\/www.cdta.dz\/wp-content\/uploads\/2019\/09\/Profile-femme-1-60x60.jpg 60w\" sizes=\"auto, (max-width: 119px) 100vw, 119px\" \/>Melkou Lamia<\/strong><\/p>\n<p>Ma\u00eetre de recherche B<\/p>\n<p><a href=\"mailto:lmelkou@cdta.dz\">lmelkou@cdta.dz<\/a><\/p>\n<p><a href=\"https:\/\/scholar.google.fr\/citations?hl=fr&amp;user=ltSuX9UAAAAJ\">Google Scholar citations<\/a><\/p>\n<p>&nbsp;<\/p>\n<p>&nbsp;<\/p>\n<p><strong><img loading=\"lazy\" decoding=\"async\" class=\"wp-image-10742 alignleft\" src=\"https:\/\/www.cdta.dz\/wp-content\/uploads\/2019\/10\/Mekhalfa-233x300.jpg\" alt=\"\" width=\"114\" height=\"147\" srcset=\"https:\/\/www.cdta.dz\/wp-content\/uploads\/2019\/10\/Mekhalfa-233x300.jpg 233w, https:\/\/www.cdta.dz\/wp-content\/uploads\/2019\/10\/Mekhalfa.jpg 248w\" sizes=\"auto, (max-width: 114px) 100vw, 114px\" \/>Mekhalfa Faiza<\/strong><\/p>\n<p>Ma\u00eetre de recherche B<\/p>\n<p><a href=\"mailto:fmekhalfa@cdta.dz\">fmekhalfa@cdta.dz<\/a><\/p>\n<p><a href=\"https:\/\/scholar.google.fr\/citations?user=b4kNs0wAAAAJ&amp;hl=fr\">Google Scholar citations<\/a><\/p>\n<p>&nbsp;<\/p>\n<p>&nbsp;<\/p>\n<p><strong><img loading=\"lazy\" decoding=\"async\" class=\"wp-image-8319 alignleft\" src=\"https:\/\/www.cdta.dz\/wp-content\/uploads\/2019\/09\/Profile-femme-1.jpg\" alt=\"\" width=\"119\" height=\"121\" srcset=\"https:\/\/www.cdta.dz\/wp-content\/uploads\/2019\/09\/Profile-femme-1.jpg 212w, https:\/\/www.cdta.dz\/wp-content\/uploads\/2019\/09\/Profile-femme-1-60x60.jpg 60w\" sizes=\"auto, (max-width: 119px) 100vw, 119px\" \/>Fellag Ratiba\u00a0<\/strong><\/p>\n<p>Ma\u00eetre de recherche B<\/p>\n<p><a href=\"mailto:rfellag@cdta.dz\">rfellag@cdta.dz<\/a><\/p>\n<p><a href=\"https:\/\/scholar.google.com\/citations?hl=fr&amp;user=gAIjkNcAAAAJ\">Google Scholar citations<\/a><\/p>\n<p>&nbsp;<\/p>\n<p>&nbsp;<\/p>\n<p><strong><img loading=\"lazy\" decoding=\"async\" class=\"wp-image-8319 alignleft\" src=\"https:\/\/www.cdta.dz\/wp-content\/uploads\/2019\/09\/Profile-femme-1.jpg\" alt=\"\" width=\"119\" height=\"121\" srcset=\"https:\/\/www.cdta.dz\/wp-content\/uploads\/2019\/09\/Profile-femme-1.jpg 212w, https:\/\/www.cdta.dz\/wp-content\/uploads\/2019\/09\/Profile-femme-1-60x60.jpg 60w\" sizes=\"auto, (max-width: 119px) 100vw, 119px\" \/>Chaib Khaoula<\/strong><\/p>\n<p>Attach\u00e9e de recherche<\/p>\n<p><a href=\"mailto:kchaib@cdta.dz\">kchaib@cdta.dz<\/a><\/p>\n<p><a href=\"https:\/\/scholar.google.fr\/citations?hl=fr&amp;user=RRiWdUcAAAAJ\">Google Scholar citations<\/a><\/p>\n<p>&nbsp;<\/p>\n<p>&nbsp;<\/p>\n<p><strong>Boussalem Chahira <img loading=\"lazy\" decoding=\"async\" class=\"size-full wp-image-7028 alignleft\" src=\"https:\/\/www.cdta.dz\/wp-content\/uploads\/2019\/07\/Controle-Boussalem.png\" alt=\"\" width=\"103\" height=\"111\" \/><\/strong><\/p>\n<p>Ing\u00e9nieur de recherche<\/p>\n<p><a href=\"mailto:cboussalem@cdta.dz\">cboussalem@cdta.dz<\/a><\/p>\n<p><a href=\"https:\/\/scholar.google.fr\/citations?view_op=list_works&amp;hl=fr&amp;user=WBaly3cAAAAJ\">Google Scholar citations<\/a><\/p>\n<p>&nbsp;<\/p>\n<p>&nbsp;<\/p>\n<p><strong><img loading=\"lazy\" decoding=\"async\" class=\"wp-image-8319 alignleft\" src=\"https:\/\/www.cdta.dz\/wp-content\/uploads\/2019\/09\/Profile-femme-1.jpg\" alt=\"\" width=\"119\" height=\"121\" srcset=\"https:\/\/www.cdta.dz\/wp-content\/uploads\/2019\/09\/Profile-femme-1.jpg 212w, https:\/\/www.cdta.dz\/wp-content\/uploads\/2019\/09\/Profile-femme-1-60x60.jpg 60w\" sizes=\"auto, (max-width: 119px) 100vw, 119px\" \/>Boudoua Syrine<\/strong><\/p>\n<p>Charg\u00e9e d\u2019\u00e9tudes<\/p>\n<p><a href=\"mailto:sboudoua@cdta.dz\">sboudoua@cdta.dz<\/a><\/p>\n<p><a href=\"https:\/\/scholar.google.com\/citations?hl=fr&amp;user=50WkINkAAAAJ\">Google Scholar citations<\/a><\/p>\n<p>&nbsp;<\/p>\n<p>&nbsp;<\/p>\n<p><strong><img loading=\"lazy\" decoding=\"async\" class=\"wp-image-8319 alignleft\" src=\"https:\/\/www.cdta.dz\/wp-content\/uploads\/2019\/09\/Profile-femme-1.jpg\" alt=\"\" width=\"119\" height=\"121\" srcset=\"https:\/\/www.cdta.dz\/wp-content\/uploads\/2019\/09\/Profile-femme-1.jpg 212w, https:\/\/www.cdta.dz\/wp-content\/uploads\/2019\/09\/Profile-femme-1-60x60.jpg 60w\" sizes=\"auto, (max-width: 119px) 100vw, 119px\" \/>Achour Zina<\/strong><\/p>\n<p>Ing\u00e9nieur principal<\/p>\n<p><a href=\"mailto:zachour@CDTA.DZ\">zachour@CDTA.DZ<\/a><\/p>\n<p><a href=\"https:\/\/scholar.google.fr\/citations?user=ApIYRvIAAAAJ&amp;hl=fr\">Google Scholar citations<\/a><\/p>\n<p>&nbsp;<\/p>\n<p>&nbsp;<\/p>\n<p><strong><img loading=\"lazy\" decoding=\"async\" class=\" wp-image-8316 alignleft\" src=\"https:\/\/www.cdta.dz\/wp-content\/uploads\/2019\/09\/Profile-homme-1.jpg\" alt=\"\" width=\"117\" height=\"117\" srcset=\"https:\/\/www.cdta.dz\/wp-content\/uploads\/2019\/09\/Profile-homme-1.jpg 216w, https:\/\/www.cdta.dz\/wp-content\/uploads\/2019\/09\/Profile-homme-1-150x150.jpg 150w, https:\/\/www.cdta.dz\/wp-content\/uploads\/2019\/09\/Profile-homme-1-200x200.jpg 200w, https:\/\/www.cdta.dz\/wp-content\/uploads\/2019\/09\/Profile-homme-1-60x60.jpg 60w\" sizes=\"auto, (max-width: 117px) 100vw, 117px\" \/><\/strong><\/p>\n<p><strong>Laouar Mahmoud\u00a0<\/strong><\/p>\n<p>Ing\u00e9nieur conseiller<\/p>\n<p><a href=\"mailto:mlaouar@cdta.dz\">mlaouar@cdta.dz<\/a><\/p>\n<p>&nbsp;<\/p>\n<p>&nbsp;<\/p>\n<p>&nbsp;<\/p>\n<p><strong><img loading=\"lazy\" decoding=\"async\" class=\" wp-image-8316 alignleft\" src=\"https:\/\/www.cdta.dz\/wp-content\/uploads\/2019\/09\/Profile-homme-1.jpg\" alt=\"\" width=\"113\" height=\"113\" srcset=\"https:\/\/www.cdta.dz\/wp-content\/uploads\/2019\/09\/Profile-homme-1.jpg 216w, https:\/\/www.cdta.dz\/wp-content\/uploads\/2019\/09\/Profile-homme-1-150x150.jpg 150w, https:\/\/www.cdta.dz\/wp-content\/uploads\/2019\/09\/Profile-homme-1-200x200.jpg 200w, https:\/\/www.cdta.dz\/wp-content\/uploads\/2019\/09\/Profile-homme-1-60x60.jpg 60w\" sizes=\"auto, (max-width: 113px) 100vw, 113px\" \/>Benbouali\u00a0Mohamed Riad<\/strong><\/p>\n<p>Ing\u00e9nieur de soutien \u00e0 la recherche<\/p>\n<p><a href=\"mailto:mbenbouali@cdta.dz\">mbenbouali@cdta.dz<\/a><\/p>\n","protected":false},"excerpt":{"rendered":"<p>&nbsp; Belhocine Mahmoud Directeur de recherche mbelhocine@cdta.dz Google Scholar citations &nbsp; &nbsp; Yacef Fouad Ma\u00eetre de recherche A fyacef@cdta.dz Google Scholar citations &nbsp; &nbsp; &nbsp; Melkou Lamia Ma\u00eetre de recherche B lmelkou@cdta.dz Google Scholar citations &nbsp; &nbsp; Mekhalfa Faiza Ma\u00eetre de recherche B fmekhalfa@cdta.dz Google Scholar citations &nbsp; &nbsp; Fellag Ratiba\u00a0 Ma\u00eetre de recherche B [&hellip;]<\/p>\n","protected":false},"author":46,"featured_media":8938,"parent":6954,"menu_order":0,"comment_status":"closed","ping_status":"closed","template":"division-page.php","meta":{"footnotes":""},"class_list":["post-7014","page","type-page","status-publish","has-post-thumbnail","hentry"],"_links":{"self":[{"href":"https:\/\/www.cdta.dz\/fr\/wp-json\/wp\/v2\/pages\/7014\/"}],"collection":[{"href":"https:\/\/www.cdta.dz\/fr\/wp-json\/wp\/v2\/pages\/"}],"about":[{"href":"https:\/\/www.cdta.dz\/fr\/wp-json\/wp\/v2\/types\/page\/"}],"author":[{"embeddable":true,"href":"https:\/\/www.cdta.dz\/fr\/wp-json\/wp\/v2\/users\/46\/"}],"replies":[{"embeddable":true,"href":"https:\/\/www.cdta.dz\/fr\/wp-json\/wp\/v2\/comments\/?post=7014"}],"version-history":[{"count":7,"href":"https:\/\/www.cdta.dz\/fr\/wp-json\/wp\/v2\/pages\/7014\/revisions\/"}],"predecessor-version":[{"id":135431,"href":"https:\/\/www.cdta.dz\/fr\/wp-json\/wp\/v2\/pages\/7014\/revisions\/135431\/"}],"up":[{"embeddable":true,"href":"https:\/\/www.cdta.dz\/fr\/wp-json\/wp\/v2\/pages\/6954\/"}],"wp:featuredmedia":[{"embeddable":true,"href":"https:\/\/www.cdta.dz\/fr\/wp-json\/wp\/v2\/media\/8938\/"}],"wp:attachment":[{"href":"https:\/\/www.cdta.dz\/fr\/wp-json\/wp\/v2\/media\/?parent=7014"}],"curies":[{"name":"wp","href":"https:\/\/api.w.org\/{rel}","templated":true}]}}