{"id":7035,"date":"2019-07-30T08:48:38","date_gmt":"2019-07-30T08:48:38","guid":{"rendered":"http:\/\/10.1.5.53\/?page_id=7035"},"modified":"2023-12-28T13:57:24","modified_gmt":"2023-12-28T13:57:24","slug":"membres-srp","status":"publish","type":"page","link":"https:\/\/www.cdta.dz\/fr\/recherche-et-technologie\/divisions\/division-productique-et-robotique\/equipes-de-la-division-rp\/systemes-robotises-de-production-srp\/membres-srp\/","title":{"rendered":"Membres SRP"},"content":{"rendered":"<p><strong>Akli Isma <img loading=\"lazy\" decoding=\"async\" class=\"size-full wp-image-7036 alignleft\" src=\"https:\/\/www.cdta.dz\/wp-content\/uploads\/2019\/07\/SRP-Akli.png\" alt=\"\" width=\"101\" height=\"113\" \/><\/strong><\/p>\n<p>Ma\u00eetre de recherche A<\/p>\n<p><a href=\"mailto:iakli@cdta.dz\">iakli@cdta.dz<\/a><\/p>\n<p><a href=\"https:\/\/scholar.google.fr\/citations?user=Z7oPhpoAAAAJ&amp;hl=fr\">Google Scholar citations<\/a><\/p>\n<p>&nbsp;<\/p>\n<p>&nbsp;<\/p>\n<p><strong><img loading=\"lazy\" decoding=\"async\" class=\"wp-image-10748 alignleft\" src=\"https:\/\/www.cdta.dz\/wp-content\/uploads\/2019\/10\/SRP-Hentout-232x300.png\" alt=\"\" width=\"101\" height=\"131\" srcset=\"https:\/\/www.cdta.dz\/wp-content\/uploads\/2019\/10\/SRP-Hentout-232x300.png 232w, https:\/\/www.cdta.dz\/wp-content\/uploads\/2019\/10\/SRP-Hentout.png 351w\" sizes=\"auto, (max-width: 101px) 100vw, 101px\" \/>Hentout Abdelfetah<\/strong><\/p>\n<p>Directeur de recherche<\/p>\n<p style=\"text-align: left;\"><a href=\"mailto:ahentout@CDTA.dz\">ahentout@CDTA.dz<\/a><\/p>\n<p style=\"text-align: left;\"><a href=\"https:\/\/scholar.google.com\/citations?hl=fr&amp;user=Aw9_czUAAAAJ\">Google Scholar citation<\/a><\/p>\n<p>&nbsp;<\/p>\n<p>&nbsp;<\/p>\n<p><strong><img loading=\"lazy\" decoding=\"async\" class=\" wp-image-8316 alignleft\" src=\"https:\/\/www.cdta.dz\/wp-content\/uploads\/2019\/09\/Profile-homme-1.jpg\" alt=\"\" width=\"117\" height=\"117\" srcset=\"https:\/\/www.cdta.dz\/wp-content\/uploads\/2019\/09\/Profile-homme-1.jpg 216w, https:\/\/www.cdta.dz\/wp-content\/uploads\/2019\/09\/Profile-homme-1-150x150.jpg 150w, https:\/\/www.cdta.dz\/wp-content\/uploads\/2019\/09\/Profile-homme-1-200x200.jpg 200w, https:\/\/www.cdta.dz\/wp-content\/uploads\/2019\/09\/Profile-homme-1-60x60.jpg 60w\" sizes=\"auto, (max-width: 117px) 100vw, 117px\" \/><\/strong><\/p>\n<p><strong>Kouider Ahmed<\/strong><\/p>\n<p>Ma\u00eetre de recherche B<\/p>\n<p><a href=\"mailto:akouider@cdta.dz\">akouider@cdta.dz<\/a><\/p>\n<p><a href=\"https:\/\/scholar.google.com\/citations?hl=fr&amp;user=RV4muqAAAAAJ\">Google Scholar citations<\/a><\/p>\n<p>&nbsp;<\/p>\n<p>&nbsp;<\/p>\n<p><strong><img loading=\"lazy\" decoding=\"async\" class=\" wp-image-8316 alignleft\" src=\"https:\/\/www.cdta.dz\/wp-content\/uploads\/2019\/09\/Profile-homme-1.jpg\" alt=\"\" width=\"117\" height=\"117\" srcset=\"https:\/\/www.cdta.dz\/wp-content\/uploads\/2019\/09\/Profile-homme-1.jpg 216w, https:\/\/www.cdta.dz\/wp-content\/uploads\/2019\/09\/Profile-homme-1-150x150.jpg 150w, https:\/\/www.cdta.dz\/wp-content\/uploads\/2019\/09\/Profile-homme-1-200x200.jpg 200w, https:\/\/www.cdta.dz\/wp-content\/uploads\/2019\/09\/Profile-homme-1-60x60.jpg 60w\" sizes=\"auto, (max-width: 117px) 100vw, 117px\" \/>Gaham<\/strong> <strong>Mehdi<\/strong><\/p>\n<p>Ma\u00eetre de recherche A<\/p>\n<p><a href=\"mailto:mgaham@cdta.dz\">mgaham@cdta.dz<\/a><\/p>\n<p><a href=\"https:\/\/scholar.google.com\/citations?hl=fr&amp;user=4G5b-jMAAAAJ\">Google Scholar citations<\/a><\/p>\n<p>&nbsp;<\/p>\n<p>&nbsp;<\/p>\n<p><strong><img loading=\"lazy\" decoding=\"async\" class=\" wp-image-8316 alignleft\" src=\"https:\/\/www.cdta.dz\/wp-content\/uploads\/2019\/09\/Profile-homme-1.jpg\" alt=\"\" width=\"117\" height=\"117\" srcset=\"https:\/\/www.cdta.dz\/wp-content\/uploads\/2019\/09\/Profile-homme-1.jpg 216w, https:\/\/www.cdta.dz\/wp-content\/uploads\/2019\/09\/Profile-homme-1-150x150.jpg 150w, https:\/\/www.cdta.dz\/wp-content\/uploads\/2019\/09\/Profile-homme-1-200x200.jpg 200w, https:\/\/www.cdta.dz\/wp-content\/uploads\/2019\/09\/Profile-homme-1-60x60.jpg 60w\" sizes=\"auto, (max-width: 117px) 100vw, 117px\" \/><\/strong><\/p>\n<p><strong>Mihoubi Bachir<\/strong><\/p>\n<p>Ma\u00eetre de recherche B<\/p>\n<p><a href=\"mailto:bmihoubi@cdta.dz\">bmihoubi@cdta.dz<\/a><\/p>\n<p>&nbsp;<\/p>\n<p>&nbsp;<\/p>\n<p>&nbsp;<\/p>\n<p><strong><img loading=\"lazy\" decoding=\"async\" class=\" wp-image-8316 alignleft\" src=\"https:\/\/www.cdta.dz\/wp-content\/uploads\/2019\/09\/Profile-homme-1.jpg\" alt=\"\" width=\"117\" height=\"117\" srcset=\"https:\/\/www.cdta.dz\/wp-content\/uploads\/2019\/09\/Profile-homme-1.jpg 216w, https:\/\/www.cdta.dz\/wp-content\/uploads\/2019\/09\/Profile-homme-1-150x150.jpg 150w, https:\/\/www.cdta.dz\/wp-content\/uploads\/2019\/09\/Profile-homme-1-200x200.jpg 200w, https:\/\/www.cdta.dz\/wp-content\/uploads\/2019\/09\/Profile-homme-1-60x60.jpg 60w\" sizes=\"auto, (max-width: 117px) 100vw, 117px\" \/>\u00a0Kadri Mohamed<\/strong><\/p>\n<p>Charg\u00e9 de recherche<\/p>\n<p><a href=\"mailto:mkadri@cdta.dz\">mkadri@cdta.dz<\/a><\/p>\n<p>&nbsp;<\/p>\n<p>&nbsp;<\/p>\n<p>&nbsp;<\/p>\n<p><strong>Meddourene Azouz <img loading=\"lazy\" decoding=\"async\" class=\"size-full wp-image-7045 alignleft\" src=\"https:\/\/www.cdta.dz\/wp-content\/uploads\/2019\/07\/SRP-Meddourene.png\" alt=\"\" width=\"86\" height=\"114\" \/><\/strong><\/p>\n<p>Attach\u00e9 de recherche<\/p>\n<p><a href=\"mailto:ameddourene@cdta.dz\">ameddourene@cdta.dz<\/a><\/p>\n<p><a href=\"https:\/\/scholar.google.fr\/citations?user=4Q2HBmoAAAAJ&amp;hl=fr\">Google Scholar citations<\/a><\/p>\n<p>&nbsp;<\/p>\n<p>&nbsp;<\/p>\n<p><strong><img loading=\"lazy\" decoding=\"async\" class=\" wp-image-8316 alignleft\" src=\"https:\/\/www.cdta.dz\/wp-content\/uploads\/2019\/09\/Profile-homme-1.jpg\" alt=\"\" width=\"117\" height=\"117\" srcset=\"https:\/\/www.cdta.dz\/wp-content\/uploads\/2019\/09\/Profile-homme-1.jpg 216w, https:\/\/www.cdta.dz\/wp-content\/uploads\/2019\/09\/Profile-homme-1-150x150.jpg 150w, https:\/\/www.cdta.dz\/wp-content\/uploads\/2019\/09\/Profile-homme-1-200x200.jpg 200w, https:\/\/www.cdta.dz\/wp-content\/uploads\/2019\/09\/Profile-homme-1-60x60.jpg 60w\" sizes=\"auto, (max-width: 117px) 100vw, 117px\" \/><\/strong><\/p>\n<p><strong>Bendjeloul Abdelhamid<\/strong><\/p>\n<p>Attach\u00e9 de recherche<\/p>\n<p><a href=\"mailto:babdelhamid@cdta.dz\">babdelhamid@cdta.dz<\/a><\/p>\n<p>&nbsp;<\/p>\n<p>&nbsp;<\/p>\n<p>&nbsp;<\/p>\n<p><strong><img loading=\"lazy\" decoding=\"async\" class=\"wp-image-8319 alignleft\" src=\"https:\/\/www.cdta.dz\/wp-content\/uploads\/2019\/09\/Profile-femme-1.jpg\" alt=\"\" width=\"120\" height=\"122\" srcset=\"https:\/\/www.cdta.dz\/wp-content\/uploads\/2019\/09\/Profile-femme-1.jpg 212w, https:\/\/www.cdta.dz\/wp-content\/uploads\/2019\/09\/Profile-femme-1-60x60.jpg 60w\" sizes=\"auto, (max-width: 120px) 100vw, 120px\" \/>Gacem Zohra<\/strong><\/p>\n<p>Ing\u00e9nieur de recherche<\/p>\n<p><a href=\"mailto:zgacem@cta.dz\">zgacem@cta.dz<\/a><\/p>\n<p>&nbsp;<\/p>\n<p>&nbsp;<\/p>\n<p>&nbsp;<\/p>\n","protected":false},"excerpt":{"rendered":"<p>Akli Isma Ma\u00eetre de recherche A iakli@cdta.dz Google Scholar citations &nbsp; &nbsp; Hentout Abdelfetah Directeur de recherche ahentout@CDTA.dz Google Scholar citation &nbsp; &nbsp; Kouider Ahmed Ma\u00eetre de recherche B akouider@cdta.dz Google Scholar citations &nbsp; &nbsp; Gaham Mehdi Ma\u00eetre de recherche A mgaham@cdta.dz Google Scholar citations &nbsp; &nbsp; Mihoubi Bachir Ma\u00eetre de recherche B bmihoubi@cdta.dz &nbsp; [&hellip;]<\/p>\n","protected":false},"author":46,"featured_media":8938,"parent":6970,"menu_order":0,"comment_status":"closed","ping_status":"closed","template":"division-page.php","meta":{"footnotes":""},"class_list":["post-7035","page","type-page","status-publish","has-post-thumbnail","hentry"],"_links":{"self":[{"href":"https:\/\/www.cdta.dz\/fr\/wp-json\/wp\/v2\/pages\/7035\/"}],"collection":[{"href":"https:\/\/www.cdta.dz\/fr\/wp-json\/wp\/v2\/pages\/"}],"about":[{"href":"https:\/\/www.cdta.dz\/fr\/wp-json\/wp\/v2\/types\/page\/"}],"author":[{"embeddable":true,"href":"https:\/\/www.cdta.dz\/fr\/wp-json\/wp\/v2\/users\/46\/"}],"replies":[{"embeddable":true,"href":"https:\/\/www.cdta.dz\/fr\/wp-json\/wp\/v2\/comments\/?post=7035"}],"version-history":[{"count":5,"href":"https:\/\/www.cdta.dz\/fr\/wp-json\/wp\/v2\/pages\/7035\/revisions\/"}],"predecessor-version":[{"id":194683,"href":"https:\/\/www.cdta.dz\/fr\/wp-json\/wp\/v2\/pages\/7035\/revisions\/194683\/"}],"up":[{"embeddable":true,"href":"https:\/\/www.cdta.dz\/fr\/wp-json\/wp\/v2\/pages\/6970\/"}],"wp:featuredmedia":[{"embeddable":true,"href":"https:\/\/www.cdta.dz\/fr\/wp-json\/wp\/v2\/media\/8938\/"}],"wp:attachment":[{"href":"https:\/\/www.cdta.dz\/fr\/wp-json\/wp\/v2\/media\/?parent=7035"}],"curies":[{"name":"wp","href":"https:\/\/api.w.org\/{rel}","templated":true}]}}