{"id":7070,"date":"2019-07-30T08:48:47","date_gmt":"2019-07-30T08:48:47","guid":{"rendered":"http:\/\/10.1.5.53\/?page_id=7070"},"modified":"2022-06-27T09:21:08","modified_gmt":"2022-06-27T09:21:08","slug":"membres-ncrm","status":"publish","type":"page","link":"https:\/\/www.cdta.dz\/fr\/recherche-et-technologie\/divisions\/division-productique-et-robotique\/equipes-de-la-division-rp\/navigation-et-controle-des-robots-mobiles-ncrm\/membres-ncrm\/","title":{"rendered":"Membres NCRM"},"content":{"rendered":"<p><strong><img loading=\"lazy\" decoding=\"async\" class=\" wp-image-8319 alignleft\" src=\"https:\/\/www.cdta.dz\/wp-content\/uploads\/2019\/09\/Profile-femme-1.jpg\" alt=\"\" width=\"114\" height=\"116\" srcset=\"https:\/\/www.cdta.dz\/wp-content\/uploads\/2019\/09\/Profile-femme-1.jpg 212w, https:\/\/www.cdta.dz\/wp-content\/uploads\/2019\/09\/Profile-femme-1-60x60.jpg 60w\" sizes=\"auto, (max-width: 114px) 100vw, 114px\" \/>Bouraine Sara<\/strong><\/p>\n<p>Ma\u00eetre de recherche A<\/p>\n<p><a href=\"mailto:sbouraine@cdta.dz\">sbouraine@cdta.dz<\/a><\/p>\n<p><a href=\"https:\/\/scholar.google.fr\/citations?user=r5-5SoEAAAAJ&amp;hl=fr\">Google Scholar citations<\/a><\/p>\n<p>&nbsp;<\/p>\n<p>&nbsp;<\/p>\n<p><strong><img loading=\"lazy\" decoding=\"async\" class=\" wp-image-8319 alignleft\" src=\"https:\/\/www.cdta.dz\/wp-content\/uploads\/2019\/09\/Profile-femme-1.jpg\" alt=\"\" width=\"114\" height=\"116\" srcset=\"https:\/\/www.cdta.dz\/wp-content\/uploads\/2019\/09\/Profile-femme-1.jpg 212w, https:\/\/www.cdta.dz\/wp-content\/uploads\/2019\/09\/Profile-femme-1-60x60.jpg 60w\" sizes=\"auto, (max-width: 114px) 100vw, 114px\" \/>Azouaoui Ouahiba<\/strong><\/p>\n<p>Directrice de recherche<\/p>\n<p><a href=\"mailto:oazouaoui@cdta.dz\">oazouaoui@cdta.dz<\/a><\/p>\n<p>&nbsp;<\/p>\n<p>&nbsp;<\/p>\n<p>&nbsp;<\/p>\n<p><strong>Ouadah Noureddine <img loading=\"lazy\" decoding=\"async\" class=\" wp-image-7071 alignleft\" src=\"https:\/\/www.cdta.dz\/wp-content\/uploads\/2019\/07\/NCRM-Ouadah.png\" alt=\"\" width=\"93\" height=\"114\" \/><\/strong><\/p>\n<p>Ma\u00eetre de recherche A<\/p>\n<p><a href=\"mailto:nouadah@cdta.dz\">nouadah@cdta.dz<\/a><\/p>\n<p><a href=\"https:\/\/scholar.google.fr\/citations?hl=fr&amp;user=p9NkW1UAAAAJ\">Google Scholar citations<\/a><\/p>\n<p>&nbsp;<\/p>\n<p>&nbsp;<\/p>\n<p>&nbsp;<\/p>\n<p><strong><img loading=\"lazy\" decoding=\"async\" class=\"wp-image-8316 alignleft\" src=\"https:\/\/www.cdta.dz\/wp-content\/uploads\/2019\/09\/Profile-homme-1.jpg\" alt=\"\" width=\"115\" height=\"115\" srcset=\"https:\/\/www.cdta.dz\/wp-content\/uploads\/2019\/09\/Profile-homme-1.jpg 216w, https:\/\/www.cdta.dz\/wp-content\/uploads\/2019\/09\/Profile-homme-1-150x150.jpg 150w, https:\/\/www.cdta.dz\/wp-content\/uploads\/2019\/09\/Profile-homme-1-200x200.jpg 200w, https:\/\/www.cdta.dz\/wp-content\/uploads\/2019\/09\/Profile-homme-1-60x60.jpg 60w\" sizes=\"auto, (max-width: 115px) 100vw, 115px\" \/>Khelloufi Abdellah<\/strong><\/p>\n<p>Ma\u00eetre de recherche B<\/p>\n<p><a href=\"mailto:akhelloufi@cdta.dz\">akhelloufi@cdta.dz<\/a><\/p>\n<p>&nbsp;<\/p>\n<p>&nbsp;<\/p>\n<p>&nbsp;<\/p>\n<p><strong><img loading=\"lazy\" decoding=\"async\" class=\"wp-image-8316 alignleft\" src=\"https:\/\/www.cdta.dz\/wp-content\/uploads\/2019\/09\/Profile-homme-1.jpg\" alt=\"\" width=\"117\" height=\"117\" srcset=\"https:\/\/www.cdta.dz\/wp-content\/uploads\/2019\/09\/Profile-homme-1.jpg 216w, https:\/\/www.cdta.dz\/wp-content\/uploads\/2019\/09\/Profile-homme-1-150x150.jpg 150w, https:\/\/www.cdta.dz\/wp-content\/uploads\/2019\/09\/Profile-homme-1-200x200.jpg 200w, https:\/\/www.cdta.dz\/wp-content\/uploads\/2019\/09\/Profile-homme-1-60x60.jpg 60w\" sizes=\"auto, (max-width: 117px) 100vw, 117px\" \/>Lakrouf Mustapha<\/strong><\/p>\n<p>Attach\u00e9 de recherche<\/p>\n<p><a href=\"mailto:mlakrouf@cdta.dz\">mlakrouf@cdta.dz<\/a><\/p>\n<p>&nbsp;<\/p>\n<p>&nbsp;<\/p>\n<p>&nbsp;<\/p>\n<p>&nbsp;<\/p>\n<p><strong><img loading=\"lazy\" decoding=\"async\" class=\"wp-image-8316 alignleft\" src=\"https:\/\/www.cdta.dz\/wp-content\/uploads\/2019\/09\/Profile-homme-1.jpg\" alt=\"\" width=\"115\" height=\"115\" srcset=\"https:\/\/www.cdta.dz\/wp-content\/uploads\/2019\/09\/Profile-homme-1.jpg 216w, https:\/\/www.cdta.dz\/wp-content\/uploads\/2019\/09\/Profile-homme-1-150x150.jpg 150w, https:\/\/www.cdta.dz\/wp-content\/uploads\/2019\/09\/Profile-homme-1-200x200.jpg 200w, https:\/\/www.cdta.dz\/wp-content\/uploads\/2019\/09\/Profile-homme-1-60x60.jpg 60w\" sizes=\"auto, (max-width: 115px) 100vw, 115px\" \/>Tiar Rachid<\/strong><\/p>\n<p>Ing\u00e9nieur conseiller<\/p>\n<p><a href=\"mailto:rtiar@cdta.dz\">rtiar@cdta.dz<\/a><\/p>\n<p><a href=\"https:\/\/scholar.google.fr\/citations?user=QdM8780AAAAJ&amp;hl=fr\">Google Scholar citations<\/a><\/p>\n<p>&nbsp;<\/p>\n<p>&nbsp;<\/p>\n<p><strong><img loading=\"lazy\" decoding=\"async\" class=\" wp-image-8319 alignleft\" src=\"https:\/\/www.cdta.dz\/wp-content\/uploads\/2019\/09\/Profile-femme-1.jpg\" alt=\"\" width=\"114\" height=\"116\" srcset=\"https:\/\/www.cdta.dz\/wp-content\/uploads\/2019\/09\/Profile-femme-1.jpg 212w, https:\/\/www.cdta.dz\/wp-content\/uploads\/2019\/09\/Profile-femme-1-60x60.jpg 60w\" sizes=\"auto, (max-width: 114px) 100vw, 114px\" \/>Kahlouche Souhila<\/strong><\/p>\n<p>Ing\u00e9nieur conseiller<\/p>\n<p><a href=\"mailto:skahlouche@cdta.dz\">skahlouche@cdta.dz<\/a><\/p>\n<p><a href=\"https:\/\/scholar.google.fr\/citations?hl=fr&amp;user=kSld4ewAAAAJ\">Google Scholar citations<\/a><\/p>\n<p>&nbsp;<\/p>\n<p>&nbsp;<\/p>\n<p><strong><img loading=\"lazy\" decoding=\"async\" class=\" wp-image-8319 alignleft\" src=\"https:\/\/www.cdta.dz\/wp-content\/uploads\/2019\/09\/Profile-femme-1.jpg\" alt=\"\" width=\"114\" height=\"116\" srcset=\"https:\/\/www.cdta.dz\/wp-content\/uploads\/2019\/09\/Profile-femme-1.jpg 212w, https:\/\/www.cdta.dz\/wp-content\/uploads\/2019\/09\/Profile-femme-1-60x60.jpg 60w\" sizes=\"auto, (max-width: 114px) 100vw, 114px\" \/>Hammadou Dalila<\/strong><\/p>\n<p>Ing\u00e9nieur conseiller<\/p>\n<p><a href=\"mailto:dhammadou@cdta.dz\">dhammadou@cdta.dz<\/a><\/p>\n<p>&nbsp;<\/p>\n<p>&nbsp;<\/p>\n<p>&nbsp;<\/p>\n<p><strong><img loading=\"lazy\" decoding=\"async\" class=\" wp-image-8319 alignleft\" src=\"https:\/\/www.cdta.dz\/wp-content\/uploads\/2019\/09\/Profile-femme-1.jpg\" alt=\"\" width=\"114\" height=\"116\" srcset=\"https:\/\/www.cdta.dz\/wp-content\/uploads\/2019\/09\/Profile-femme-1.jpg 212w, https:\/\/www.cdta.dz\/wp-content\/uploads\/2019\/09\/Profile-femme-1-60x60.jpg 60w\" sizes=\"auto, (max-width: 114px) 100vw, 114px\" \/>Brahimi Somia<\/strong><\/p>\n<p>Ing\u00e9nieur de soutien \u00e0 la recherche<\/p>\n<p><a href=\"mailto:sbrahimi@cdta.dz\">sbrahimi@cdta.dz<\/a><\/p>\n<p><a href=\"https:\/\/scholar.google.com\/citations?view_op=list_works&amp;hl=fr&amp;user=bRhpT2IAAAAJ\">Google Scholar citations<\/a><\/p>\n<p>&nbsp;<\/p>\n<p>&nbsp;<\/p>\n<p>&nbsp;<\/p>\n<p><strong><img loading=\"lazy\" decoding=\"async\" class=\" wp-image-8319 alignleft\" src=\"https:\/\/www.cdta.dz\/wp-content\/uploads\/2019\/09\/Profile-femme-1.jpg\" alt=\"\" width=\"114\" height=\"116\" srcset=\"https:\/\/www.cdta.dz\/wp-content\/uploads\/2019\/09\/Profile-femme-1.jpg 212w, https:\/\/www.cdta.dz\/wp-content\/uploads\/2019\/09\/Profile-femme-1-60x60.jpg 60w\" sizes=\"auto, (max-width: 114px) 100vw, 114px\" \/>Bellarbi Abir<\/strong><\/p>\n<p>Ing\u00e9nieur de soutien \u00e0 la recherche<\/p>\n<p>&nbsp;<\/p>\n<p>&nbsp;<\/p>\n<p>&nbsp;<\/p>\n<p><strong>Amer elkhedoud yasmina <img loading=\"lazy\" decoding=\"async\" class=\"size-full wp-image-7077 alignleft\" src=\"https:\/\/www.cdta.dz\/wp-content\/uploads\/2019\/07\/NCRM-Amer.png\" alt=\"\" width=\"97\" height=\"121\" \/><\/strong><\/p>\n<p>Ing\u00e9nieur de soutien \u00e0 la recherche<\/p>\n<p><a href=\"mailto:yamer@cdta.dz\">yamer@cdta.dz<\/a><\/p>\n<p><a href=\"https:\/\/scholar.google.fr\/citations?view_op=new_profile&amp;hl=fr\">Google Scholar citations<\/a><\/p>\n","protected":false},"excerpt":{"rendered":"<p>Bouraine Sara Ma\u00eetre de recherche A sbouraine@cdta.dz Google Scholar citations &nbsp; &nbsp; Azouaoui Ouahiba Directrice de recherche oazouaoui@cdta.dz &nbsp; &nbsp; &nbsp; Ouadah Noureddine Ma\u00eetre de recherche A nouadah@cdta.dz Google Scholar citations &nbsp; &nbsp; &nbsp; Khelloufi Abdellah Ma\u00eetre de recherche B akhelloufi@cdta.dz &nbsp; &nbsp; &nbsp; Lakrouf Mustapha Attach\u00e9 de recherche mlakrouf@cdta.dz &nbsp; &nbsp; &nbsp; &nbsp; Tiar [&hellip;]<\/p>\n","protected":false},"author":46,"featured_media":8938,"parent":6965,"menu_order":0,"comment_status":"closed","ping_status":"closed","template":"division-page.php","meta":{"footnotes":""},"class_list":["post-7070","page","type-page","status-publish","has-post-thumbnail","hentry"],"_links":{"self":[{"href":"https:\/\/www.cdta.dz\/fr\/wp-json\/wp\/v2\/pages\/7070\/"}],"collection":[{"href":"https:\/\/www.cdta.dz\/fr\/wp-json\/wp\/v2\/pages\/"}],"about":[{"href":"https:\/\/www.cdta.dz\/fr\/wp-json\/wp\/v2\/types\/page\/"}],"author":[{"embeddable":true,"href":"https:\/\/www.cdta.dz\/fr\/wp-json\/wp\/v2\/users\/46\/"}],"replies":[{"embeddable":true,"href":"https:\/\/www.cdta.dz\/fr\/wp-json\/wp\/v2\/comments\/?post=7070"}],"version-history":[{"count":6,"href":"https:\/\/www.cdta.dz\/fr\/wp-json\/wp\/v2\/pages\/7070\/revisions\/"}],"predecessor-version":[{"id":135449,"href":"https:\/\/www.cdta.dz\/fr\/wp-json\/wp\/v2\/pages\/7070\/revisions\/135449\/"}],"up":[{"embeddable":true,"href":"https:\/\/www.cdta.dz\/fr\/wp-json\/wp\/v2\/pages\/6965\/"}],"wp:featuredmedia":[{"embeddable":true,"href":"https:\/\/www.cdta.dz\/fr\/wp-json\/wp\/v2\/media\/8938\/"}],"wp:attachment":[{"href":"https:\/\/www.cdta.dz\/fr\/wp-json\/wp\/v2\/media\/?parent=7070"}],"curies":[{"name":"wp","href":"https:\/\/api.w.org\/{rel}","templated":true}]}}