{"id":7080,"date":"2019-07-30T08:48:34","date_gmt":"2019-07-30T08:48:34","guid":{"rendered":"http:\/\/10.1.5.53\/?page_id=7080"},"modified":"2022-06-26T14:55:04","modified_gmt":"2022-06-26T14:55:04","slug":"membres-cse","status":"publish","type":"page","link":"https:\/\/www.cdta.dz\/fr\/recherche-et-technologie\/divisions\/division-productique-et-robotique\/equipes-de-la-division-rp\/conception-des-systemes-embarques-cse\/membres-cse\/","title":{"rendered":"Membres CSE"},"content":{"rendered":"<p><strong>Mezzah Ibrahim <img loading=\"lazy\" decoding=\"async\" class=\" wp-image-7081 alignleft\" src=\"https:\/\/www.cdta.dz\/wp-content\/uploads\/2019\/07\/CSE-Mezzah.png\" alt=\"\" width=\"105\" height=\"124\" \/><\/strong><\/p>\n<p>Ma\u00eetre de recherche A<\/p>\n<p><a href=\"mailto:imezzah@cdta.dz\">imezzah@cdta.dz<\/a><\/p>\n<p><a href=\"https:\/\/scholar.google.fr\/citations?hl=fr&amp;user=YxSmD1sAAAAJ\">Google Scholar citations<\/a><\/p>\n<p>&nbsp;<\/p>\n<p>&nbsp;<\/p>\n<p><strong><img loading=\"lazy\" decoding=\"async\" class=\" wp-image-8316 alignleft\" src=\"https:\/\/www.cdta.dz\/wp-content\/uploads\/2019\/09\/Profile-homme-1.jpg\" alt=\"\" width=\"126\" height=\"126\" srcset=\"https:\/\/www.cdta.dz\/wp-content\/uploads\/2019\/09\/Profile-homme-1.jpg 216w, https:\/\/www.cdta.dz\/wp-content\/uploads\/2019\/09\/Profile-homme-1-150x150.jpg 150w, https:\/\/www.cdta.dz\/wp-content\/uploads\/2019\/09\/Profile-homme-1-200x200.jpg 200w, https:\/\/www.cdta.dz\/wp-content\/uploads\/2019\/09\/Profile-homme-1-60x60.jpg 60w\" sizes=\"auto, (max-width: 126px) 100vw, 126px\" \/>Kermia Omar\u00a0<\/strong><\/p>\n<p>Ma\u00eetre de recherche A<\/p>\n<p><a href=\"mailto:okermia@cdta.dz\">okermia@cdta.dz<\/a><\/p>\n<p><a href=\"https:\/\/scholar.google.com\/citations?user=-bikpJKDTF0C&amp;hl=fr\">Google Scholar citations<\/a><\/p>\n<p>&nbsp;<\/p>\n<p>&nbsp;<\/p>\n<p><strong><img loading=\"lazy\" decoding=\"async\" class=\" wp-image-8316 alignleft\" src=\"https:\/\/www.cdta.dz\/wp-content\/uploads\/2019\/09\/Profile-homme-1.jpg\" alt=\"\" width=\"126\" height=\"126\" srcset=\"https:\/\/www.cdta.dz\/wp-content\/uploads\/2019\/09\/Profile-homme-1.jpg 216w, https:\/\/www.cdta.dz\/wp-content\/uploads\/2019\/09\/Profile-homme-1-150x150.jpg 150w, https:\/\/www.cdta.dz\/wp-content\/uploads\/2019\/09\/Profile-homme-1-200x200.jpg 200w, https:\/\/www.cdta.dz\/wp-content\/uploads\/2019\/09\/Profile-homme-1-60x60.jpg 60w\" sizes=\"auto, (max-width: 126px) 100vw, 126px\" \/>Tchenderli-Braham Smain Azzedine<\/strong><\/p>\n<p>Ma\u00eetre de recherche B<\/p>\n<p><a href=\"mailto:stchenderli@cdta.dz\">stchenderli@cdta.dz<\/a><\/p>\n<p>&nbsp;<\/p>\n<p>&nbsp;<\/p>\n<p>&nbsp;<\/p>\n<p><strong>Benahmed Safia <img loading=\"lazy\" decoding=\"async\" class=\" wp-image-7084 alignleft\" src=\"https:\/\/www.cdta.dz\/wp-content\/uploads\/2019\/07\/CSE-Benahmed.png\" alt=\"\" width=\"99\" height=\"126\" \/><\/strong><\/p>\n<p>Ma\u00eetre de recherche B<\/p>\n<p><a href=\"mailto:sbenahmed@cdta.dz\">sbenahmed@cdta.dz<\/a><\/p>\n<p><a href=\"https:\/\/scholar.google.fr\/citations?user=Yg0ICxYAAAAJ&amp;hl=fr\">Google Scholar citations<\/a><\/p>\n<p>&nbsp;<\/p>\n<p>&nbsp;<\/p>\n<p><strong><img loading=\"lazy\" decoding=\"async\" class=\" wp-image-8316 alignleft\" src=\"https:\/\/www.cdta.dz\/wp-content\/uploads\/2019\/09\/Profile-homme-1.jpg\" alt=\"\" width=\"126\" height=\"126\" srcset=\"https:\/\/www.cdta.dz\/wp-content\/uploads\/2019\/09\/Profile-homme-1.jpg 216w, https:\/\/www.cdta.dz\/wp-content\/uploads\/2019\/09\/Profile-homme-1-150x150.jpg 150w, https:\/\/www.cdta.dz\/wp-content\/uploads\/2019\/09\/Profile-homme-1-200x200.jpg 200w, https:\/\/www.cdta.dz\/wp-content\/uploads\/2019\/09\/Profile-homme-1-60x60.jpg 60w\" sizes=\"auto, (max-width: 126px) 100vw, 126px\" \/>Benrezki Rabie Riadh\u00a0<\/strong><\/p>\n<p>Ma\u00eetre de recherche B<\/p>\n<p><a href=\"mailto:rbenrezki@cdta.dz\">rbenrezki@cdta.dz<\/a><\/p>\n<p><a href=\"https:\/\/scholar.google.com\/citations?user=fIWdNnQAAAAJ&amp;hl=fr&amp;oi=ao\">Google Scholar citations<\/a><\/p>\n<p>&nbsp;<\/p>\n<p>&nbsp;<\/p>\n<p><strong><img loading=\"lazy\" decoding=\"async\" class=\" wp-image-8316 alignleft\" src=\"https:\/\/www.cdta.dz\/wp-content\/uploads\/2019\/09\/Profile-homme-1.jpg\" alt=\"\" width=\"126\" height=\"126\" srcset=\"https:\/\/www.cdta.dz\/wp-content\/uploads\/2019\/09\/Profile-homme-1.jpg 216w, https:\/\/www.cdta.dz\/wp-content\/uploads\/2019\/09\/Profile-homme-1-150x150.jpg 150w, https:\/\/www.cdta.dz\/wp-content\/uploads\/2019\/09\/Profile-homme-1-200x200.jpg 200w, https:\/\/www.cdta.dz\/wp-content\/uploads\/2019\/09\/Profile-homme-1-60x60.jpg 60w\" sizes=\"auto, (max-width: 126px) 100vw, 126px\" \/>Guettafi\u00a0Zakarya\u00a0<\/strong><\/p>\n<p>Attach\u00e9 de recherche<\/p>\n<p><a href=\"mailto:zguettatfi@cdta.dz\">zguettatfi@cdta.dz<\/a><\/p>\n<p>&nbsp;<\/p>\n<p>&nbsp;<\/p>\n<p>&nbsp;<\/p>\n<p><strong>Kechad Ramdane <img loading=\"lazy\" decoding=\"async\" class=\"size-full wp-image-7087 alignleft\" src=\"https:\/\/www.cdta.dz\/wp-content\/uploads\/2019\/07\/CSE-Kechad.png\" alt=\"\" width=\"104\" height=\"139\" \/><\/strong><\/p>\n<p>Ing\u00e9nieur de soutien \u00e0 la recherche<\/p>\n<p><a href=\"mailto:rkechad@cdta.dz\">rkechad@cdta.dz<\/a><\/p>\n<p><a href=\"https:\/\/scholar.google.fr\/citations?hl=fr&amp;user=WAtlQX0AAAAJ\">Google Scholar citations<\/a><\/p>\n<p>&nbsp;<\/p>\n<p>&nbsp;<\/p>\n<p><strong><img loading=\"lazy\" decoding=\"async\" class=\" wp-image-8316 alignleft\" src=\"https:\/\/www.cdta.dz\/wp-content\/uploads\/2019\/09\/Profile-homme-1.jpg\" alt=\"\" width=\"126\" height=\"126\" srcset=\"https:\/\/www.cdta.dz\/wp-content\/uploads\/2019\/09\/Profile-homme-1.jpg 216w, https:\/\/www.cdta.dz\/wp-content\/uploads\/2019\/09\/Profile-homme-1-150x150.jpg 150w, https:\/\/www.cdta.dz\/wp-content\/uploads\/2019\/09\/Profile-homme-1-200x200.jpg 200w, https:\/\/www.cdta.dz\/wp-content\/uploads\/2019\/09\/Profile-homme-1-60x60.jpg 60w\" sizes=\"auto, (max-width: 126px) 100vw, 126px\" \/><\/strong>\u00a0 <strong>Demri Fay\u00e7al<\/strong><\/p>\n<p>Ing\u00e9nieur de soutien \u00e0 la recherche<\/p>\n<p><a href=\"mailto:fdemri@cdta.dz\">fdemri@cdta.dz<\/a><\/p>\n","protected":false},"excerpt":{"rendered":"<p>Mezzah Ibrahim Ma\u00eetre de recherche A imezzah@cdta.dz Google Scholar citations &nbsp; &nbsp; Kermia Omar\u00a0 Ma\u00eetre de recherche A okermia@cdta.dz Google Scholar citations &nbsp; &nbsp; Tchenderli-Braham Smain Azzedine Ma\u00eetre de recherche B stchenderli@cdta.dz &nbsp; &nbsp; &nbsp; Benahmed Safia Ma\u00eetre de recherche B sbenahmed@cdta.dz Google Scholar citations &nbsp; &nbsp; Benrezki Rabie Riadh\u00a0 Ma\u00eetre de recherche B rbenrezki@cdta.dz [&hellip;]<\/p>\n","protected":false},"author":46,"featured_media":8938,"parent":6976,"menu_order":0,"comment_status":"closed","ping_status":"closed","template":"division-page.php","meta":{"footnotes":""},"class_list":["post-7080","page","type-page","status-publish","has-post-thumbnail","hentry"],"_links":{"self":[{"href":"https:\/\/www.cdta.dz\/fr\/wp-json\/wp\/v2\/pages\/7080\/"}],"collection":[{"href":"https:\/\/www.cdta.dz\/fr\/wp-json\/wp\/v2\/pages\/"}],"about":[{"href":"https:\/\/www.cdta.dz\/fr\/wp-json\/wp\/v2\/types\/page\/"}],"author":[{"embeddable":true,"href":"https:\/\/www.cdta.dz\/fr\/wp-json\/wp\/v2\/users\/46\/"}],"replies":[{"embeddable":true,"href":"https:\/\/www.cdta.dz\/fr\/wp-json\/wp\/v2\/comments\/?post=7080"}],"version-history":[{"count":2,"href":"https:\/\/www.cdta.dz\/fr\/wp-json\/wp\/v2\/pages\/7080\/revisions\/"}],"predecessor-version":[{"id":135372,"href":"https:\/\/www.cdta.dz\/fr\/wp-json\/wp\/v2\/pages\/7080\/revisions\/135372\/"}],"up":[{"embeddable":true,"href":"https:\/\/www.cdta.dz\/fr\/wp-json\/wp\/v2\/pages\/6976\/"}],"wp:featuredmedia":[{"embeddable":true,"href":"https:\/\/www.cdta.dz\/fr\/wp-json\/wp\/v2\/media\/8938\/"}],"wp:attachment":[{"href":"https:\/\/www.cdta.dz\/fr\/wp-json\/wp\/v2\/media\/?parent=7080"}],"curies":[{"name":"wp","href":"https:\/\/api.w.org\/{rel}","templated":true}]}}