{"id":7515,"date":"2019-09-17T10:37:00","date_gmt":"2019-09-17T10:37:00","guid":{"rendered":"http:\/\/10.1.5.53\/?page_id=7515"},"modified":"2019-10-15T09:55:58","modified_gmt":"2019-10-15T09:55:58","slug":"formation-procedes-microelectroniques","status":"publish","type":"page","link":"https:\/\/www.cdta.dz\/fr\/recherche-et-technologie\/plateformes-technologiques\/plateforme-de-micro-fabrication\/formation-et-prestations\/formation-procedes-microelectroniques\/","title":{"rendered":"Formation sur les Proc\u00e9d\u00e9s Micro\u00e9lectroniques"},"content":{"rendered":"<h1><span style=\"color: #4f81ba\">Formation sur les Proc\u00e9d\u00e9s Micro\u00e9lectroniques<\/span><\/h1>\n<p>Cette formation donne une approche compl\u00e8te, th\u00e9orique et pratique, sur les op\u00e9rations fondamentales de fabrication des circuits int\u00e9gr\u00e9s sur silicium. Elle s\u2019adresse aux ing\u00e9nieurs, techniciens et \u00e9tudiants qui souhaitent acqu\u00e9rir les notions de base en micro\u00e9lectronique et s\u2019impr\u00e9gner de l&rsquo;environnement li\u00e9 \u00e0 l&rsquo;industrie des semi-conducteurs.<\/p>\n<div class=\"alert alert-grey\" role=\"alert\">\n<h4 class=\"alert-heading\" style=\"color: #4f81ba\"><i class=\"fa fa-info-circle\"><\/i>\u00a0Infos<\/h4>\n<h5 style=\"color: #d79796;margin: 0\">Tarifs valables pour un groupe de 5 \u00e9tudiants maximum.<\/h5>\n<p>B\u00e9n\u00e9ficiez d\u2019une r\u00e9duction des tarifs si vous optez pour des packs incluant plusieurs formations.<\/p>\n<\/div>\n","protected":false},"excerpt":{"rendered":"<p>Formation sur les Proc\u00e9d\u00e9s Micro\u00e9lectroniques Cette formation donne une approche compl\u00e8te, th\u00e9orique et pratique, sur les op\u00e9rations fondamentales de fabrication des circuits int\u00e9gr\u00e9s sur silicium. Elle s\u2019adresse aux ing\u00e9nieurs, techniciens et \u00e9tudiants qui souhaitent acqu\u00e9rir les notions de base en micro\u00e9lectronique et s\u2019impr\u00e9gner de l&rsquo;environnement li\u00e9 \u00e0 l&rsquo;industrie des semi-conducteurs. \u00a0Infos Tarifs valables pour un [&hellip;]<\/p>\n","protected":false},"author":46,"featured_media":2195,"parent":6076,"menu_order":0,"comment_status":"closed","ping_status":"closed","template":"division-page.php","meta":{"footnotes":""},"class_list":["post-7515","page","type-page","status-publish","has-post-thumbnail","hentry"],"_links":{"self":[{"href":"https:\/\/www.cdta.dz\/fr\/wp-json\/wp\/v2\/pages\/7515\/"}],"collection":[{"href":"https:\/\/www.cdta.dz\/fr\/wp-json\/wp\/v2\/pages\/"}],"about":[{"href":"https:\/\/www.cdta.dz\/fr\/wp-json\/wp\/v2\/types\/page\/"}],"author":[{"embeddable":true,"href":"https:\/\/www.cdta.dz\/fr\/wp-json\/wp\/v2\/users\/46\/"}],"replies":[{"embeddable":true,"href":"https:\/\/www.cdta.dz\/fr\/wp-json\/wp\/v2\/comments\/?post=7515"}],"version-history":[{"count":0,"href":"https:\/\/www.cdta.dz\/fr\/wp-json\/wp\/v2\/pages\/7515\/revisions\/"}],"up":[{"embeddable":true,"href":"https:\/\/www.cdta.dz\/fr\/wp-json\/wp\/v2\/pages\/6076\/"}],"wp:featuredmedia":[{"embeddable":true,"href":"https:\/\/www.cdta.dz\/fr\/wp-json\/wp\/v2\/media\/2195\/"}],"wp:attachment":[{"href":"https:\/\/www.cdta.dz\/fr\/wp-json\/wp\/v2\/media\/?parent=7515"}],"curies":[{"name":"wp","href":"https:\/\/api.w.org\/{rel}","templated":true}]}}