{"id":7522,"date":"2019-09-17T14:07:14","date_gmt":"2019-09-17T14:07:14","guid":{"rendered":"http:\/\/10.1.5.53\/?page_id=7522"},"modified":"2019-09-25T07:08:50","modified_gmt":"2019-09-25T07:08:50","slug":"formation-en-gravure-seche","status":"publish","type":"page","link":"https:\/\/www.cdta.dz\/fr\/recherche-et-technologie\/plateformes-technologiques\/plateforme-de-micro-fabrication\/formation-et-prestations\/formation-en-gravure-seche\/","title":{"rendered":"Formation en Gravure S\u00e8che"},"content":{"rendered":"<h1><span style=\"color: #4f81ba\">Formation en Gravure S\u00e8che<\/span><\/h1>\n<p>La PTM offre une formation sur les outils de gravure s\u00e8che qui comprend une familiarisation avec la gravure s\u00e8che ainsi que le fonctionnement de l\u2019\u00e9quipement dans la salle blanche. La formation est destin\u00e9e \u00e0 tous les utilisateurs qui ont l\u2019intention d\u2019effectuer n\u2019importe quel type de gravure s\u00e8che par plasma dans la salle blanche.<\/p>\n<h3 class=\"spip\"><span style=\"color: #4f81ba\">Programme de la formation\u00a0:<\/span><\/h3>\n<h3 class=\"spip\"><span style=\"color: #4f81ba\">1. Formation th\u00e9orique\u00a0:<\/span><\/h3>\n<p>La formation th\u00e9orique est pour but de familiarisation avec les principes de la gravure s\u00e8che, savoir pourquoi et quand utiliser la gravure s\u00e8che, les param\u00e8tres de r\u00e9glage pertinents dans la gravure, la nomenclature (unit\u00e9s de mesure,&#8230;etc.). la formation comprend les volets suivants\u00a0:<\/p>\n<ul>\n<li style=\"list-style-type: none\">\n<ul>\n<li style=\"list-style-type: none\">\n<ul class=\"spip\">\n<li>Pr\u00e9sentation du principe de la gravure s\u00e8che<\/li>\n<li>Description des param\u00e8tres de mesure<\/li>\n<li>Les applications dans un proc\u00e9d\u00e9 CMOS<\/li>\n<li>Les param\u00e8tres de r\u00e9glage pertinents dans la gravure<\/li>\n<li>Pr\u00e9sentation g\u00e9n\u00e9rale des \u00e9quipements de gravure s\u00e8che.<\/li>\n<\/ul>\n<\/li>\n<\/ul>\n<\/li>\n<\/ul>\n<p><span style=\"color: #000080\">Dur\u00e9e\u00a0:<\/span> 2 heures.<\/p>\n<h3 class=\"spip\"><span style=\"color: #4f81ba\">2. Formation pratique\u00a0:<\/span><\/h3>\n<p>La formation pratique s\u2019appuie sur l\u2019utilisation des \u00e9quipements en salle blanche elle comporte les points suivants\u00a0:<\/p>\n<ul>\n<li style=\"list-style-type: none\">\n<ul>\n<li style=\"list-style-type: none\">\n<ul class=\"spip\">\n<li>Vue d\u2019ensemble des \u00e9quipements de gravure<\/li>\n<li>Utilisation des \u00e9quipements par un exercice pratique\u00a0:<\/li>\n<li>S\u00e9lection une recette de gravure,<\/li>\n<li>Gravure<\/li>\n<li>Inspection (Microscopes optiques, profilom\u00e8tre).<\/li>\n<\/ul>\n<\/li>\n<\/ul>\n<\/li>\n<\/ul>\n<p><span style=\"color: #000080\">Dur\u00e9e\u00a0:<\/span> 5 heures.<\/p>\n","protected":false},"excerpt":{"rendered":"<p>Formation en Gravure S\u00e8che La PTM offre une formation sur les outils de gravure s\u00e8che qui comprend une familiarisation avec la gravure s\u00e8che ainsi que le fonctionnement de l\u2019\u00e9quipement dans la salle blanche. La formation est destin\u00e9e \u00e0 tous les utilisateurs qui ont l\u2019intention d\u2019effectuer n\u2019importe quel type de gravure s\u00e8che par plasma dans la [&hellip;]<\/p>\n","protected":false},"author":46,"featured_media":2195,"parent":6076,"menu_order":0,"comment_status":"closed","ping_status":"closed","template":"division-page.php","meta":{"footnotes":""},"class_list":["post-7522","page","type-page","status-publish","has-post-thumbnail","hentry"],"_links":{"self":[{"href":"https:\/\/www.cdta.dz\/fr\/wp-json\/wp\/v2\/pages\/7522\/"}],"collection":[{"href":"https:\/\/www.cdta.dz\/fr\/wp-json\/wp\/v2\/pages\/"}],"about":[{"href":"https:\/\/www.cdta.dz\/fr\/wp-json\/wp\/v2\/types\/page\/"}],"author":[{"embeddable":true,"href":"https:\/\/www.cdta.dz\/fr\/wp-json\/wp\/v2\/users\/46\/"}],"replies":[{"embeddable":true,"href":"https:\/\/www.cdta.dz\/fr\/wp-json\/wp\/v2\/comments\/?post=7522"}],"version-history":[{"count":0,"href":"https:\/\/www.cdta.dz\/fr\/wp-json\/wp\/v2\/pages\/7522\/revisions\/"}],"up":[{"embeddable":true,"href":"https:\/\/www.cdta.dz\/fr\/wp-json\/wp\/v2\/pages\/6076\/"}],"wp:featuredmedia":[{"embeddable":true,"href":"https:\/\/www.cdta.dz\/fr\/wp-json\/wp\/v2\/media\/2195\/"}],"wp:attachment":[{"href":"https:\/\/www.cdta.dz\/fr\/wp-json\/wp\/v2\/media\/?parent=7522"}],"curies":[{"name":"wp","href":"https:\/\/api.w.org\/{rel}","templated":true}]}}