{"id":7563,"date":"2019-09-18T15:38:11","date_gmt":"2019-09-18T15:38:11","guid":{"rendered":"http:\/\/10.1.5.53\/?page_id=7563"},"modified":"2019-12-29T09:12:33","modified_gmt":"2019-12-29T09:12:33","slug":"equipe-traitement-du-signal-et-applications-medicales","status":"publish","type":"page","link":"https:\/\/www.cdta.dz\/fr\/recherche-et-technologie\/divisions\/division-architecture-des-systemes-et-multimedia\/equipe-traitement-du-signal-et-applications-medicales\/","title":{"rendered":"Equipe : Traitement du Signal et Applications M\u00e9dicales (TSAM)"},"content":{"rendered":"<p>[vc_row][vc_column][vc_column_text]<\/p>\n<h2><span style=\"color: #000000;\"><strong>Equipe: Traitement du Signal et Applications M\u00e9dicales (TSAM)<\/strong><\/span><\/h2>\n<p style=\"text-align: right;\"><span style=\"color: #000000;\">Chef d\u2019\u00e9quipe: Dr. YKHLEF Fay\u00e7al<\/span><\/p>\n<h3><span style=\"color: #000000;\"><strong>Pr\u00e9sentation\u00a0de l&rsquo;\u00e9quipe<\/strong><\/span><\/h3>\n<p><span style=\"color: #000000;\">Traitement du signal et applications m\u00e9dicales (TSAM) est une \u00e9quipe de la division architecture des syst\u00e8mes et multim\u00e9dia. Elle est sp\u00e9cialis\u00e9e en traitement des signaux unidimensionnels et poss\u00e8de de bonnes comp\u00e9tences en g\u00e9nie biom\u00e9dical.<\/span><\/p>\n<p><span style=\"color: #000000;\">Auparavant, l\u2019\u00e9quipe a conduit plusieurs projets R&amp;D qui ont pour objectif la conception de dispositifs m\u00e9dicaux. On peut citer\u00a0: (i)l\u2019audiom\u00e8tre sur PC, (ii) le stimulateur anti-douleur \u00e9volutif, (iii) le laveur \u00e0 ultrasons, et (iv) l\u2019identificateur des troubles de la voix.<\/span><\/p>\n<p><span style=\"color: #000000;\">Actuellement, l\u2019\u00e9quipe focalise tous ces efforts sur deux volets principaux\u00a0:<\/span><\/p>\n<ul>\n<li><span style=\"color: #000000;\">Prise en charge de divers probl\u00e8mes relevant de l\u2019expertise de l\u2019\u00e9quipe par la proposition de solutions innovantes en vue de booster le d\u00e9veloppement\u00a0socio-\u00e9conomique\u00a0de notre pays,<\/span><\/li>\n<li><span style=\"color: #000000;\">La participation effective dans des projets pluridisciplinaires de la division ASM. Il s\u2019agit de trois projets f\u00e9d\u00e9rateurs de grande envergure qui regroupent plusieurs \u00e9quipes de recherche ayant des sp\u00e9cialit\u00e9s compl\u00e9mentaires. Les th\u00e9matiques couvertes par ces projets sont\u00a0: G\u00e9nie biom\u00e9dical, Smart X et Hydrocarbures.<\/span><\/li>\n<\/ul>\n<h3><span style=\"color: #000000;\"><strong>Th\u00e8me de recherche<\/strong><\/span><\/h3>\n<p><span style=\"color: #000000;\">Fondement de base\u00a0:<\/span><\/p>\n<ul>\n<li><span style=\"color: #000000;\">Traitement du signal<\/span><\/li>\n<li><span style=\"color: #000000;\">Machines d\u2019apprentissage et reconnaissance de formes<\/span><\/li>\n<\/ul>\n<p><span style=\"color: #000000;\">Applications\u00a0:<\/span><\/p>\n<ul>\n<li><span style=\"color: #000000;\">G\u00e9nie biom\u00e9dical\u00a0:<\/span>\n<ul>\n<li><span style=\"color: #000000;\">Analyse de la voix<\/span><\/li>\n<li><span style=\"color: #000000;\">Mesure du stress \u00e0 partir des signaux physiologiques<\/span><\/li>\n<li><span style=\"color: #000000;\">Reconnaissance des \u00e9motions \u00e0 partir de la voix<\/span><\/li>\n<li><span style=\"color: #000000;\">Audition et audiom\u00e9trie<\/span><\/li>\n<li><span style=\"color: #000000;\">Identification des troubles de la voix<\/span><\/li>\n<li><span style=\"color: #000000;\">Outils d\u2019aide au diagnostic m\u00e9dical<\/span><\/li>\n<\/ul>\n<\/li>\n<li><span style=\"color: #000000;\">D\u00e9tection, reconnaissance et localisation des \u00e9v\u00e8nements audio anormaux<\/span><\/li>\n<li><span style=\"color: #000000;\">Analyse des conversations t\u00e9l\u00e9phoniques<\/span><\/li>\n<li><span style=\"color: #000000;\">Topologie computationnelle et ses applications<\/span><\/li>\n<\/ul>\n<h3><span style=\"color: #000000;\"><strong>Expertise<\/strong><\/span><\/h3>\n<ul>\n<li><span style=\"color: #000000;\">Traitement num\u00e9rique du signal<\/span><\/li>\n<li><span style=\"color: #000000;\">Machines d\u2019apprentissage et reconnaissance de formes<\/span><\/li>\n<li><span style=\"color: #000000;\">Electronique et instrumentation<\/span><\/li>\n<li><span style=\"color: #000000;\">Dispositifs m\u00e9dicaux<\/span><\/li>\n<\/ul>\n<h3><span style=\"color: #000000;\"><strong>Domaines d\u2019impact<\/strong><\/span><\/h3>\n<ul>\n<li><span style=\"color: #000000;\">Application de la reconnaissance du stress pour l\u2019analyse des conversations t\u00e9l\u00e9phoniquesen Alg\u00e9rie<\/span><\/li>\n<\/ul>\n<h3><span style=\"color: #000000;\"><strong>Projets de recherche<\/strong><\/span><\/h3>\n<p><span style=\"color: #000000;\"><strong>Projets socio-\u00e9conomiques<\/strong><\/span><\/p>\n<p><span style=\"color: #000000;\">L\u2019\u00e9quipe TSAM participe \u00e0 trois projets f\u00e9d\u00e9rateurs de la division ASM. Elle propose des solutions ing\u00e9nieuses aux probl\u00e9matiques reli\u00e9es au traitement des signaux unidimensionnels et plus particuli\u00e8rement le traitement des signaux audio.<\/span><\/p>\n<p><span style=\"color: #000000;\"><strong>Projet 1:<\/strong> Dans le cadre du projet f\u00e9d\u00e9rateur de la division ASM intitul\u00e9\u00a0: \u00ab\u00a0<em>Syst\u00e8me multimodal de surveillance et de gestion du stress bas\u00e9 sur l&rsquo;informatique cognitive<\/em>\u00bb qui est conduit en partenariat avec l\u2019Agence Th\u00e9matique de Recherche en Sciences de la Sant\u00e9, la mission de l\u2019\u00e9quipe TSAM est<strong>\u00ab\u00a0La mesure du stress \u00e0 partir de la voix\u00a0\u00bb<\/strong><\/span><\/p>\n<p><span style=\"color: #000000;\"><strong>Projet 2:<\/strong> Dans le cadre du projet f\u00e9d\u00e9rateur de la division ASM intitul\u00e9\u00a0: \u00ab\u00a0<em>Gestion intelligente des Parking<\/em> \u00bb, la mission de l\u2019\u00e9quipe TSAM est\u00a0: <strong>\u00ab\u00a0l\u2019incorporation de la surveillance audio dans les Parking intelligents\u00a0<\/strong>\u00bb<\/span><\/p>\n<p><span style=\"color: #000000;\"><strong>Projet 3:<\/strong> En plus des deux projets cit\u00e9s ci-dessus, les membres de l\u2019\u00e9quipe TSAM participent au d\u00e9veloppement de \u00ab\u00a0la plateforme de caract\u00e9risation des roches r\u00e9servoirs \u00e0 base des techniques du traitement d&rsquo;images et les machines d\u2019apprentissage \u00bb. Le partenaire socio\u00e9conomique dans ce projet est la SONATRACH.<\/span><\/p>\n<h3><span style=\"color: #000000;\"><strong>Liste des membres<\/strong><\/span><\/h3>\n<ul>\n<li><span style=\"color: #000000;\">YKHLEF Fay\u00e7al, Ma\u00eetre de Recherche B, fykhlef@cdta.dz<\/span><\/li>\n<li><span style=\"color: #000000;\">MEROUBI Hamid, Charg\u00e9 de Recherche, hmeraoubi@cdta.dz<\/span><\/li>\n<li><span style=\"color: #000000;\">BENZABA Wahiba, Ing\u00e9nieur de Recherche Conseill\u00e9, wbenzaba@cdta.dz<\/span><\/li>\n<li><span style=\"color: #000000;\">BOUTALEB Retiba, Ing\u00e9nieur de Recherche, rboutaleb@cdta.dz<\/span><\/li>\n<li><span style=\"color: #000000;\">DERBAL Abdeladhime, Ing\u00e9nieur \/ Doctorant, aderbal@cdta.dz<\/span><\/li>\n<\/ul>\n<h3><span style=\"color: #000000;\"><strong>Collaboration<\/strong><\/span><\/h3>\n<ul>\n<li><span style=\"color: #000000;\">Agence Th\u00e9matique de Recherche en Sciences de la Sant\u00e9 (ATRSS)<\/span><\/li>\n<li><span style=\"color: #000000;\">Laboratoire de Traitement de Signal et Imagerie(LATSI), Universit\u00e9 BLIDA 1<\/span><\/li>\n<li><span style=\"color: #000000;\">SONATRACH<\/span><\/li>\n<li><span style=\"color: #000000;\">Division informatique linguistique du Centre de Recherche Scientifique et Technique pour le D\u00e9veloppement de la Langue Arabe (CRSTDLA)<\/span><\/li>\n<\/ul>\n<h3><span style=\"color: #000000;\"><strong>Th\u00e8ses en cours<\/strong><\/span><\/h3>\n<ul>\n<li><span style=\"color: #000000;\">MERAOUBI Hamid, \u00ab Localisation des sources sonores dans des milieux r\u00e9verb\u00e9rants, \u00bbUniversit\u00e9 des Sciences et de la Technologie Houari-Boum\u00e9di\u00e8ne (USTHB), Alger, Alg\u00e9rie.<\/span><\/li>\n<li><span style=\"color: #000000;\">DERBAL Abdeladhim, \u00ab Evaluation objectif de l\u2019intelligibilit\u00e9 des troubles de la parole, \u00bb Ecole Nationale Polytechnique (ENP), Alger, Alg\u00e9rie.<\/span><\/li>\n<\/ul>\n<p>&nbsp;[\/vc_column_text][\/vc_column][\/vc_row]<\/p>\n","protected":false},"excerpt":{"rendered":"<p>[vc_row][vc_column][vc_column_text] Equipe: Traitement du Signal et Applications M\u00e9dicales (TSAM) Chef d\u2019\u00e9quipe: Dr. YKHLEF Fay\u00e7al Pr\u00e9sentation\u00a0de l&rsquo;\u00e9quipe Traitement du signal et applications m\u00e9dicales (TSAM) est une \u00e9quipe de la division architecture des syst\u00e8mes et multim\u00e9dia. Elle est sp\u00e9cialis\u00e9e en traitement des signaux unidimensionnels et poss\u00e8de de bonnes comp\u00e9tences en g\u00e9nie biom\u00e9dical. Auparavant, l\u2019\u00e9quipe a conduit plusieurs [&hellip;]<\/p>\n","protected":false},"author":46,"featured_media":8938,"parent":2700,"menu_order":2,"comment_status":"closed","ping_status":"closed","template":"division-page.php","meta":{"footnotes":""},"class_list":["post-7563","page","type-page","status-publish","has-post-thumbnail","hentry"],"_links":{"self":[{"href":"https:\/\/www.cdta.dz\/fr\/wp-json\/wp\/v2\/pages\/7563\/"}],"collection":[{"href":"https:\/\/www.cdta.dz\/fr\/wp-json\/wp\/v2\/pages\/"}],"about":[{"href":"https:\/\/www.cdta.dz\/fr\/wp-json\/wp\/v2\/types\/page\/"}],"author":[{"embeddable":true,"href":"https:\/\/www.cdta.dz\/fr\/wp-json\/wp\/v2\/users\/46\/"}],"replies":[{"embeddable":true,"href":"https:\/\/www.cdta.dz\/fr\/wp-json\/wp\/v2\/comments\/?post=7563"}],"version-history":[{"count":1,"href":"https:\/\/www.cdta.dz\/fr\/wp-json\/wp\/v2\/pages\/7563\/revisions\/"}],"predecessor-version":[{"id":13709,"href":"https:\/\/www.cdta.dz\/fr\/wp-json\/wp\/v2\/pages\/7563\/revisions\/13709\/"}],"up":[{"embeddable":true,"href":"https:\/\/www.cdta.dz\/fr\/wp-json\/wp\/v2\/pages\/2700\/"}],"wp:featuredmedia":[{"embeddable":true,"href":"https:\/\/www.cdta.dz\/fr\/wp-json\/wp\/v2\/media\/8938\/"}],"wp:attachment":[{"href":"https:\/\/www.cdta.dz\/fr\/wp-json\/wp\/v2\/media\/?parent=7563"}],"curies":[{"name":"wp","href":"https:\/\/api.w.org\/{rel}","templated":true}]}}