{"id":7704,"date":"2019-09-22T13:34:37","date_gmt":"2019-09-22T13:34:37","guid":{"rendered":"http:\/\/10.1.5.53\/?page_id=7704"},"modified":"2019-12-29T09:12:08","modified_gmt":"2019-12-29T09:12:08","slug":"equipe-architecture-pour-la-classification-et-la-cryptographie","status":"publish","type":"page","link":"https:\/\/www.cdta.dz\/fr\/recherche-et-technologie\/divisions\/division-architecture-des-systemes-et-multimedia\/equipe-architecture-pour-la-classification-et-la-cryptographie\/","title":{"rendered":"Equipe: Architecture pour la Classification et la Cryptographie (AC2)"},"content":{"rendered":"<p>[vc_row][vc_column][vc_column_text]<\/p>\n<h2><span style=\"color: #000000;\"><strong>Equipe: Architecture pour la Classification et la Cryptographie (AC2)<\/strong><\/span><\/h2>\n<p style=\"text-align: right;\"><span style=\"color: #000000;\">Chef d\u2019\u00e9quipe: Dr. Alim Ferhat Taleb Fatiha<\/span><\/p>\n<p>&nbsp;<\/p>\n<h3><span style=\"color: #000000;\"><strong>Pr\u00e9sentation de l&rsquo;\u00e9quipe<\/strong><\/span><\/h3>\n<p><span style=\"color: #000000;\">L\u2019\u00e9quipe Architecture pour la Classification et la Cryptographie s\u2019int\u00e9resse principalement \u00e0 deux axes de recherche\u00a0:<\/span><\/p>\n<ul>\n<li><span style=\"color: #000000;\">Traitement des images m\u00e9dicales pour une meilleure interpr\u00e9tation et diagnostique des pathologies.<\/span><\/li>\n<li><span style=\"color: #000000;\">Cryptographie pour la s\u00e9curit\u00e9 de l\u2019information.<\/span><\/li>\n<\/ul>\n<p><span style=\"color: #000000;\">Les objectifs cibl\u00e9s par l\u2019\u00e9tude de ces deux th\u00e9matiques est de\u00a0:<\/span><\/p>\n<ul>\n<li><span style=\"color: #000000;\">Pouvoir repr\u00e9senter sous un format relativement simple une grande quantit\u00e9 de donn\u00e9es.<\/span><\/li>\n<li><span style=\"color: #000000;\">Traiter et s\u00e9curiser l\u2019information utile, en s\u2019appuyant sur des outils et des algorithmes complexes.<\/span><\/li>\n<\/ul>\n<p><span style=\"color: #000000;\">Les pr\u00e9occupations majeures et les probl\u00e9matiques engendr\u00e9es par ces deux axes de recherches auxquelles l\u2019\u00e9quipe AC2 cherche \u00e0 trouver des solutions, se r\u00e9sument dans les points suivants\u00a0:<\/span><\/p>\n<ul>\n<li><span style=\"color: #000000;\">Impl\u00e9mentation et optimisation des algorithmes de traitement d\u2019image et de s\u00e9curit\u00e9 de l\u2019information en termes de temps d\u2019ex\u00e9cution et de pr\u00e9cision de calcul.<\/span><\/li>\n<li><span style=\"color: #000000;\">Proposer des impl\u00e9mentations logicielles et mat\u00e9rielles intelligentes qui servent comme interface homme-machine.<\/span><\/li>\n<\/ul>\n<h3><span style=\"color: #000000;\"><strong>Th\u00e8mes de recherche<\/strong><\/span><\/h3>\n<ul>\n<li><span style=\"color: #000000;\">Traitements d\u2019images<\/span><\/li>\n<li><span style=\"color: #000000;\">Segmentation<\/span><\/li>\n<li><span style=\"color: #000000;\">Classification<\/span><\/li>\n<li><span style=\"color: #000000;\">Cryptographie<\/span><\/li>\n<li><span style=\"color: #000000;\">Syst\u00e8mes Embarqu\u00e9s<\/span><\/li>\n<li><span style=\"color: #000000;\">FPGA<\/span><\/li>\n<li><span style=\"color: #000000;\">Arithm\u00e9tique binaires<\/span><\/li>\n<\/ul>\n<h3><span style=\"color: #000000;\"><strong>Expertise<\/strong><\/span><\/h3>\n<ul>\n<li><span style=\"color: #000000;\">Algorithmes de traitement des images\u00a0: classification, segmentation, compression, reconstruction 2-D, 3-D\u00a0;<\/span><\/li>\n<li><span style=\"color: #000000;\">Cryptographie et ses protocoles de s\u00e9curit\u00e9s\u00a0;<\/span><\/li>\n<li><span style=\"color: #000000;\">L\u2019arithm\u00e9tique binaire\u00a0;<\/span><\/li>\n<li><span style=\"color: #000000;\">Conception mat\u00e9rielle des circuits num\u00e9riques\u00a0;<\/span><\/li>\n<li><span style=\"color: #000000;\">Conception des syst\u00e8mes embarqu\u00e9s.<\/span><\/li>\n<\/ul>\n<h3><span style=\"color: #000000;\"><strong>Domaines d&rsquo;impact<\/strong><\/span><\/h3>\n<ul>\n<li><span style=\"color: #000000;\">En vertu de l\u2019importance accord\u00e9e \u00e0 ce type de travaux de recherche, une large gamme d\u2019applications peut tirer profit dans le domaine de la sant\u00e9 et contribuer \u00e0 la num\u00e9risation des syst\u00e8mes de gestion informatique des h\u00f4pitaux alg\u00e9riens par le d\u00e9veloppement de plateformes traitement d&rsquo;images m\u00e9dicales et de s\u00e9curit\u00e9.<\/span><\/li>\n<li><span style=\"color: #000000;\">Contribuer au projet SEHATI initi\u00e9 par le minist\u00e8re de la Sant\u00e9, de la Population et de la R\u00e9forme Hospitali\u00e8re.<\/span><\/li>\n<\/ul>\n<h3><span style=\"color: #000000;\"><strong>Projets de recherche<\/strong><\/span><\/h3>\n<p><span style=\"color: #000000;\"><strong>Projet FNR<\/strong><\/span><\/p>\n<p><span style=\"color: #000000;\"><strong>Projet 1:<\/strong> Fusion d\u2019images m\u00e9dicales pour le suivi th\u00e9rapeutique en oncologie<\/span><\/p>\n<ul>\n<li><span style=\"color: #000000;\">Alim-Ferhat Taleb Fatiha (Chef de projet);<\/span><\/li>\n<li><span style=\"color: #000000;\">Hachemi Belkacem;<\/span><\/li>\n<li><span style=\"color: #000000;\">Abdelaziz Mohamed ;<\/span><\/li>\n<li><span style=\"color: #000000;\">Seddiki Sofiane ;<\/span><\/li>\n<li><span style=\"color: #000000;\">Talbi Farid ;<\/span><\/li>\n<li><span style=\"color: #000000;\">Messaoudi Khadidja ;<\/span><\/li>\n<li><span style=\"color: #000000;\">Ait Mohamed Linda.<\/span><\/li>\n<\/ul>\n<p><span style=\"color: #000000;\"><strong>Projet 2:<\/strong> Syst\u00e8me Multimodal de Surveillance et de Gestion du Stress bas\u00e9 sur les Machines Cognitives (Modalit\u00e9: Expression Faciale).<\/span><\/p>\n<ul>\n<li><span style=\"color: #000000;\">Boucheffra Djamel (Chef de projet)<\/span><\/li>\n<li><span style=\"color: #000000;\">Alim-Ferhat Taleb Fatiha;<\/span><\/li>\n<li><span style=\"color: #000000;\">Hachemi Belkacem;<\/span><\/li>\n<li><span style=\"color: #000000;\">Abdelaziz Mohamed ;<\/span><\/li>\n<li><span style=\"color: #000000;\">Seddiki Sofiane;<\/span><\/li>\n<li><span style=\"color: #000000;\">Talbi Farid;<\/span><\/li>\n<li><span style=\"color: #000000;\">Messaoudi Khadidja ;<\/span><\/li>\n<li><span style=\"color: #000000;\">Ait Mohamed Linda<\/span><\/li>\n<\/ul>\n<p><span style=\"color: #000000;\"><strong>Projet 3:<\/strong> Reservoir Rocks Characterization using Image Processing and Machine Learning Techniques.<\/span><\/p>\n<ul>\n<li><span style=\"color: #000000;\">Boucheffra Djamel (Chef de projet)<\/span><\/li>\n<li><span style=\"color: #000000;\">Alim-Ferhat Taleb Fatiha;<\/span><\/li>\n<li><span style=\"color: #000000;\">Hachemi Belkacem;<\/span><\/li>\n<li><span style=\"color: #000000;\">Abdelaziz Mohamed ;<\/span><\/li>\n<li><span style=\"color: #000000;\">Seddiki Sofiane;<\/span><\/li>\n<li><span style=\"color: #000000;\">Talbi Farid ;<\/span><\/li>\n<\/ul>\n<p><span style=\"color: #000000;\"><strong>Projet socio-economique<\/strong><\/span><\/p>\n<p><span style=\"color: #000000;\">Projet: Architectures Mat\u00e9rielles et Logicielles pour la S\u00e9curit\u00e9 des Donn\u00e9es M\u00e9dicales<\/span><\/p>\n<ul>\n<li><span style=\"color: #000000;\">Issad Mohamed (Chef de projet);<\/span><\/li>\n<li><span style=\"color: #000000;\">Anane\u00a0 Nadjia\u00a0;<\/span><\/li>\n<li><span style=\"color: #000000;\">Bellemou Mohamed Ahmed.<\/span><\/li>\n<\/ul>\n<h3><span style=\"color: #000000;\"><strong>Liste des membres<\/strong><\/span><\/h3>\n<ul>\n<li><span style=\"color: #000000;\"><a style=\"color: #000000;\" href=\"https:\/\/scholar.google.de\/citations?hl=en&amp;user=cKnRqGYAAAAJ\">Alim Ferhat Taleb Fatiha<\/a> ,falim@cdta.dz , Maitre de recherche B,<\/span><\/li>\n<li><span style=\"color: #000000;\"><a style=\"color: #000000;\" href=\"https:\/\/scholar.google.com\/citations?hl=fr&amp;user=UXdNujIAAAAJ\">Issad Mohamed<\/a> , missad@cdta.dz, Maitre de recherche B,<\/span><\/li>\n<li><span style=\"color: #000000;\"><a style=\"color: #000000;\" href=\"https:\/\/scholar.google.fr\/citations?hl=fr&amp;user=dDD8QxoAAAAJ\">Hachemi belkacem<\/a>, bhachemi@cdta.dz, Attach\u00e9 de recherche,<\/span><\/li>\n<li><span style=\"color: #000000;\"><a style=\"color: #000000;\" href=\"https:\/\/scholar.google.com\/citations?user=6j2KnlUAAAAJ&amp;hl=en\">Abdelaziz Mohammed<\/a>, mabdelaziz@cdta.dz, Attach\u00e9 de Recherche,<\/span><\/li>\n<li><span style=\"color: #000000;\"><a style=\"color: #000000;\" href=\"https:\/\/scholar.google.com\/citations?user=dK_3vQYAAAAJ&amp;hl=en\">Ait Mohamed Linda<\/a>, laitmohamed@cdta.dz, Ing\u00e9nieur soutien \u00e0 la recherche,<\/span><\/li>\n<li><span style=\"color: #000000;\"><a style=\"color: #000000;\" href=\"https:\/\/scholar.google.fr\/citations?user=Cwn-2AYAAAAJ&amp;hl=fr\">Messaoudi khadidja<\/a> ,kmessaoudi@cdta.dz ,Ing\u00e9nieur de recherche,<\/span><\/li>\n<li><span style=\"color: #000000;\"><a style=\"color: #000000;\" href=\"https:\/\/scholar.google.com\/citations?view_op=list_works&amp;hl=fr&amp;user=ruGWdaIAAAAJ\">TALBI Farid<\/a>, ftalbi@cdta.dz, Ing\u00e9nieur d\u2019\u00e9tat soutien \u00e0 la recherche,<\/span><\/li>\n<li><span style=\"color: #000000;\">Seddiki Sofiane, sseddiki@cdta.dz, Ing\u00e9nieur de recherche conseiller,<\/span><\/li>\n<li><span style=\"color: #000000;\"><a style=\"color: #000000;\" href=\"https:\/\/scholar.google.fr\/citations?hl=fr&amp;user=zzAGkfgAAAAJ\">Anane Nadjia<\/a> ,anane@cdta.dz, Ing\u00e9nieur de recherche conseiller,<\/span><\/li>\n<li><span style=\"color: #000000;\">Bellemou Ahmed Mohamed<\/span><\/li>\n<\/ul>\n<h3><span style=\"color: #000000;\"><strong>Equipement\/ Logiciel<\/strong><\/span><\/h3>\n<ul>\n<li><span style=\"color: #000000;\">ISE 13 de Xilinx pour l\u2019impl\u00e9mentation.<\/span><\/li>\n<li><span style=\"color: #000000;\">Vivado 2015<\/span><\/li>\n<li><span style=\"color: #000000;\">Deux Cartes de prototypage ATLYS Spartan 6 et<\/span><\/li>\n<li><span style=\"color: #000000;\">Carte Zynq7000 (plateforme Hardware),<\/span><\/li>\n<\/ul>\n<h3><span style=\"color: #000000;\"><strong>Collaboration<\/strong><\/span><\/h3>\n<ul>\n<li><span style=\"color: #000000;\">Pr Souad Bakhti. Professeur en neurochirurgie et chef de service de neurologie \u00e0 l\u2019h\u00f4pital AIT IDIR et Pr\u00e9sidente de la Soci\u00e9t\u00e9 alg\u00e9rienne de la neurochirurgie.<\/span><\/li>\n<\/ul>\n<p>[\/vc_column_text][\/vc_column][\/vc_row]<\/p>\n","protected":false},"excerpt":{"rendered":"<p>[vc_row][vc_column][vc_column_text] Equipe: Architecture pour la Classification et la Cryptographie (AC2) Chef d\u2019\u00e9quipe: Dr. Alim Ferhat Taleb Fatiha &nbsp; Pr\u00e9sentation de l&rsquo;\u00e9quipe L\u2019\u00e9quipe Architecture pour la Classification et la Cryptographie s\u2019int\u00e9resse principalement \u00e0 deux axes de recherche\u00a0: Traitement des images m\u00e9dicales pour une meilleure interpr\u00e9tation et diagnostique des pathologies. Cryptographie pour la s\u00e9curit\u00e9 de l\u2019information. Les [&hellip;]<\/p>\n","protected":false},"author":46,"featured_media":8938,"parent":2700,"menu_order":1,"comment_status":"closed","ping_status":"closed","template":"division-page.php","meta":{"footnotes":""},"class_list":["post-7704","page","type-page","status-publish","has-post-thumbnail","hentry"],"_links":{"self":[{"href":"https:\/\/www.cdta.dz\/fr\/wp-json\/wp\/v2\/pages\/7704\/"}],"collection":[{"href":"https:\/\/www.cdta.dz\/fr\/wp-json\/wp\/v2\/pages\/"}],"about":[{"href":"https:\/\/www.cdta.dz\/fr\/wp-json\/wp\/v2\/types\/page\/"}],"author":[{"embeddable":true,"href":"https:\/\/www.cdta.dz\/fr\/wp-json\/wp\/v2\/users\/46\/"}],"replies":[{"embeddable":true,"href":"https:\/\/www.cdta.dz\/fr\/wp-json\/wp\/v2\/comments\/?post=7704"}],"version-history":[{"count":1,"href":"https:\/\/www.cdta.dz\/fr\/wp-json\/wp\/v2\/pages\/7704\/revisions\/"}],"predecessor-version":[{"id":13708,"href":"https:\/\/www.cdta.dz\/fr\/wp-json\/wp\/v2\/pages\/7704\/revisions\/13708\/"}],"up":[{"embeddable":true,"href":"https:\/\/www.cdta.dz\/fr\/wp-json\/wp\/v2\/pages\/2700\/"}],"wp:featuredmedia":[{"embeddable":true,"href":"https:\/\/www.cdta.dz\/fr\/wp-json\/wp\/v2\/media\/8938\/"}],"wp:attachment":[{"href":"https:\/\/www.cdta.dz\/fr\/wp-json\/wp\/v2\/media\/?parent=7704"}],"curies":[{"name":"wp","href":"https:\/\/api.w.org\/{rel}","templated":true}]}}