{"id":7710,"date":"2019-09-22T14:07:45","date_gmt":"2019-09-22T14:07:45","guid":{"rendered":"http:\/\/10.1.5.53\/?page_id=7710"},"modified":"2020-11-25T13:38:13","modified_gmt":"2020-11-25T13:38:13","slug":"equipe-design-and-implementation-of-intelligent-machines","status":"publish","type":"page","link":"https:\/\/www.cdta.dz\/fr\/recherche-et-technologie\/divisions\/division-architecture-des-systemes-et-multimedia\/equipe-design-and-implementation-of-intelligent-machines\/","title":{"rendered":"Equipe: Design and Implementation of Intelligent Machines(DIIM)"},"content":{"rendered":"<p>[vc_row][vc_column][vc_column_text]<\/p>\n<h2><span style=\"color: #000000;\"><strong>Equipe: Design and Implementation of Intelligent Machines(DIIM)<\/strong><\/span><\/h2>\n<p style=\"text-align: right;\"><span style=\"color: #000000;\">Chef d\u2019equipe: Assia Baouta (Attach\u00e9e de recherche)<\/span><\/p>\n<p>&nbsp;<\/p>\n<h3><span style=\"color: #000000;\"><strong>Pr\u00e9sentation\u00a0de l&rsquo;\u00e9quipe<\/strong><\/span><\/h3>\n<p><span style=\"color: #000000;\">L\u2019\u00e9quipe DIIM \u0153uvre dans le domaine de l\u2019intelligence artificielle (machines d\u2019apprentissage). Elle s\u2019int\u00e9resse \u00e0 la conception de nouvelles m\u00e9thodes math\u00e9matiques (algorithmes) qui rendent les machines capable (i) d\u2019apprendre et d\u2019am\u00e9liorer leurs performances dans des t\u00e2ches sp\u00e9cifiques sans \u00eatre explicitement programm\u00e9es et (ii) d\u2019expliquer leur apprentissage. Ces algorithmes font appels \u00e0 des m\u00e9thodes issues des domaines de math\u00e9matiques appliqu\u00e9es et de la topologie. En plus du d\u00e9veloppement th\u00e9orique n\u00e9cessaire a l\u2019avancement de la science, l\u2019\u00e9quipe DIIM participe pleinement a l\u2019effort socio-\u00e9conomiques en proposant des plateformes intelligentes ayant recours a aux outils informatiques et aux syst\u00e8mes embarqu\u00e9s.<\/span><\/p>\n<h3><span style=\"color: #000000;\"><strong>Liste des membres<\/strong><\/span><\/h3>\n<p><span style=\"color: #000000;\">Le personnel de l\u2019\u00e9quipe DIIM est compos\u00e9 de 6 personnes qui sont\u00a0:<\/span><\/p>\n<ul>\n<li><span style=\"color: #000000;\"><a style=\"color: #000000;\" href=\"https:\/\/scholar.google.fr\/citations?hl=fr&amp;pli=1&amp;user=Zrs-faIAAAAJ\">Djamel Bouchaffra<\/a>\u00a0(Directeur de Recherche)<\/span><\/li>\n<li><span style=\"color: #000000;\">Nabil Zerrouki (Ma\u00eetre de Recherche B)<\/span><\/li>\n<li><span style=\"color: #000000;\">Assia Baouta (Attach\u00e9e de Recherche)<\/span><\/li>\n<li><span style=\"color: #000000;\">Lotfi Hocini (Attach\u00e9 de Recherche)<\/span><\/li>\n<li><span style=\"color: #000000;\">Yamina Bennamane (Ing\u00e9nieur)<\/span><\/li>\n<li><span style=\"color: #000000;\">Meriem Khelladi (Ing\u00e9nieur)<\/span><\/li>\n<\/ul>\n<h3><span style=\"color: #000000;\"><strong>Th\u00e8mes de recherche<\/strong><\/span><\/h3>\n<ul>\n<li><span style=\"color: #000000;\">Intelligence Artificielle<\/span><\/li>\n<li><span style=\"color: #000000;\">Vision par Ordinateur<\/span><\/li>\n<li><span style=\"color: #000000;\">Traitement d\u2019Images<\/span><\/li>\n<li><span style=\"color: #000000;\">Topologie<\/span><\/li>\n<\/ul>\n<h3><span style=\"color: #000000;\"><strong>Expertise<\/strong><\/span><\/h3>\n<ul>\n<li><span style=\"color: #000000;\">Intelligence Artificielle<\/span><\/li>\n<li><span style=\"color: #000000;\">Reconnaissance des Formes<\/span><\/li>\n<li><span style=\"color: #000000;\">Machines d\u2019Apprentissage<\/span><\/li>\n<li><span style=\"color: #000000;\">Vision par Ordinateur<\/span><\/li>\n<li><span style=\"color: #000000;\">Traitement d\u2019Images<\/span><\/li>\n<li><span style=\"color: #000000;\">Topologie<\/span><\/li>\n<li><span style=\"color: #000000;\">Math\u00e9matiques Appliqu\u00e9es<\/span><\/li>\n<\/ul>\n<h3><span style=\"color: #000000;\"><strong>Domaines d\u2019Impact<\/strong><\/span><\/h3>\n<ul>\n<li><span style=\"color: #000000;\">Hydrocarbures<\/span><\/li>\n<li><span style=\"color: #000000;\">Sant\u00e9<\/span><\/li>\n<li><span style=\"color: #000000;\">S\u00e9curit\u00e9<\/span><\/li>\n<li><span style=\"color: #000000;\">Service Publique<\/span><\/li>\n<li><span style=\"color: #000000;\">Gestion de Donn\u00e9es<\/span><\/li>\n<\/ul>\n<h3><span style=\"color: #000000;\"><strong>Projets de recherche (type Socio-\u00e9conomique)<\/strong><\/span><\/h3>\n<p><span style=\"color: #000000;\"><strong>Projet1 (F\u00e9d\u00e9rateur):<\/strong> Reservoir Rock Characterization using Image Processing and Machine Learning Techniques<\/span><\/p>\n<ul>\n<li><span style=\"color: #000000;\">Bouchaffra Djamel, dbouchaffra@cdta.dz, DR<\/span><\/li>\n<li><span style=\"color: #000000;\">Baouta Assia, abaouta@cdta.dz, AR<\/span><\/li>\n<li><span style=\"color: #000000;\">Allam Abdelkrim, allam@cdta.dz, MRA<\/span><\/li>\n<li><span style=\"color: #000000;\">Hocini Lotfi, lhocini@cdta.dz, AR<\/span><\/li>\n<li><span style=\"color: #000000;\">Zerrouki Nabil, nzerrouki@cdta.dz, MRB<\/span><\/li>\n<li><span style=\"color: #000000;\">Ykhlef Faycal, fykhlef@cdta.dz, MRB<\/span><\/li>\n<li><span style=\"color: #000000;\">Meraoubi Hamid, hmeraoubi@cdta.dz, CR<\/span><\/li>\n<li><span style=\"color: #000000;\">Baghradji Abdelkrim, abaghradji@cdta.dz, Ing<\/span><\/li>\n<li><span style=\"color: #000000;\">Alim-Ferhat Fatiha, falim@cdta.dz, MRB<\/span><\/li>\n<li><span style=\"color: #000000;\">Hachemi Belkacem, bhachemi@cdta.dz, AR<\/span><\/li>\n<li><span style=\"color: #000000;\">Abdelaziz Mohamed, mabdelaziz@cdta.dz, AR<\/span><\/li>\n<li><span style=\"color: #000000;\">Talbi Farid, ftalbi@cdta.dz, Ing<\/span><\/li>\n<\/ul>\n<p><span style=\"color: #000000;\"><strong>Projet 2 (F\u00e9d\u00e9rateur):<\/strong> A Multimodal Stress Monitoring and Management System based On Cognitive Computing<\/span><\/p>\n<ul>\n<li><span style=\"color: #000000;\">Bouchaffra Djamel, dbouchaffra@cdta.dz,DR<\/span><\/li>\n<li><span style=\"color: #000000;\">Baouta Assiaabaouta@cdta.dz, AR<\/span><\/li>\n<li><span style=\"color: #000000;\">Hocini Lotfi, lhocini@cdta.dz, AR<\/span><\/li>\n<li><span style=\"color: #000000;\">Zerrouki Nabil, nzerrouki@cdta.dz, MRB<\/span><\/li>\n<li><span style=\"color: #000000;\">Bennamane Yamina, ybennamane@cdta.dz, Ing<\/span><\/li>\n<li><span style=\"color: #000000;\">Khelladi Meriem, mkhelladi@cdta.dz, Ing<\/span><\/li>\n<li><span style=\"color: #000000;\">Zemouri Tahir, tzemouri@cdta.dz, AR<\/span><\/li>\n<li><span style=\"color: #000000;\">Ykhlef Faycal, fykhlef@cdta.dz, MRB<\/span><\/li>\n<li><span style=\"color: #000000;\">Meraoubi Hamid, hmeraoubi@cdta.dz, CR<\/span><\/li>\n<li><span style=\"color: #000000;\">Ferhat Sabrina, sferhat@cdta.dz, AR<\/span><\/li>\n<li><span style=\"color: #000000;\">Benzaba Wahiba, wbenzaba@cdta.dz, Ing<\/span><\/li>\n<li><span style=\"color: #000000;\">Boutaleb Ratiba, rboutaleb@cdta.dz, Ing<\/span><\/li>\n<li><span style=\"color: #000000;\">Derbal Abdeladhim, aderbal@cdta.dz, Ing<\/span><\/li>\n<li><span style=\"color: #000000;\">Baghradji Abdelkri, mabaghradji@cdta.dz, Ing<\/span><\/li>\n<li><span style=\"color: #000000;\">Alim-Ferhat Fatiha, falim@cdta.dz, MRB<\/span><\/li>\n<li><span style=\"color: #000000;\">Hachemi Belkacemb, hachemi@cdta.dz, AR<\/span><\/li>\n<li><span style=\"color: #000000;\">Abdelaziz Mohamed, mabdelaziz@cdta.dz, AR<\/span><\/li>\n<li><span style=\"color: #000000;\">Seddiki Sofiane, sseddiki@cdta.dz, Ing<\/span><\/li>\n<li><span style=\"color: #000000;\">Talbi Farid, ftalbi@cdta.dz, Ing<\/span><\/li>\n<li><span style=\"color: #000000;\">Messaoudi Khadidja, kmessaoudi@cdta.dz, Ing<\/span><\/li>\n<li><span style=\"color: #000000;\">Ait Mohamed Linda, laitmohamed@cdta.dz, Ing<\/span><\/li>\n<\/ul>\n<p><span style=\"color: #000000;\"><strong>Projet 3 (F\u00e9d\u00e9rateur):<\/strong> Gestion Intelligente de Parking (PALIM)<\/span><\/p>\n<ul>\n<li><span style=\"color: #000000;\">Bouchaffra Djamel, dbouchaffra@cdta.dz, DR<\/span><\/li>\n<li><span style=\"color: #000000;\">Baouta Assia, abaouta@cdta.dz, AR<\/span><\/li>\n<li><span style=\"color: #000000;\">Allam Abdelkrim, allam@cdta.dz, MRA<\/span><\/li>\n<li><span style=\"color: #000000;\">Ykhlef Faycal, fykhlef@cdta.dz, MRB<\/span><\/li>\n<li><span style=\"color: #000000;\">Derbal Abdel, adhimaderbal@cdta.dz, Ing<\/span><\/li>\n<\/ul>\n<h3><span style=\"color: #000000;\"><strong>Equippements\/ Logiciels<\/strong><\/span><\/h3>\n<ul>\n<li><span style=\"color: #000000;\">\u00a0En cours d\u2019achat.<\/span><\/li>\n<\/ul>\n<h3><span style=\"color: #000000;\"><strong>Collaboration<\/strong><\/span><\/h3>\n<ul>\n<li><span style=\"color: #000000;\">SONATRACH (CRD-HMD)<\/span><\/li>\n<li><span style=\"color: #000000;\">ENAGEO (Filiale Sonatrach)<\/span><\/li>\n<li><span style=\"color: #000000;\">M\u00e9decins ATRSS<\/span><\/li>\n<li><span style=\"color: #000000;\">H\u00f4pital de Ain Naadja (Colonel Khaled)<\/span><\/li>\n<\/ul>\n<p>[\/vc_column_text][\/vc_column][\/vc_row]<\/p>\n","protected":false},"excerpt":{"rendered":"<p>[vc_row][vc_column][vc_column_text] Equipe: Design and Implementation of Intelligent Machines(DIIM) Chef d\u2019equipe: Assia Baouta (Attach\u00e9e de recherche) &nbsp; Pr\u00e9sentation\u00a0de l&rsquo;\u00e9quipe L\u2019\u00e9quipe DIIM \u0153uvre dans le domaine de l\u2019intelligence artificielle (machines d\u2019apprentissage). Elle s\u2019int\u00e9resse \u00e0 la conception de nouvelles m\u00e9thodes math\u00e9matiques (algorithmes) qui rendent les machines capable (i) d\u2019apprendre et d\u2019am\u00e9liorer leurs performances dans des t\u00e2ches sp\u00e9cifiques sans [&hellip;]<\/p>\n","protected":false},"author":46,"featured_media":8938,"parent":2700,"menu_order":4,"comment_status":"closed","ping_status":"closed","template":"division-page.php","meta":{"footnotes":""},"class_list":["post-7710","page","type-page","status-publish","has-post-thumbnail","hentry"],"_links":{"self":[{"href":"https:\/\/www.cdta.dz\/fr\/wp-json\/wp\/v2\/pages\/7710\/"}],"collection":[{"href":"https:\/\/www.cdta.dz\/fr\/wp-json\/wp\/v2\/pages\/"}],"about":[{"href":"https:\/\/www.cdta.dz\/fr\/wp-json\/wp\/v2\/types\/page\/"}],"author":[{"embeddable":true,"href":"https:\/\/www.cdta.dz\/fr\/wp-json\/wp\/v2\/users\/46\/"}],"replies":[{"embeddable":true,"href":"https:\/\/www.cdta.dz\/fr\/wp-json\/wp\/v2\/comments\/?post=7710"}],"version-history":[{"count":2,"href":"https:\/\/www.cdta.dz\/fr\/wp-json\/wp\/v2\/pages\/7710\/revisions\/"}],"predecessor-version":[{"id":17380,"href":"https:\/\/www.cdta.dz\/fr\/wp-json\/wp\/v2\/pages\/7710\/revisions\/17380\/"}],"up":[{"embeddable":true,"href":"https:\/\/www.cdta.dz\/fr\/wp-json\/wp\/v2\/pages\/2700\/"}],"wp:featuredmedia":[{"embeddable":true,"href":"https:\/\/www.cdta.dz\/fr\/wp-json\/wp\/v2\/media\/8938\/"}],"wp:attachment":[{"href":"https:\/\/www.cdta.dz\/fr\/wp-json\/wp\/v2\/media\/?parent=7710"}],"curies":[{"name":"wp","href":"https:\/\/api.w.org\/{rel}","templated":true}]}}