{"id":7711,"date":"2019-09-22T14:24:42","date_gmt":"2019-09-22T14:24:42","guid":{"rendered":"http:\/\/10.1.5.53\/?page_id=7711"},"modified":"2019-12-29T09:14:02","modified_gmt":"2019-12-29T09:14:02","slug":"equipe-binary-arithmetic-for-numeric-applications-bana","status":"publish","type":"page","link":"https:\/\/www.cdta.dz\/fr\/recherche-et-technologie\/divisions\/division-architecture-des-systemes-et-multimedia\/equipe-binary-arithmetic-for-numeric-applications-bana\/","title":{"rendered":"Equipe: Binary Arithmetic for Numeric Applications (BANA)"},"content":{"rendered":"<p>[vc_row][vc_column][vc_column_text]<\/p>\n<h2><span style=\"color: #000000;\"><strong>Equipe: Binary Arithmetic for Numeric Applications (BANA)<\/strong><\/span><\/h2>\n<p style=\"text-align: right;\"><span style=\"color: #000000;\">Chef d&rsquo;\u00e9quipe: Dr. Oudjida Abdelkrim Kamel<\/span><\/p>\n<p>&nbsp;<\/p>\n<h3><span style=\"color: #000000;\"><strong>Pr\u00e9sentation\u00a0de l&rsquo;\u00e9quipe: <\/strong><\/span><\/h3>\n<p><span style=\"color: #000000;\">L\u2019\u00e9quipe BANA active dans le domaine de d\u00e9veloppement d\u2019IP-VLSI optimis\u00e9s\u00a0 pour des applications de traitement de signal\/image, syst\u00e8mes de contr\u00f4le, syst\u00e8mes de cryptographie, etc.<\/span><\/p>\n<h3><span style=\"color: #000000;\"><strong>Th\u00e8mes de recherche<\/strong><\/span><\/h3>\n<ul>\n<li><span style=\"color: #000000;\">D\u00e9veloppement de nouveaux algorithmes et recodages bas\u00e9s sur le calcul exact et inexact destin\u00e9s \u00e0 l\u2019optimisation VLSI des syst\u00e8mes lin\u00e9aires variant et invariant dans le temps.<\/span><\/li>\n<li><span style=\"color: #000000;\">D\u00e9veloppement de nouveaux algorithmes bas\u00e9s sur les it\u00e9rations chaotiques et les courbes elliptiques pour des applications cryptographiques l\u00e9g\u00e8res (lightweightcryptography) .<\/span><\/li>\n<\/ul>\n<h3><span style=\"color: #000000;\"><strong>Expertise<\/strong><\/span><\/h3>\n<ul>\n<li><span style=\"color: #000000;\">Arithm\u00e9tique des ordinateurs pour des applications VLSI.<\/span><\/li>\n<li><span style=\"color: #000000;\">Conception digitale rapide et \u00e0 faible consommation de puissance.<\/span><\/li>\n<li><span style=\"color: #000000;\">Sp\u00e9cification d\u2019IPs, conception et v\u00e9rification.<\/span><\/li>\n<li><span style=\"color: #000000;\">FPGA, ASIC, SoC, syst\u00e8mes embarqu\u00e9s.<\/span><\/li>\n<\/ul>\n<h3><span style=\"color: #000000;\"><strong>Projets de recherche<\/strong><\/span><\/h3>\n<p><span style=\"color: #000000;\"><strong>Projet FNR<\/strong><\/span><\/p>\n<p><span style=\"color: #000000;\"><strong>Projet 1:<\/strong> Plateforme d\u2019IPs VLSI d\u00e9di\u00e9e aux universit\u00e9s alg\u00e9riennes<\/span><\/p>\n<p><span style=\"color: #000000;\">Membres : A.K. OUDJIDA, A. LIACHA, M. BAKIRI, F. LOUIZ, R.N. BELLAL<\/span><\/p>\n<h3><span style=\"color: #000000;\"><strong>Liste des membres<\/strong><\/span><\/h3>\n<ul>\n<li><span style=\"color: #000000;\"><a style=\"color: #000000;\" href=\"https:\/\/scholar.google.fr\/citations?hl=fr&amp;user=PopV-I8AAAAJ\">OUDJIDA Abdelkrim Kamel<\/a>, a_oudjida@cdta.dz, Maitre de recherche A,<\/span><\/li>\n<li><span style=\"color: #000000;\"><a style=\"color: #000000;\" href=\"https:\/\/scholar.google.fr\/citations?hl=fr&amp;user=09Ol2FgAAAAJ\">LIACHA Ahmed<\/a>, liacha@cdta.dz, Maitre de recherche B,<\/span><\/li>\n<li><span style=\"color: #000000;\"><a style=\"color: #000000;\" href=\"https:\/\/scholar.google.fr\/citations?hl=fr&amp;user=_sNCruEAAAAJ\">BAKIRI Mohammed<\/a>, mbakiri@cdta.dz, Maitre de recherche B,<\/span><\/li>\n<li><span style=\"color: #000000;\">LOUIZ Fatiha, flouiz@cdta.dz, Ing\u00e9nieur conseiller<\/span><\/li>\n<li><span style=\"color: #000000;\"><a style=\"color: #000000;\" href=\"https:\/\/scholar.google.fr\/citations?hl=fr&amp;user=MYpYoSAAAAAJ\">BELLAL Rima Narimene<\/a>, rbellal@cdta.dz, Ing\u00e9nieur de soutien,<\/span><\/li>\n<\/ul>\n<h3><span style=\"color: #000000;\"><strong>Equipent\/ Logiciels<\/strong><\/span><\/h3>\n<ul>\n<li><span style=\"color: #000000;\">FPGA evaluation boards<\/span><\/li>\n<li><span style=\"color: #000000;\">Cadence platform<\/span><\/li>\n<li><span style=\"color: #000000;\">Logic analyzer TLA714<\/span><\/li>\n<li><span style=\"color: #000000;\">FT-G100 Microgrippers<\/span><\/li>\n<li><span style=\"color: #000000;\">PC acquisition and control system (FT-SDA01 &amp; FT-C01) for FT-G100 Microgripper<\/span><\/li>\n<li><span style=\"color: #000000;\">Displacement laser-meter<\/span><\/li>\n<\/ul>\n<h3><span style=\"color: #000000;\"><strong>Collaboration<\/strong><\/span><\/h3>\n<ul>\n<li><span style=\"color: #000000;\">ALGOS Team, INESC-ID Institute, Lisbonne, Portugal<\/span><\/li>\n<li><span style=\"color: #000000;\">DN Team, Kassel University, Allemagne<\/span><\/li>\n<li><span style=\"color: #000000;\">DISC Team, FEMTO-ST Institute, Besan\u00e7on, France<\/span><\/li>\n<li><span style=\"color: #000000;\">AS2M Team, FEMTO-ST Institute, Besan\u00e7on, France<\/span><\/li>\n<li><span style=\"color: #000000;\">PEQUAN Team, LIP6, Jussieux University, Paris, France<\/span><\/li>\n<li><span style=\"color: #000000;\">Cadence Incorporation, R&amp;D Team in RTL synthesis, Los Angeles, USA<\/span><\/li>\n<\/ul>\n<p>[\/vc_column_text][\/vc_column][\/vc_row]<\/p>\n","protected":false},"excerpt":{"rendered":"<p>[vc_row][vc_column][vc_column_text] Equipe: Binary Arithmetic for Numeric Applications (BANA) Chef d&rsquo;\u00e9quipe: Dr. Oudjida Abdelkrim Kamel &nbsp; Pr\u00e9sentation\u00a0de l&rsquo;\u00e9quipe: L\u2019\u00e9quipe BANA active dans le domaine de d\u00e9veloppement d\u2019IP-VLSI optimis\u00e9s\u00a0 pour des applications de traitement de signal\/image, syst\u00e8mes de contr\u00f4le, syst\u00e8mes de cryptographie, etc. Th\u00e8mes de recherche D\u00e9veloppement de nouveaux algorithmes et recodages bas\u00e9s sur le calcul exact [&hellip;]<\/p>\n","protected":false},"author":46,"featured_media":2195,"parent":2700,"menu_order":5,"comment_status":"closed","ping_status":"closed","template":"division-page.php","meta":{"footnotes":""},"class_list":["post-7711","page","type-page","status-publish","has-post-thumbnail","hentry"],"_links":{"self":[{"href":"https:\/\/www.cdta.dz\/fr\/wp-json\/wp\/v2\/pages\/7711\/"}],"collection":[{"href":"https:\/\/www.cdta.dz\/fr\/wp-json\/wp\/v2\/pages\/"}],"about":[{"href":"https:\/\/www.cdta.dz\/fr\/wp-json\/wp\/v2\/types\/page\/"}],"author":[{"embeddable":true,"href":"https:\/\/www.cdta.dz\/fr\/wp-json\/wp\/v2\/users\/46\/"}],"replies":[{"embeddable":true,"href":"https:\/\/www.cdta.dz\/fr\/wp-json\/wp\/v2\/comments\/?post=7711"}],"version-history":[{"count":1,"href":"https:\/\/www.cdta.dz\/fr\/wp-json\/wp\/v2\/pages\/7711\/revisions\/"}],"predecessor-version":[{"id":13712,"href":"https:\/\/www.cdta.dz\/fr\/wp-json\/wp\/v2\/pages\/7711\/revisions\/13712\/"}],"up":[{"embeddable":true,"href":"https:\/\/www.cdta.dz\/fr\/wp-json\/wp\/v2\/pages\/2700\/"}],"wp:featuredmedia":[{"embeddable":true,"href":"https:\/\/www.cdta.dz\/fr\/wp-json\/wp\/v2\/media\/2195\/"}],"wp:attachment":[{"href":"https:\/\/www.cdta.dz\/fr\/wp-json\/wp\/v2\/media\/?parent=7711"}],"curies":[{"name":"wp","href":"https:\/\/api.w.org\/{rel}","templated":true}]}}