{"id":80,"date":"2015-06-19T22:29:40","date_gmt":"2015-06-19T22:29:40","guid":{"rendered":"http:\/\/10.1.5.53\/?page_id=80"},"modified":"2020-11-05T15:35:08","modified_gmt":"2020-11-05T15:35:08","slug":"a-propos-du-cdta","status":"publish","type":"page","link":"https:\/\/www.cdta.dz\/fr\/cdta\/a-propos-du-cdta\/","title":{"rendered":"\u00c0 propos du CDTA"},"content":{"rendered":"<p>[vc_row][vc_column] <section class=\"site-block  white\" id=\"section-aboutaddanyid21\"><div class=\"row large\"><div class=\"col-md-6\"> <h2 class=\"h1\">\u00c0 propos du CDTA<\/h2><h2 class=\"text-grey\">Recherche, technologie et soci\u00e9t\u00e9<\/h2><\/p>\n<p style=\"text-align: justify;\">Le Centre de D\u00e9veloppement des Technologies Avanc\u00e9es (CDTA) est un \u00e9tablissement public \u00e0 caract\u00e8re scientifique et technologique (EPST). Il a pour mission de mener des actions de recherche scientifique, d\u2019innovation technologique, de valorisation et de formation dans les domaines des sciences et des technologies de l\u2019information, des technologies industrielles et de la robotique, des d\u00e9p\u00f4ts et des traitements des mat\u00e9riaux, des applications et des technologies des lasers.<br \/>\nA travers ses missions, le CDTA contribue activement au d\u00e9veloppement du savoir, \u00e0 sa transformation en savoir faire et en produits n\u00e9cessaires au d\u00e9veloppement \u00e9conomique et soci\u00e9tal.<\/p>\n<div class=\"mobile-space\"><\/div> <\/div><div class=\"col-md-6\"><img decoding=\"async\" src=\"https:\/\/www.cdta.dz\/wp-content\/uploads\/2018\/12\/a-propos-du-cdta-2.png\" alt=\"Client Name\" class=\"img-full\"> <\/div><\/div> <\/section>[\/vc_column][\/vc_row][vc_row][vc_column]  <section class=\"site-grid type-one  grey\" id=\"section-gridgrids1\">  <div class=\"row\"><div class=\"col-md-6 with-icon\"><div class=\"ic\"><i class=\"fa fa-desktop\"><\/i><\/div><h3>Architecture des syst\u00e8mes<\/h3><p>En particulier, les syst\u00e8mes d\u2019information et les entrep\u00f4ts de donn\u00e9es ; la e-sant\u00e9, le e-gouvernement et la e-maintenance.<\/p> <p><a href=\"https:\/\/www.cdta.dz\/fr\/recherche-et-technologie\/divisions\/division-architecture-des-systemes-et-multimedia\/\" class=\"btn btn-link uppercase\">Lire plus<\/a><\/p><\/div><div class=\"col-md-6 with-icon\"><div class=\"ic\"><i class=\"fa fa-cubes\"><\/i><\/div><h3>Micro\u00e9lectronique et la nanotechnologie<\/h3><p>Notamment la fabrication de dispositifs \u00e9lectroniques analogiques et RF ainsi que de circuits int\u00e9gr\u00e9s VLSI.<\/p> <p><a href=\"https:\/\/www.cdta.dz\/fr\/recherche-et-technologie\/divisions\/division-microelectronique-et-nanotechnologie\/\" class=\"btn btn-link uppercase\">Lire plus<\/a><\/p><\/div>   <\/div>  <\/section>[\/vc_column][\/vc_row][vc_row][vc_column]  <section class=\"site-grid type-one  grey\" id=\"section-gridgrids1\">  <div class=\"row\"><div class=\"col-md-6 with-icon\"><div class=\"ic\"><i class=\"fa fa-cogs\"><\/i><\/div><h3>Productique et la robotique<\/h3><p>Les syst\u00e8mes automatis\u00e9s de production, les ateliers flexibles, la vision artificielle et la CFAO.<\/p> <p><a href=\"https:\/\/www.cdta.dz\/fr\/recherche-et-technologie\/divisions\/division-productique-et-robotique\/\" class=\"btn btn-link uppercase\">Lire plus<\/a><\/p><\/div><div class=\"col-md-6 with-icon\"><div class=\"ic\"><i class=\"fa fa-database\"><\/i><\/div><h3>D\u00e9p\u00f4t de couches minces<\/h3><p>Par plasma et par ablation laser, notamment la fabrication de r\u00e9acteurs, la caract\u00e9risation par la diffraction \u00e0 rayons X.<\/p> <p><a href=\"https:\/\/www.cdta.dz\/fr\/recherche-et-technologie\/plateformes-technologiques\/plateforme-de-micro-fabrication\/\" class=\"btn btn-link uppercase\">Lire plus<\/a><\/p><\/div>   <\/div>  <\/section>[\/vc_column][\/vc_row][vc_row][vc_column] <section class=\"site-block  border-top white\" id=\"section-counter\"> <div class=\"counter-list\"> <div class=\"row\"><div class=\"col-md-3 col-sm-6\"> <div class=\"item\">\t<span class=\"counter\" data-from=\"1\" data-to=\"32\" data-speed=\"5000\" data-refresh-interval=\"100\"><\/span><h5>Ann\u00e9es d\u2019existence<\/h5><\/div><\/div><div class=\"col-md-3 col-sm-6\"> <div class=\"item\">\t<span class=\"counter\" data-from=\"0\" data-to=\"601\" data-speed=\"5000\" data-refresh-interval=\"100\"><\/span><h5>Publications<\/h5><\/div><\/div><div class=\"col-md-3 col-sm-6\"> <div class=\"item\">\t<span class=\"counter\" data-from=\"1\" data-to=\"606\" data-speed=\"5000\" data-refresh-interval=\"100\"><\/span><h5>Communications Internationales<\/h5><\/div><\/div><div class=\"col-md-3 col-sm-6\"> <div class=\"item\">\t<span class=\"counter\" data-from=\"1\" data-to=\"282\" data-speed=\"5000\" data-refresh-interval=\"100\"><\/span><h5>Communications Nationales<\/h5><\/div><\/div> <\/div><\/div>  <\/section>[\/vc_column][\/vc_row][vc_row][vc_column] <section class=\"site-block  border-top white\" id=\"section-counter\"> <div class=\"counter-list\"> <div class=\"row\"><div class=\"col-md-3 col-sm-6\"> <div class=\"item\">\t<span class=\"counter\" data-from=\"1\" data-to=\"21\" data-speed=\"5000\" data-refresh-interval=\"100\"><\/span><h5>Brevets<\/h5><\/div><\/div><div class=\"col-md-3 col-sm-6\"> <div class=\"item\">\t<span class=\"counter\" data-from=\"1\" data-to=\"122\" data-speed=\"5000\" data-refresh-interval=\"100\"><\/span><h5>Logiciels D\u00e9velopp\u00e9s<\/h5><\/div><\/div> <\/div><\/div>  <\/section>[\/vc_column][\/vc_row][vc_row][vc_column] <section class=\"site-block  white border-top\" id=\"section-clients\"> <h2 class=\"section-title\">Nos partenaires<\/h2> <h4 class=\"section-desc\"><\/h4> <div class=\"row\"><div class=\"client-list type-one owl-four\" id=\"owl-clients\"> <div class=\"col-md-12\">  <div class=\"client-logo\"><a href=\"#0\"><img decoding=\"async\" src=\"https:\/\/www.cdta.dz\/wp-content\/uploads\/2019\/05\/sonelgaz-logo.png\" alt=\"Client\" class=\"img-full\"><\/a><\/div><\/div> <div class=\"col-md-12\">  <div class=\"client-logo\"><a href=\"#0\"><img decoding=\"async\" src=\"https:\/\/www.cdta.dz\/wp-content\/uploads\/2019\/05\/ansej-logo.png\" alt=\"Client\" class=\"img-full\"><\/a><\/div><\/div> <div class=\"col-md-12\">  <div class=\"client-logo\"><a href=\"#0\"><img decoding=\"async\" src=\"https:\/\/www.cdta.dz\/wp-content\/uploads\/2019\/05\/technische-universitat-dortmund-logo.png\" alt=\"Client\" class=\"img-full\"><\/a><\/div><\/div> <div class=\"col-md-12\">  <div class=\"client-logo\"><a href=\"#0\"><img decoding=\"async\" src=\"https:\/\/www.cdta.dz\/wp-content\/uploads\/2019\/05\/universite-de-tlemcen-logo.png\" alt=\"Client\" class=\"img-full\"><\/a><\/div><\/div> <div class=\"col-md-12\">  <div class=\"client-logo\"><a href=\"#0\"><img decoding=\"async\" src=\"https:\/\/www.cdta.dz\/wp-content\/uploads\/2019\/05\/universite-saad-dahlab-logo.png\" alt=\"Client\" class=\"img-full\"><\/a><\/div><\/div> <div class=\"col-md-12\">  <div class=\"client-logo\"><a href=\"#0\"><img decoding=\"async\" src=\"https:\/\/www.cdta.dz\/wp-content\/uploads\/2019\/05\/groupe-industriel-des-ciments-algerie-logo.png\" alt=\"Client\" class=\"img-full\"><\/a><\/div><\/div> <div class=\"col-md-12\">  <div class=\"client-logo\"><a href=\"#0\"><img decoding=\"async\" src=\"https:\/\/www.cdta.dz\/wp-content\/uploads\/2019\/05\/siemens-logo.png\" alt=\"Client\" class=\"img-full\"><\/a><\/div><\/div><\/div> <\/div> <\/section>[\/vc_column][\/vc_row]<\/p>\n","protected":false},"excerpt":{"rendered":"<p>[vc_row][vc_column][\/vc_column][\/vc_row][vc_row][vc_column][\/vc_column][\/vc_row][vc_row][vc_column][\/vc_column][\/vc_row][vc_row][vc_column][\/vc_column][\/vc_row][vc_row][vc_column][\/vc_column][\/vc_row][vc_row][vc_column][\/vc_column][\/vc_row]<\/p>\n","protected":false},"author":46,"featured_media":2195,"parent":5534,"menu_order":0,"comment_status":"closed","ping_status":"closed","template":"fullwidth-page.php","meta":{"footnotes":""},"class_list":["post-80","page","type-page","status-publish","has-post-thumbnail","hentry"],"_links":{"self":[{"href":"https:\/\/www.cdta.dz\/fr\/wp-json\/wp\/v2\/pages\/80\/"}],"collection":[{"href":"https:\/\/www.cdta.dz\/fr\/wp-json\/wp\/v2\/pages\/"}],"about":[{"href":"https:\/\/www.cdta.dz\/fr\/wp-json\/wp\/v2\/types\/page\/"}],"author":[{"embeddable":true,"href":"https:\/\/www.cdta.dz\/fr\/wp-json\/wp\/v2\/users\/46\/"}],"replies":[{"embeddable":true,"href":"https:\/\/www.cdta.dz\/fr\/wp-json\/wp\/v2\/comments\/?post=80"}],"version-history":[{"count":2,"href":"https:\/\/www.cdta.dz\/fr\/wp-json\/wp\/v2\/pages\/80\/revisions\/"}],"predecessor-version":[{"id":191095,"href":"https:\/\/www.cdta.dz\/fr\/wp-json\/wp\/v2\/pages\/80\/revisions\/191095\/"}],"up":[{"embeddable":true,"href":"https:\/\/www.cdta.dz\/fr\/wp-json\/wp\/v2\/pages\/5534\/"}],"wp:featuredmedia":[{"embeddable":true,"href":"https:\/\/www.cdta.dz\/fr\/wp-json\/wp\/v2\/media\/2195\/"}],"wp:attachment":[{"href":"https:\/\/www.cdta.dz\/fr\/wp-json\/wp\/v2\/media\/?parent=80"}],"curies":[{"name":"wp","href":"https:\/\/api.w.org\/{rel}","templated":true}]}}