{"id":8018,"date":"2019-09-23T13:40:27","date_gmt":"2019-09-23T13:40:27","guid":{"rendered":"http:\/\/10.1.5.53\/?page_id=8018"},"modified":"2019-10-23T15:10:22","modified_gmt":"2019-10-23T15:10:22","slug":"thematiques-de-recherche","status":"publish","type":"page","link":"https:\/\/www.cdta.dz\/fr\/recherche-et-technologie\/divisions\/division-microelectronique-et-nanotechnologie\/thematiques-de-recherche\/","title":{"rendered":"Th\u00e9matiques de recherche"},"content":{"rendered":"<p>Les activit\u00e9s de recherche de la Division Micro\u00e9lectronique et Nanotechnologie portent de fa\u00e7on g\u00e9n\u00e9rale sur la conception de circuits int\u00e9gr\u00e9s RF et mixtes, de syst\u00e8mes int\u00e9gr\u00e9s sur puce et de composants MEMS, le d\u00e9veloppement d\u2019outils CAO-VLSI, la caract\u00e9risation et la fiabilit\u00e9 des dispositifs \u00e0 semi-conducteurs et la simulation technologique.<\/p>\n<p>La conception de circuits int\u00e9gr\u00e9s porte essentiellement sur :<\/p>\n<ul>\n<li>Les circuits int\u00e9gr\u00e9s sp\u00e9cifiques ASICs\/FPGA<\/li>\n<li>Les syst\u00e8mes int\u00e9gr\u00e9s sur puce (SoC)<\/li>\n<li>Les circuits int\u00e9gr\u00e9s \u00e0 radiofr\u00e9quence<\/li>\n<\/ul>\n<p>L\u2019activit\u00e9 de conception des composants MEMS porte sur :<\/p>\n<ul>\n<li>La conception et r\u00e9alisation de micro-capteurs et actionneurs<\/li>\n<li>L\u2019\u00e9laboration des mat\u00e9riaux d\u00e9di\u00e9s aux Microsyst\u00e8mes (MEMS)<\/li>\n<li>L\u2019\u00e9laboration des proc\u00e9d\u00e9s pour la micro-fabrication des dispositifs MEMS<\/li>\n<\/ul>\n<p>L\u2019activit\u00e9 de d\u00e9veloppement d\u2019outils de CAO\/VLSI porte essentiellement sur\u00a0:<\/p>\n<ul>\n<li>Le d\u00e9veloppement de plateformes pour la conception conjointe hardware software co-design pour l\u2019impl\u00e9mentation d\u2019algorithmes intelligent sur FPGA\/ASIC<\/li>\n<li>Le d\u00e9veloppement de techniques d\u2019optimisation efficaces du point de vue temps CPU du fait du traitement d\u2019un ensemble de donn\u00e9es tr\u00e8s large<\/li>\n<\/ul>\n<p>L\u2019activit\u00e9 de caract\u00e9risation et de fiabilit\u00e9 des composants porte essentiellement sur :<\/p>\n<ul>\n<li>La caract\u00e9risation \u00e9lectrique des composants et dispositifs \u00e0 semi-conducteurs<\/li>\n<li>Le d\u00e9veloppement des plates-formes soft\/hard de test de fiabilit\u00e9 des composants<\/li>\n<li>D\u00e9veloppement de techniques de conception pour am\u00e9liorer la fiabilit\u00e9 des circuits int\u00e9gr\u00e9s<\/li>\n<\/ul>\n<p>L\u2019activit\u00e9 de simulation technologique porte essentiellement sur :<\/p>\n<ul>\n<li>La simulation TCAD (SILVACO) de proc\u00e9d\u00e9s technologiques CMOS, et de son comportement \u00e9lectrique (<em>Process and device simulation<\/em>)<\/li>\n<li>La simulation multi-physique des dispositifs MEMS, BioMEMS et RF MEMS en utilisant l\u2019outil <em>Comsol multiphysics<\/em><\/li>\n<\/ul>\n","protected":false},"excerpt":{"rendered":"<p>Les activit\u00e9s de recherche de la Division Micro\u00e9lectronique et Nanotechnologie portent de fa\u00e7on g\u00e9n\u00e9rale sur la conception de circuits int\u00e9gr\u00e9s RF et mixtes, de syst\u00e8mes int\u00e9gr\u00e9s sur puce et de composants MEMS, le d\u00e9veloppement d\u2019outils CAO-VLSI, la caract\u00e9risation et la fiabilit\u00e9 des dispositifs \u00e0 semi-conducteurs et la simulation technologique. La conception de circuits int\u00e9gr\u00e9s porte [&hellip;]<\/p>\n","protected":false},"author":46,"featured_media":8938,"parent":5471,"menu_order":0,"comment_status":"closed","ping_status":"closed","template":"division-page.php","meta":{"footnotes":""},"class_list":["post-8018","page","type-page","status-publish","has-post-thumbnail","hentry"],"_links":{"self":[{"href":"https:\/\/www.cdta.dz\/fr\/wp-json\/wp\/v2\/pages\/8018\/"}],"collection":[{"href":"https:\/\/www.cdta.dz\/fr\/wp-json\/wp\/v2\/pages\/"}],"about":[{"href":"https:\/\/www.cdta.dz\/fr\/wp-json\/wp\/v2\/types\/page\/"}],"author":[{"embeddable":true,"href":"https:\/\/www.cdta.dz\/fr\/wp-json\/wp\/v2\/users\/46\/"}],"replies":[{"embeddable":true,"href":"https:\/\/www.cdta.dz\/fr\/wp-json\/wp\/v2\/comments\/?post=8018"}],"version-history":[{"count":0,"href":"https:\/\/www.cdta.dz\/fr\/wp-json\/wp\/v2\/pages\/8018\/revisions\/"}],"up":[{"embeddable":true,"href":"https:\/\/www.cdta.dz\/fr\/wp-json\/wp\/v2\/pages\/5471\/"}],"wp:featuredmedia":[{"embeddable":true,"href":"https:\/\/www.cdta.dz\/fr\/wp-json\/wp\/v2\/media\/8938\/"}],"wp:attachment":[{"href":"https:\/\/www.cdta.dz\/fr\/wp-json\/wp\/v2\/media\/?parent=8018"}],"curies":[{"name":"wp","href":"https:\/\/api.w.org\/{rel}","templated":true}]}}