{"id":8019,"date":"2019-09-23T13:44:32","date_gmt":"2019-09-23T13:44:32","guid":{"rendered":"http:\/\/10.1.5.53\/?page_id=8019"},"modified":"2019-10-24T09:06:53","modified_gmt":"2019-10-24T09:06:53","slug":"programme-de-recherche-de-la-division","status":"publish","type":"page","link":"https:\/\/www.cdta.dz\/fr\/recherche-et-technologie\/divisions\/division-microelectronique-et-nanotechnologie\/programme-de-recherche-de-la-division\/","title":{"rendered":"Programme de recherche de la division"},"content":{"rendered":"<p><strong>Projets socio-\u00e9conomiques<\/strong><\/p>\n<p>En avril 2018, cinq projets de recherche \u00e0 impact socio-\u00e9conomique CDTA-DGRSDT ont \u00e9t\u00e9 lanc\u00e9s \u00e0 la DMN. Les intitul\u00e9s de ces projets sont :<\/p>\n<ul>\n<li>Noeud de Capteur Intelligent reprogrammable<\/li>\n<li>Syst\u00e8me Radio Tx\/Rx pour les Capteurs Intelligents<\/li>\n<li>D\u00e9tecteurs de gaz \u00e0 base d&rsquo;oxydes semi-conducteurs pour s\u00e9curiser la qualit\u00e9 de l&rsquo;air int\u00e9rieur dans une ville intelligente<\/li>\n<li>Conception et r\u00e9alisation d&rsquo;un capteur de temp\u00e9rature \u00e0 base du SAW compatible avec la technologie CMOS 1-\u03bcm<\/li>\n<li>Conception et r\u00e9alisation d&rsquo;un banc de caract\u00e9risation automatis\u00e9 sous un environnement contr\u00f4l\u00e9<\/li>\n<\/ul>\n<p><strong>Projets triennaux<\/strong><\/p>\n<p>En janvier 2019, quatre projets de FNR ont \u00e9t\u00e9 lanc\u00e9s \u00e0 la DMN. Les intitul\u00e9s de ces projets sont:<\/p>\n<ul>\n<li>Fabrication des structures de haute capacit\u00e9 \u00e0 base de polym\u00e8res<\/li>\n<li>D\u00e9veloppement de mini et micror\u00e9acteurs chimiques en flux continu pour les proc\u00e9d\u00e9s industriels et biom\u00e9dicaux<\/li>\n<li>Hardware Software co-design pour le contr\u00f4le intelligent et l\u2019optimisation de l\u2019\u00e9nergie : cas du Solaire photovolta\u00efque<\/li>\n<li>D\u00e9veloppement d\u2019Outils de Caract\u00e9risation: de la Microstructure des D\u00e9fauts \u00e0 la D\u00e9gradation des Circuits Int\u00e9gr\u00e9s<\/li>\n<\/ul>\n","protected":false},"excerpt":{"rendered":"<p>Projets socio-\u00e9conomiques En avril 2018, cinq projets de recherche \u00e0 impact socio-\u00e9conomique CDTA-DGRSDT ont \u00e9t\u00e9 lanc\u00e9s \u00e0 la DMN. Les intitul\u00e9s de ces projets sont : Noeud de Capteur Intelligent reprogrammable Syst\u00e8me Radio Tx\/Rx pour les Capteurs Intelligents D\u00e9tecteurs de gaz \u00e0 base d&rsquo;oxydes semi-conducteurs pour s\u00e9curiser la qualit\u00e9 de l&rsquo;air int\u00e9rieur dans une ville [&hellip;]<\/p>\n","protected":false},"author":46,"featured_media":8938,"parent":5471,"menu_order":0,"comment_status":"closed","ping_status":"closed","template":"division-page.php","meta":{"footnotes":""},"class_list":["post-8019","page","type-page","status-publish","has-post-thumbnail","hentry"],"_links":{"self":[{"href":"https:\/\/www.cdta.dz\/fr\/wp-json\/wp\/v2\/pages\/8019\/"}],"collection":[{"href":"https:\/\/www.cdta.dz\/fr\/wp-json\/wp\/v2\/pages\/"}],"about":[{"href":"https:\/\/www.cdta.dz\/fr\/wp-json\/wp\/v2\/types\/page\/"}],"author":[{"embeddable":true,"href":"https:\/\/www.cdta.dz\/fr\/wp-json\/wp\/v2\/users\/46\/"}],"replies":[{"embeddable":true,"href":"https:\/\/www.cdta.dz\/fr\/wp-json\/wp\/v2\/comments\/?post=8019"}],"version-history":[{"count":0,"href":"https:\/\/www.cdta.dz\/fr\/wp-json\/wp\/v2\/pages\/8019\/revisions\/"}],"up":[{"embeddable":true,"href":"https:\/\/www.cdta.dz\/fr\/wp-json\/wp\/v2\/pages\/5471\/"}],"wp:featuredmedia":[{"embeddable":true,"href":"https:\/\/www.cdta.dz\/fr\/wp-json\/wp\/v2\/media\/8938\/"}],"wp:attachment":[{"href":"https:\/\/www.cdta.dz\/fr\/wp-json\/wp\/v2\/media\/?parent=8019"}],"curies":[{"name":"wp","href":"https:\/\/api.w.org\/{rel}","templated":true}]}}