{"id":8020,"date":"2019-09-23T13:47:11","date_gmt":"2019-09-23T13:47:11","guid":{"rendered":"http:\/\/10.1.5.53\/?page_id=8020"},"modified":"2019-10-31T08:41:50","modified_gmt":"2019-10-31T08:41:50","slug":"equipes-de-recherche","status":"publish","type":"page","link":"https:\/\/www.cdta.dz\/fr\/recherche-et-technologie\/divisions\/division-microelectronique-et-nanotechnologie\/equipes-de-recherche\/","title":{"rendered":"Equipes de recherche"},"content":{"rendered":"<p>La division est organis\u00e9e en quatre \u00e9quipes de recherche :<\/p>\n<ul>\n<li><a href=\"https:\/\/www.cdta.dz\/fr\/recherche-et-technologie\/divisions\/division-microelectronique-et-nanotechnologie\/equipes-de-recherche\/equipe-mems-sensors\/\">Equipe des Syst\u00e8mes micro-\u00e9lectrom\u00e9caniques et capteurs (MEMS &amp; SENSORS)<\/a>;<\/li>\n<li><a href=\"https:\/\/www.cdta.dz\/fr\/recherche-et-technologie\/divisions\/division-microelectronique-et-nanotechnologie\/equipes-de-recherche\/equipe-fcs\/\">Equipe Fiabilit\u00e9 des Composants \u00e0 Semi-conducteurs (FCS);<\/a><\/li>\n<li><a href=\"https:\/\/www.cdta.dz\/fr\/recherche-et-technologie\/divisions\/division-microelectronique-et-nanotechnologie\/equipes-de-recherche\/equipe-tdcsd\/\">Equipe Conception d&rsquo;outils, de Circuits et de Syst\u00e8mes Digitaux (TDCSD);<\/a><\/li>\n<li><a href=\"https:\/\/www.cdta.dz\/fr\/recherche-et-technologie\/divisions\/division-microelectronique-et-nanotechnologie\/equipes-de-recherche\/equipe-arfic\/\">Equipe Analog\/RF IC Design (ARFIC).<\/a><\/li>\n<\/ul>\n<p>Ces \u00e9quipes exploitent trois plateformes, \u00e0 savoir la salle de caract\u00e9risation \u00e9lectrique, la plateforme des outils de conception, et la salle MEMS.<\/p>\n<p>L&rsquo;organigramme actuel de la division est repr\u00e9sent\u00e9 par la figure ci-dessous.<\/p>\n<p><img loading=\"lazy\" decoding=\"async\" class=\"alignnone wp-image-8288\" src=\"https:\/\/www.cdta.dz\/wp-content\/uploads\/2019\/09\/Image_fran\u00e7ais-1-300x168.png\" alt=\"\" width=\"631\" height=\"354\" srcset=\"https:\/\/www.cdta.dz\/wp-content\/uploads\/2019\/09\/Image_fran\u00e7ais-1-300x168.png 300w, https:\/\/www.cdta.dz\/wp-content\/uploads\/2019\/09\/Image_fran\u00e7ais-1-768x430.png 768w, https:\/\/www.cdta.dz\/wp-content\/uploads\/2019\/09\/Image_fran\u00e7ais-1.png 1406w\" sizes=\"auto, (max-width: 631px) 100vw, 631px\" \/><\/p>\n","protected":false},"excerpt":{"rendered":"<p>La division est organis\u00e9e en quatre \u00e9quipes de recherche : Equipe des Syst\u00e8mes micro-\u00e9lectrom\u00e9caniques et capteurs (MEMS &amp; SENSORS); Equipe Fiabilit\u00e9 des Composants \u00e0 Semi-conducteurs (FCS); Equipe Conception d&rsquo;outils, de Circuits et de Syst\u00e8mes Digitaux (TDCSD); Equipe Analog\/RF IC Design (ARFIC). Ces \u00e9quipes exploitent trois plateformes, \u00e0 savoir la salle de caract\u00e9risation \u00e9lectrique, la plateforme [&hellip;]<\/p>\n","protected":false},"author":46,"featured_media":8938,"parent":5471,"menu_order":0,"comment_status":"closed","ping_status":"closed","template":"division-page.php","meta":{"footnotes":""},"class_list":["post-8020","page","type-page","status-publish","has-post-thumbnail","hentry"],"_links":{"self":[{"href":"https:\/\/www.cdta.dz\/fr\/wp-json\/wp\/v2\/pages\/8020\/"}],"collection":[{"href":"https:\/\/www.cdta.dz\/fr\/wp-json\/wp\/v2\/pages\/"}],"about":[{"href":"https:\/\/www.cdta.dz\/fr\/wp-json\/wp\/v2\/types\/page\/"}],"author":[{"embeddable":true,"href":"https:\/\/www.cdta.dz\/fr\/wp-json\/wp\/v2\/users\/46\/"}],"replies":[{"embeddable":true,"href":"https:\/\/www.cdta.dz\/fr\/wp-json\/wp\/v2\/comments\/?post=8020"}],"version-history":[{"count":0,"href":"https:\/\/www.cdta.dz\/fr\/wp-json\/wp\/v2\/pages\/8020\/revisions\/"}],"up":[{"embeddable":true,"href":"https:\/\/www.cdta.dz\/fr\/wp-json\/wp\/v2\/pages\/5471\/"}],"wp:featuredmedia":[{"embeddable":true,"href":"https:\/\/www.cdta.dz\/fr\/wp-json\/wp\/v2\/media\/8938\/"}],"wp:attachment":[{"href":"https:\/\/www.cdta.dz\/fr\/wp-json\/wp\/v2\/media\/?parent=8020"}],"curies":[{"name":"wp","href":"https:\/\/api.w.org\/{rel}","templated":true}]}}