{"id":8028,"date":"2019-09-23T14:03:33","date_gmt":"2019-09-23T14:03:33","guid":{"rendered":"http:\/\/10.1.5.53\/?page_id=8028"},"modified":"2021-01-28T10:31:50","modified_gmt":"2021-01-28T10:31:50","slug":"equipe-mems-sensors","status":"publish","type":"page","link":"https:\/\/www.cdta.dz\/fr\/recherche-et-technologie\/divisions\/division-microelectronique-et-nanotechnologie\/equipes-de-recherche\/equipe-mems-sensors\/","title":{"rendered":"Equipe MEMS &amp; SENSORS"},"content":{"rendered":"<p><strong>Chef d\u2019\u00e9quipe : DR. SERHANE Rafik<\/strong><\/p>\n<p>L\u2019activit\u00e9 R&amp;D de l&rsquo;\u00e9quipe de recherche \u00ab MEMS and SENSORS\u00bb consiste essentiellement \u00e0 la conception, fabrication et caract\u00e9risation des dispositifs MEMS et des capteurs. Le principal objectif de l&rsquo;\u00e9quipe est de traiter \u00a0des projets R&amp;D d\u2019actualit\u00e9 \u00e0 impact socio-\u00e9conomique important qui prennent en compte les probl\u00e9matiques de la soci\u00e9t\u00e9.<\/p>\n<p><strong>Membres de l&rsquo;\u00e9quipe:<\/strong><\/p>\n<ul>\n<li>OUSSALAH Slimane (DR) \u00a0\u00a0 <a href=\"mailto:soussalah@cdtadz\"><strong>soussalah@cdtadz<\/strong><\/a><\/li>\n<li><img loading=\"lazy\" decoding=\"async\" class=\"alignnone wp-image-12264\" src=\"https:\/\/www.cdta.dz\/wp-content\/uploads\/2019\/11\/Bakha-249x300.jpg\" alt=\"\" width=\"83\" height=\"100\" srcset=\"https:\/\/www.cdta.dz\/wp-content\/uploads\/2019\/11\/Bakha-249x300.jpg 249w, https:\/\/www.cdta.dz\/wp-content\/uploads\/2019\/11\/Bakha.jpg 348w\" sizes=\"auto, (max-width: 83px) 100vw, 83px\" \/> BAKHA Yamna (MRA) <a href=\"mailto:ybakha@cdta,dz\"><strong>ybakha@cdta.dz<\/strong><\/a><\/li>\n<li><strong><img loading=\"lazy\" decoding=\"async\" class=\"alignnone wp-image-12259\" src=\"https:\/\/www.cdta.dz\/wp-content\/uploads\/2019\/11\/Rafik-Serhane-241x300.png\" alt=\"\" width=\"83\" height=\"104\" srcset=\"https:\/\/www.cdta.dz\/wp-content\/uploads\/2019\/11\/Rafik-Serhane-241x300.png 241w, https:\/\/www.cdta.dz\/wp-content\/uploads\/2019\/11\/Rafik-Serhane.png 367w\" sizes=\"auto, (max-width: 83px) 100vw, 83px\" \/> <\/strong>SERHANE Rafik (MRA)\u00a0 \u00a0 <strong><a href=\"mailto:rsehane@cdta,dz\">rsehane@cdta.dz<\/a>\u00a0<\/strong><\/li>\n<li>BOUASLA Chafia (MRA) \u00a0\u00a0 <a href=\"mailto:cbouasla@cdta,dz\"><strong>cbouasla@cdta.dz<\/strong><\/a><\/li>\n<li>HADJ-LARBI Fay\u00e7al (MRA)\u00a0 \u00a0 <a href=\"mailto:fhadjlarbi@cdta,dz\"><strong>fhadjlarbi@cdta.dz<\/strong><\/a><\/li>\n<li><img loading=\"lazy\" decoding=\"async\" class=\"alignnone wp-image-12272\" src=\"https:\/\/www.cdta.dz\/wp-content\/uploads\/2019\/11\/Merah-232x300.jpg\" alt=\"\" width=\"88\" height=\"114\" srcset=\"https:\/\/www.cdta.dz\/wp-content\/uploads\/2019\/11\/Merah-232x300.jpg 232w, https:\/\/www.cdta.dz\/wp-content\/uploads\/2019\/11\/Merah.jpg 327w\" sizes=\"auto, (max-width: 88px) 100vw, 88px\" \/>MERAH Sidi-mohamed (MRB)\u00a0 \u00a0 <a href=\"mailto:smerah@cdta,dz\"><strong>smerah@cdta.dz<\/strong><\/a><\/li>\n<li>LOUCIF Mohamed Seiad (MRB) \u00a0\u00a0 <a href=\"mailto:mloucif@cdta,dz\"><strong>mloucif@cdta.dz<\/strong><\/a><\/li>\n<li>KAHLOUCHE Karima (MRB) \u00a0\u00a0 <a href=\"mailto:kkahlouche@cdta,dz\"><strong>kkahlouche@cdta.dz<\/strong><\/a><\/li>\n<li>SMATTI Abderrazak (CR) \u00a0\u00a0 <a href=\"mailto:asmatti@cdta,dz\"><strong>asmatti@cdta.dz<\/strong><\/a><\/li>\n<li>MAHDI Mohamed (AR)\u00a0 \u00a0 <a href=\"mailto:mmahdi@cdta,dz\"><strong>mmahdi@cdta.dz<\/strong><\/a><\/li>\n<li><img loading=\"lazy\" decoding=\"async\" class=\"alignnone wp-image-12268\" src=\"https:\/\/www.cdta.dz\/wp-content\/uploads\/2019\/11\/600-600-300x300.jpg\" alt=\"\" width=\"88\" height=\"88\" srcset=\"https:\/\/www.cdta.dz\/wp-content\/uploads\/2019\/11\/600-600-300x300.jpg 300w, https:\/\/www.cdta.dz\/wp-content\/uploads\/2019\/11\/600-600-150x150.jpg 150w, https:\/\/www.cdta.dz\/wp-content\/uploads\/2019\/11\/600-600-200x200.jpg 200w, https:\/\/www.cdta.dz\/wp-content\/uploads\/2019\/11\/600-600-445x445.jpg 445w, https:\/\/www.cdta.dz\/wp-content\/uploads\/2019\/11\/600-600-60x60.jpg 60w, https:\/\/www.cdta.dz\/wp-content\/uploads\/2019\/11\/600-600.jpg 600w\" sizes=\"auto, (max-width: 88px) 100vw, 88px\" \/> BOUOUDEN Ali (AR) \u00a0\u00a0 <a href=\"mailto:aboude@cdta,dz\"><strong>abououden@cdta.dz<\/strong><\/a><\/li>\n<li>DERGUINI Noureddine (AR)\u00a0 \u00a0<a href=\"mailto:aboude@cdta,dz\"><strong>abououden@cdta.dz<\/strong><\/a><\/li>\n<li>KHALES Hammouche (IR)\u00a0 \u00a0 <a href=\"mailto:hkhales@cdta,dz\"><strong>hkhales@cdta.dz<\/strong><\/a><\/li>\n<\/ul>\n<p><strong>Projets:<\/strong><\/p>\n<p><strong>Projets socio-\u00e9conomique <\/strong><\/p>\n<p><strong>Projet CT-SAW\/CMOS-1\u00b5m :<\/strong>Conception et r\u00e9alisation d&rsquo;un capteur de temp\u00e9rature \u00e0 base du SAW compatible avec la technologie CMOS 1-\u03bcm.\u00a0<strong>Chef du projet : <\/strong>SERHANE Rafik<\/p>\n<p><strong>Projet DGOSC : <\/strong>D\u00e9tecteurs de gaz \u00e0 base d&rsquo;oxydes semi-conducteurs pour s\u00e9curiser la qualit\u00e9 de l&rsquo;air int\u00e9rieur dans une ville intelligente.\u00a0<strong>Chef du projet\u00a0 : <\/strong>SMATTI Abderrezzak<\/p>\n<p>&nbsp;<\/p>\n<p><strong>Projets triennaux<\/strong><\/p>\n<p><strong>Projet \u03bcRFC : <\/strong>D\u00e9veloppement de mini et micro-r\u00e9acteurs chimiques en flux continu pour les proc\u00e9d\u00e9s industriels et biom\u00e9dicaux. <strong>Chef du projet : <\/strong>BOUASLA Chafia<\/p>\n<p><strong>Projet Supercaps : <\/strong>Fabrication des structures de haute capacit\u00e9 \u00e0 base de polym\u00e8res.\u00a0<strong>Chef du projet\u00a0 : <\/strong>LOUCIF Mohamed Seiad<\/p>\n<p><strong>Expertise<\/strong><\/p>\n<ul>\n<li>Elaboration des mat\u00e9riaux d\u00e9di\u00e9s aux Microsyst\u00e8mes<\/li>\n<li>Conception et mod\u00e9lisation par diff\u00e8rent outils (COMSOL, SILVACO).<\/li>\n<li>D\u00e9veloppement des proc\u00e9d\u00e9s de micro fabrication MEMS.<\/li>\n<li>R\u00e9alisation et caract\u00e9risation des dispositifs MEMS.<\/li>\n<\/ul>\n<p><strong>Domaine d\u2019impact<\/strong><\/p>\n<p><strong>Niveau national<\/strong><\/p>\n<ul>\n<li>Formation et encadrement sur l\u2019activit\u00e9 MEMS (Master, Doctorat..).<\/li>\n<li>Collaboration autour des projets f\u00e9d\u00e9rateurs avec les \u00e9quipes du CDTA ou d\u2019autres structures.<\/li>\n<li>Cr\u00e9ation d\u2019\u00e9quipe mixte avec d\u2019autres structures (centre de recherche, universit\u00e9\u2026).<\/li>\n<li>Participation aux \u00e9v\u00e9nements scientifique et culturels nationaux.<\/li>\n<li>Participation au salon de recherche national.<\/li>\n<li>Organisation d\u2019\u00e9cole th\u00e9matique.<\/li>\n<li>Organisation d\u2019une conf\u00e9rence nationale sur les MEMS &amp; SENSORS.<\/li>\n<\/ul>\n<p><strong>Niveau international<\/strong><\/p>\n<ul>\n<li>Valorisation des r\u00e9sultats de recherche de l\u2019\u00e9quipe dans les manifestations internationales (congr\u00e9s, conf\u00e9rence&#8230;).<\/li>\n<li>Chercher des projets de recherche et de d\u00e9veloppement internationaux pour l\u2019int\u00e9gration de l\u2019activit\u00e9 MEMS.<\/li>\n<\/ul>\n","protected":false},"excerpt":{"rendered":"<p>Chef d\u2019\u00e9quipe : DR. SERHANE Rafik L\u2019activit\u00e9 R&amp;D de l&rsquo;\u00e9quipe de recherche \u00ab MEMS and SENSORS\u00bb consiste essentiellement \u00e0 la conception, fabrication et caract\u00e9risation des dispositifs MEMS et des capteurs. Le principal objectif de l&rsquo;\u00e9quipe est de traiter \u00a0des projets R&amp;D d\u2019actualit\u00e9 \u00e0 impact socio-\u00e9conomique important qui prennent en compte les probl\u00e9matiques de la soci\u00e9t\u00e9. [&hellip;]<\/p>\n","protected":false},"author":46,"featured_media":8938,"parent":8020,"menu_order":0,"comment_status":"closed","ping_status":"closed","template":"division-page.php","meta":{"footnotes":""},"class_list":["post-8028","page","type-page","status-publish","has-post-thumbnail","hentry"],"_links":{"self":[{"href":"https:\/\/www.cdta.dz\/fr\/wp-json\/wp\/v2\/pages\/8028\/"}],"collection":[{"href":"https:\/\/www.cdta.dz\/fr\/wp-json\/wp\/v2\/pages\/"}],"about":[{"href":"https:\/\/www.cdta.dz\/fr\/wp-json\/wp\/v2\/types\/page\/"}],"author":[{"embeddable":true,"href":"https:\/\/www.cdta.dz\/fr\/wp-json\/wp\/v2\/users\/46\/"}],"replies":[{"embeddable":true,"href":"https:\/\/www.cdta.dz\/fr\/wp-json\/wp\/v2\/comments\/?post=8028"}],"version-history":[{"count":3,"href":"https:\/\/www.cdta.dz\/fr\/wp-json\/wp\/v2\/pages\/8028\/revisions\/"}],"predecessor-version":[{"id":48207,"href":"https:\/\/www.cdta.dz\/fr\/wp-json\/wp\/v2\/pages\/8028\/revisions\/48207\/"}],"up":[{"embeddable":true,"href":"https:\/\/www.cdta.dz\/fr\/wp-json\/wp\/v2\/pages\/8020\/"}],"wp:featuredmedia":[{"embeddable":true,"href":"https:\/\/www.cdta.dz\/fr\/wp-json\/wp\/v2\/media\/8938\/"}],"wp:attachment":[{"href":"https:\/\/www.cdta.dz\/fr\/wp-json\/wp\/v2\/media\/?parent=8028"}],"curies":[{"name":"wp","href":"https:\/\/api.w.org\/{rel}","templated":true}]}}