{"id":8038,"date":"2019-09-23T14:29:38","date_gmt":"2019-09-23T14:29:38","guid":{"rendered":"http:\/\/10.1.5.53\/?page_id=8038"},"modified":"2021-01-28T10:24:32","modified_gmt":"2021-01-28T10:24:32","slug":"equipe-tdcsd","status":"publish","type":"page","link":"https:\/\/www.cdta.dz\/fr\/recherche-et-technologie\/divisions\/division-microelectronique-et-nanotechnologie\/equipes-de-recherche\/equipe-tdcsd\/","title":{"rendered":"Equipe TDCSD"},"content":{"rendered":"<p><strong>Chef d\u2019\u00e9quipe : Dr. Nouma IZEBOUDJEN<\/strong><\/p>\n<p>L\u2019\u00e9quipe TDCSD \u0153uvre dans le domaine de la conception et l\u2019int\u00e9gration \u00e0 tr\u00e8s grande \u00e9chelle des circuits, des syst\u00e8mes sur puce,\u00a0 et des syst\u00e8mes embarqu\u00e9s en utilisant d\u2019abord l\u2019approche de conception pour le prototypage rapide, moyennant les plateformes reconfigurables de type FPGA (Field Programmable Gate Arrays), et ensuite l\u2019approche de conception des circuits int\u00e9gr\u00e9s pour des applications sp\u00e9cifiques ASIC (Application SpecificIntegrated Circuits), moyennant les technologies micro\u00e9lectroniques disponibles au niveau de la DMN.<\/p>\n<p>L\u2019activit\u00e9 principale se focalise sur\u00a0 la recherche de nouvelles techniques et la proposition de solutions en vue de\u00a0 l\u2019am\u00e9lioration des performances des circuits et des syst\u00e8mes en termes de surface et de vitesse ainsi que les techniques de conception pour la minimisation de la consommation de l\u2019\u00e9nergie, et les technique pour augmenter la dur\u00e9e de vie dans les batteries. Les grandes th\u00e9matiques pour le prochain programme triennal englobent en premier lieu la conception d\u2019un n\u0153ud de capteur intelligent et reprogrammable; en deuxi\u00e8me lieu l\u2019\u00e9laboration d\u2019une plateforme de conception conjointe hardware-software int\u00e9grant des algorithmes pour la gestion et l\u2019optimisation de la puissance dans les applications li\u00e9es au solaire photovolta\u00efque et en troisi\u00e8me lieu Impl\u00e9mentation de syst\u00e8mes de communication pour les v\u00e9hicules et objets connect\u00e9s sur syst\u00e8mes embarqu\u00e9s et FPGA.\u00a0 Ces trois th\u00e9matiques ont un impact socio-\u00e9conomique dans notre pays (smart X, photovoltaique, TIC, etc.).<\/p>\n<p>&nbsp;<\/p>\n<p><strong>Membres de l\u2019\u00e9quipe <\/strong><\/p>\n<ul>\n<li><img loading=\"lazy\" decoding=\"async\" class=\"alignnone wp-image-12282\" src=\"https:\/\/www.cdta.dz\/wp-content\/uploads\/2019\/11\/Izeboudjen.png\" alt=\"\" width=\"94\" height=\"76\" \/>\u00a0 IZEBOUDJEN Nouma (MRB) <a href=\"mailto:nizeboudjen@cdta,dz\"><strong>nizeboudjen@cdta.dz<\/strong><\/a><\/li>\n<li><img loading=\"lazy\" decoding=\"async\" class=\"alignnone wp-image-12285\" src=\"https:\/\/www.cdta.dz\/wp-content\/uploads\/2019\/11\/Titri.jpg\" alt=\"\" width=\"94\" height=\"89\" \/> TITRI Sabrina (MRB) <a href=\"mailto:stitri@cdta,dz\"><strong>stitri@cdta.dz<\/strong><\/a><\/li>\n<li><img loading=\"lazy\" decoding=\"async\" class=\"alignnone wp-image-8321\" src=\"https:\/\/www.cdta.dz\/wp-content\/uploads\/2019\/09\/Profile-femme-1.jpg\" alt=\"\" width=\"94\" height=\"96\" srcset=\"https:\/\/www.cdta.dz\/wp-content\/uploads\/2019\/09\/Profile-femme-1.jpg 212w, https:\/\/www.cdta.dz\/wp-content\/uploads\/2019\/09\/Profile-femme-1-60x60.jpg 60w\" sizes=\"auto, (max-width: 94px) 100vw, 94px\" \/>\u00a0ABID Feroudja (MRB) <a href=\"mailto:fabid@cdta,dz\"><strong>fabid@cdta.dz<\/strong><\/a><\/li>\n<li><img loading=\"lazy\" decoding=\"async\" class=\"alignnone wp-image-8321\" src=\"https:\/\/www.cdta.dz\/wp-content\/uploads\/2019\/09\/Profile-femme-1.jpg\" alt=\"\" width=\"94\" height=\"96\" srcset=\"https:\/\/www.cdta.dz\/wp-content\/uploads\/2019\/09\/Profile-femme-1.jpg 212w, https:\/\/www.cdta.dz\/wp-content\/uploads\/2019\/09\/Profile-femme-1-60x60.jpg 60w\" sizes=\"auto, (max-width: 94px) 100vw, 94px\" \/>\u00a0BELKHELFA Nabila (IRC) <a href=\"mailto:nbelkhaldfa@cdta,dz\"><strong>nbelkhaldfa@cdta.dz<\/strong><\/a><\/li>\n<li><img loading=\"lazy\" decoding=\"async\" class=\"alignnone wp-image-8321\" src=\"https:\/\/www.cdta.dz\/wp-content\/uploads\/2019\/09\/Profile-femme-1.jpg\" alt=\"\" width=\"94\" height=\"96\" srcset=\"https:\/\/www.cdta.dz\/wp-content\/uploads\/2019\/09\/Profile-femme-1.jpg 212w, https:\/\/www.cdta.dz\/wp-content\/uploads\/2019\/09\/Profile-femme-1-60x60.jpg 60w\" sizes=\"auto, (max-width: 94px) 100vw, 94px\" \/>\u00a0LAZIB Dalila (IRC) <a href=\"mailto:dlazib@cdta,dz\"><strong>dlazib@cdta.dz<\/strong><\/a><\/li>\n<li><img loading=\"lazy\" decoding=\"async\" class=\"alignnone wp-image-8321\" src=\"https:\/\/www.cdta.dz\/wp-content\/uploads\/2019\/09\/Profile-femme-1.jpg\" alt=\"\" width=\"94\" height=\"96\" srcset=\"https:\/\/www.cdta.dz\/wp-content\/uploads\/2019\/09\/Profile-femme-1.jpg 212w, https:\/\/www.cdta.dz\/wp-content\/uploads\/2019\/09\/Profile-femme-1-60x60.jpg 60w\" sizes=\"auto, (max-width: 94px) 100vw, 94px\" \/>\u00a0AKAK Leila (IRC) <a href=\"mailto:dlazib@cdta,dz\"><strong>lakak@cdta.dz<\/strong><\/a><\/li>\n<\/ul>\n<p>&nbsp;<\/p>\n<p><strong>Projets :<\/strong><\/p>\n<p><strong>Projet socio-\u00e9conomique<\/strong><\/p>\n<p><strong>Projet NCIR\u00a0: <\/strong>Noeud de Capteur Intelligent reprogrammable.\u00a0<strong>Chef du projet\u00a0: <\/strong>IZEBOUDJEN Nouma<\/p>\n<p>&nbsp;<\/p>\n<p><strong>Projet triennal<\/strong><\/p>\n<p><strong>Projet HSC-PV\u00a0: \u00a0\u00a0\u00a0\u00a0\u00a0 <\/strong>Hardware Software co-design pour le contr\u00f4le intelligent et l\u2019optimisation de l\u2019\u00e9nergie : cas du Solaire photovolta\u00efque.\u00a0<strong>Chef du projet\u00a0: <\/strong>TITRI Sabrina<\/p>\n<p>&nbsp;<\/p>\n<p><strong>Expertise<\/strong><\/p>\n<ul>\n<li>Codage HDL et RTL des circuits et syst\u00e8mes digitaux<\/li>\n<li>Int\u00e9gration d\u2019IP, Conception pour la r\u00e9utilisation<\/li>\n<li>Reconfiguration dynamique<\/li>\n<li>Hardware Software co-design et synth\u00e8se de haut niveau (HLS, HDL Codes)<\/li>\n<li>Conception des SoCs et syst\u00e8mes embarqu\u00e9s sur FPGA<\/li>\n<li>Conception de SoCs sur ASIC<\/li>\n<li>Impl\u00e9mentation sur FPGA\/ASIC d\u2019algorithmes intelligents: R\u00e9seaux de neurones, algorithmes bio-inspir\u00e9s<\/li>\n<li>Algorithmes pour l\u2019optimisation de la puissance dans les panneaux photovolta\u00efques<\/li>\n<li>Conception de circuits imprim\u00e9s multicouches<\/li>\n<\/ul>\n<p><strong>Domaine d\u2019impact<\/strong><\/p>\n<ul>\n<li>A l\u2019\u00e9chelle nationale, l\u2019\u00e9quipe TDCSD participe \u00e0 des conf\u00e9rences, s\u00e9minaires et workshops nationaux et internationaux, elle a publi\u00e9 ses travaux dans des revues index\u00e9es, elle \u0153uvre pour cr\u00e9er une coop\u00e9ration avec des centre de recherche et universit\u00e9 Alg\u00e9riennes<\/li>\n<li>L\u2019\u00e9quipe TDCSD a contribu\u00e9 \u00e0 l\u2019encadrement d\u2019\u00e9tudiants stagiaires (License, Master, Ing\u00e9niorat, Doctorat) de plusieurs universit\u00e9s du territoire national, et elle \u0153uvre pour une collaboration internationale avec des \u00e9quipe de recherche travaillant dans le m\u00eame domaine.<\/li>\n<\/ul>\n","protected":false},"excerpt":{"rendered":"<p>Chef d\u2019\u00e9quipe : Dr. Nouma IZEBOUDJEN L\u2019\u00e9quipe TDCSD \u0153uvre dans le domaine de la conception et l\u2019int\u00e9gration \u00e0 tr\u00e8s grande \u00e9chelle des circuits, des syst\u00e8mes sur puce,\u00a0 et des syst\u00e8mes embarqu\u00e9s en utilisant d\u2019abord l\u2019approche de conception pour le prototypage rapide, moyennant les plateformes reconfigurables de type FPGA (Field Programmable Gate Arrays), et ensuite l\u2019approche [&hellip;]<\/p>\n","protected":false},"author":46,"featured_media":8938,"parent":8020,"menu_order":0,"comment_status":"closed","ping_status":"closed","template":"division-page.php","meta":{"footnotes":""},"class_list":["post-8038","page","type-page","status-publish","has-post-thumbnail","hentry"],"_links":{"self":[{"href":"https:\/\/www.cdta.dz\/fr\/wp-json\/wp\/v2\/pages\/8038\/"}],"collection":[{"href":"https:\/\/www.cdta.dz\/fr\/wp-json\/wp\/v2\/pages\/"}],"about":[{"href":"https:\/\/www.cdta.dz\/fr\/wp-json\/wp\/v2\/types\/page\/"}],"author":[{"embeddable":true,"href":"https:\/\/www.cdta.dz\/fr\/wp-json\/wp\/v2\/users\/46\/"}],"replies":[{"embeddable":true,"href":"https:\/\/www.cdta.dz\/fr\/wp-json\/wp\/v2\/comments\/?post=8038"}],"version-history":[{"count":2,"href":"https:\/\/www.cdta.dz\/fr\/wp-json\/wp\/v2\/pages\/8038\/revisions\/"}],"predecessor-version":[{"id":48201,"href":"https:\/\/www.cdta.dz\/fr\/wp-json\/wp\/v2\/pages\/8038\/revisions\/48201\/"}],"up":[{"embeddable":true,"href":"https:\/\/www.cdta.dz\/fr\/wp-json\/wp\/v2\/pages\/8020\/"}],"wp:featuredmedia":[{"embeddable":true,"href":"https:\/\/www.cdta.dz\/fr\/wp-json\/wp\/v2\/media\/8938\/"}],"wp:attachment":[{"href":"https:\/\/www.cdta.dz\/fr\/wp-json\/wp\/v2\/media\/?parent=8038"}],"curies":[{"name":"wp","href":"https:\/\/api.w.org\/{rel}","templated":true}]}}