{"id":8080,"date":"2019-09-24T08:38:13","date_gmt":"2019-09-24T08:38:13","guid":{"rendered":"http:\/\/10.1.5.53\/?page_id=8080"},"modified":"2019-09-24T08:38:13","modified_gmt":"2019-09-24T08:38:13","slug":"expertise","status":"publish","type":"page","link":"https:\/\/www.cdta.dz\/fr\/recherche-et-technologie\/divisions\/division-microelectronique-et-nanotechnologie\/expertise\/","title":{"rendered":"Expertise"},"content":{"rendered":"<p>Les membres de la division poss\u00e8dent un savoir-faire et une expertise dans le domaine de\u00a0:<\/p>\n<ul>\n<li>Conception de fonctions analogiques et RF en CMOS (LNA, Mixer,\u2026).<\/li>\n<li>Conception de circuits passifs PCB\/SiP (Filtres, Combineurs, etc.).<\/li>\n<li>Int\u00e9gration de fonctions RF dans les syst\u00e8mes d\u2019\u00e9mission-r\u00e9ception.<\/li>\n<li>Elaboration des mat\u00e9riaux d\u00e9di\u00e9s aux Microsyst\u00e8mes (MEMS).<\/li>\n<li>Elaboration des proc\u00e9d\u00e9s pour la micro-fabrication des dispositifs MEMS.<\/li>\n<li>Conception et r\u00e9alisation de micro-capteurs (Capteur Infrarouge, Capteur\u00a0 \u00e0 Gaz, Bio-Capteurs).<\/li>\n<li>D\u00e9veloppement d\u2019approches d\u2019int\u00e9gration des SoCs sur FPGA.<\/li>\n<li>Int\u00e9gration des syst\u00e8mes digitaux sur ASIC.<\/li>\n<li>D\u00e9veloppement des outils d\u2019aide \u00e0 la conception.<\/li>\n<li>D\u00e9veloppement de bancs de caract\u00e9risation automatis\u00e9s Soft\/hard.<\/li>\n<li>Etudes de la fiabilit\u00e9 des dispositifs semi-conducteurs.<\/li>\n<li>Caract\u00e9risation et mod\u00e9lisation large bande des dispositifs \u00e9mergents.<\/li>\n<\/ul>\n","protected":false},"excerpt":{"rendered":"<p>Les membres de la division poss\u00e8dent un savoir-faire et une expertise dans le domaine de\u00a0: Conception de fonctions analogiques et RF en CMOS (LNA, Mixer,\u2026). Conception de circuits passifs PCB\/SiP (Filtres, Combineurs, etc.). Int\u00e9gration de fonctions RF dans les syst\u00e8mes d\u2019\u00e9mission-r\u00e9ception. Elaboration des mat\u00e9riaux d\u00e9di\u00e9s aux Microsyst\u00e8mes (MEMS). Elaboration des proc\u00e9d\u00e9s pour la micro-fabrication des [&hellip;]<\/p>\n","protected":false},"author":46,"featured_media":8938,"parent":5471,"menu_order":0,"comment_status":"closed","ping_status":"closed","template":"division-page.php","meta":{"footnotes":""},"class_list":["post-8080","page","type-page","status-publish","has-post-thumbnail","hentry"],"_links":{"self":[{"href":"https:\/\/www.cdta.dz\/fr\/wp-json\/wp\/v2\/pages\/8080\/"}],"collection":[{"href":"https:\/\/www.cdta.dz\/fr\/wp-json\/wp\/v2\/pages\/"}],"about":[{"href":"https:\/\/www.cdta.dz\/fr\/wp-json\/wp\/v2\/types\/page\/"}],"author":[{"embeddable":true,"href":"https:\/\/www.cdta.dz\/fr\/wp-json\/wp\/v2\/users\/46\/"}],"replies":[{"embeddable":true,"href":"https:\/\/www.cdta.dz\/fr\/wp-json\/wp\/v2\/comments\/?post=8080"}],"version-history":[{"count":0,"href":"https:\/\/www.cdta.dz\/fr\/wp-json\/wp\/v2\/pages\/8080\/revisions\/"}],"up":[{"embeddable":true,"href":"https:\/\/www.cdta.dz\/fr\/wp-json\/wp\/v2\/pages\/5471\/"}],"wp:featuredmedia":[{"embeddable":true,"href":"https:\/\/www.cdta.dz\/fr\/wp-json\/wp\/v2\/media\/8938\/"}],"wp:attachment":[{"href":"https:\/\/www.cdta.dz\/fr\/wp-json\/wp\/v2\/media\/?parent=8080"}],"curies":[{"name":"wp","href":"https:\/\/api.w.org\/{rel}","templated":true}]}}