{"id":8081,"date":"2019-09-24T08:40:58","date_gmt":"2019-09-24T08:40:58","guid":{"rendered":"http:\/\/10.1.5.53\/?page_id=8081"},"modified":"2019-10-24T09:01:23","modified_gmt":"2019-10-24T09:01:23","slug":"domaine-dimpact","status":"publish","type":"page","link":"https:\/\/www.cdta.dz\/fr\/recherche-et-technologie\/divisions\/division-microelectronique-et-nanotechnologie\/domaine-dimpact\/","title":{"rendered":"Domaine d\u2019impact"},"content":{"rendered":"<p>La division Micro\u00e9lectronique et Nanotechnologie continue \u00e0 progresser davantage en ciblant des activit\u00e9s R&amp;D d\u2019actualit\u00e9 \u00e0 l\u2019instar de ce qui se fait au monde pour assurer une veille technologique dans cette discipline tr\u00e8s comp\u00e9titive sans oublier de contribuer par des actions d\u00e9terminantes en ad\u00e9quation avec le contexte national. Par cons\u00e9quent, la contribution de la division pourra \u00eatre plus concluante pour le d\u00e9veloppement de la micro\u00e9lectronique au niveau national \u00e0 travers sa participation \u00e0 la mise en place d\u2019un Ecosyst\u00e8me en Micro\u00e9lectronique avec les diff\u00e9rents acteurs (gouvernement, universit\u00e9s\/centres de recherche,\u00a0 industrie), dans les th\u00e9matiques telles que :<\/p>\n<ul>\n<li>G\u00e9nie biom\u00e9dical<\/li>\n<li>Num\u00e9rique<\/li>\n<li>Smart-X<\/li>\n<li>Environnement et Eau<\/li>\n<li>Photovolta\u00efque<\/li>\n<li>Capteurs<\/li>\n<li>Micro et Nano technologie<\/li>\n<li>Projets en relation avec la centrale Technologique de Micro\u00e9lectroinique<\/li>\n<li>Connaissances et Formation<\/li>\n<\/ul>\n","protected":false},"excerpt":{"rendered":"<p>La division Micro\u00e9lectronique et Nanotechnologie continue \u00e0 progresser davantage en ciblant des activit\u00e9s R&amp;D d\u2019actualit\u00e9 \u00e0 l\u2019instar de ce qui se fait au monde pour assurer une veille technologique dans cette discipline tr\u00e8s comp\u00e9titive sans oublier de contribuer par des actions d\u00e9terminantes en ad\u00e9quation avec le contexte national. Par cons\u00e9quent, la contribution de la division [&hellip;]<\/p>\n","protected":false},"author":46,"featured_media":8938,"parent":5471,"menu_order":0,"comment_status":"closed","ping_status":"closed","template":"division-page.php","meta":{"footnotes":""},"class_list":["post-8081","page","type-page","status-publish","has-post-thumbnail","hentry"],"_links":{"self":[{"href":"https:\/\/www.cdta.dz\/fr\/wp-json\/wp\/v2\/pages\/8081\/"}],"collection":[{"href":"https:\/\/www.cdta.dz\/fr\/wp-json\/wp\/v2\/pages\/"}],"about":[{"href":"https:\/\/www.cdta.dz\/fr\/wp-json\/wp\/v2\/types\/page\/"}],"author":[{"embeddable":true,"href":"https:\/\/www.cdta.dz\/fr\/wp-json\/wp\/v2\/users\/46\/"}],"replies":[{"embeddable":true,"href":"https:\/\/www.cdta.dz\/fr\/wp-json\/wp\/v2\/comments\/?post=8081"}],"version-history":[{"count":0,"href":"https:\/\/www.cdta.dz\/fr\/wp-json\/wp\/v2\/pages\/8081\/revisions\/"}],"up":[{"embeddable":true,"href":"https:\/\/www.cdta.dz\/fr\/wp-json\/wp\/v2\/pages\/5471\/"}],"wp:featuredmedia":[{"embeddable":true,"href":"https:\/\/www.cdta.dz\/fr\/wp-json\/wp\/v2\/media\/8938\/"}],"wp:attachment":[{"href":"https:\/\/www.cdta.dz\/fr\/wp-json\/wp\/v2\/media\/?parent=8081"}],"curies":[{"name":"wp","href":"https:\/\/api.w.org\/{rel}","templated":true}]}}