{"id":8371,"date":"2019-09-24T17:17:42","date_gmt":"2019-09-24T17:17:42","guid":{"rendered":"http:\/\/10.1.5.53\/?page_id=8371"},"modified":"2019-10-28T13:38:21","modified_gmt":"2019-10-28T13:38:21","slug":"prestation-de-service","status":"publish","type":"page","link":"https:\/\/www.cdta.dz\/fr\/recherche-et-technologie\/plateformes-technologiques\/projection-thermique\/prestation-de-service\/","title":{"rendered":"Prestation de service"},"content":{"rendered":"<p>[vc_row][vc_column][vc_column_text css_animation=\u00a0\u00bbfadeInUp\u00a0\u00bb]<\/p>\n<h2 style=\"text-align: center;\">La Projection Thermique<\/h2>\n<p style=\"text-align: center;\"><strong>Une plateforme technologique d\u00e9di\u00e9e aux traitements de mat\u00e9riaux<\/strong><\/p>\n<p><img loading=\"lazy\" decoding=\"async\" class=\"aligncenter wp-image-8372\" src=\"https:\/\/www.cdta.dz\/wp-content\/uploads\/2019\/09\/plateforme-projection-thermique.jpg\" alt=\"\" width=\"700\" height=\"207\" srcset=\"https:\/\/www.cdta.dz\/wp-content\/uploads\/2019\/09\/plateforme-projection-thermique.jpg 1384w, https:\/\/www.cdta.dz\/wp-content\/uploads\/2019\/09\/plateforme-projection-thermique-300x89.jpg 300w, https:\/\/www.cdta.dz\/wp-content\/uploads\/2019\/09\/plateforme-projection-thermique-768x227.jpg 768w\" sizes=\"auto, (max-width: 700px) 100vw, 700px\" \/>[\/vc_column_text][vc_empty_space height=\u00a0\u00bb40px\u00a0\u00bb][vc_column_text css_animation=\u00a0\u00bbfadeIn\u00a0\u00bb el_class=\u00a0\u00bbtext-justify\u00a0\u00bb]La plateforme de projection thermique est ouverte \u00e0 toutes les institutions universitaires et de recherche scientifique, aux entreprises, aux autres organismes de formation, \u00e0 la ville, \u2026<\/p>\n<p>La plateforme partage ses comp\u00e9tences scientifiques et techniques ainsi que ses moyens de haute technicit\u00e9 avec ses partenaires, ses services sont organis\u00e9s selon les volets suivants\u00a0:<\/p>\n<ul>\n<li>Formation\u00a0: un outil au service des structures de formation et de recherche ainsi qu\u2019aux industriels.<\/li>\n<li>R&amp;D et Innovation\u00a0: la plateforme facilite l\u2019acc\u00e8s \u00e0 une technologie avanc\u00e9e de traitement de mat\u00e9riaux et a l\u2019ambition de m\u00e8ner des projets collaboratifs de recherche et de d\u00e9veloppement \u00e0 fort impact socio\u00e9conomique.<\/li>\n<li>Accompagnement des entreprises\u00a0: encourager les investissements dans les entreprises\u00a0(expertise, conseil, aide au choix d\u2019une technologie, \u2026)<\/li>\n<\/ul>\n<p>Dans ce contexte la plateforme propose des services dont le principal objectif est le transfert de connaissance et de technologies aux diff\u00e9rents secteurs concern\u00e9s. Ces offres sont pr\u00e9sent\u00e9es dans le tableau suivant\u00a0:[\/vc_column_text][vc_empty_space height=\u00a0\u00bb40px\u00a0\u00bb][vc_column_text css_animation=\u00a0\u00bbfadeInUp\u00a0\u00bb]<strong><u>Mise en \u0153uvre des proc\u00e9d\u00e9s de projection et contr\u00f4le<\/u><\/strong><\/p>\n<table width=\"0\">\n<tbody>\n<tr>\n<td width=\"70\"><strong>N\u00b0<\/strong><\/td>\n<td width=\"190\"><strong>Proc\u00e9d\u00e9 Arc-fil<\/strong><\/td>\n<td width=\"179\"><strong>Type d\u2019activit\u00e9<\/strong><\/td>\n<\/tr>\n<tr>\n<td style=\"text-align: center;\" width=\"70\">PTH01<\/td>\n<td width=\"190\"><img loading=\"lazy\" decoding=\"async\" class=\"alignnone wp-image-8375 size-full\" src=\"https:\/\/www.cdta.dz\/wp-content\/uploads\/2019\/09\/PTP-01-e1569346658396.jpg\" alt=\"\" width=\"250\" height=\"160\" \/><\/td>\n<td width=\"179\">&nbsp;<\/p>\n<p>Rev\u00eatement par Arc-fil<\/td>\n<\/tr>\n<tr>\n<td style=\"text-align: center;\" width=\"70\">PTH02<\/td>\n<td width=\"190\"><img loading=\"lazy\" decoding=\"async\" class=\"alignnone wp-image-8378 size-full\" src=\"https:\/\/www.cdta.dz\/wp-content\/uploads\/2019\/09\/PTP-02-e1569346705317.jpg\" alt=\"\" width=\"250\" height=\"160\" \/><\/td>\n<td width=\"179\">&nbsp;<\/p>\n<p>Rev\u00eatement par APS<\/p>\n<p>Traitement de mat\u00e9riaux par plasma<\/td>\n<\/tr>\n<tr>\n<td style=\"text-align: center;\" width=\"70\">PTH03<\/td>\n<td width=\"190\"><img loading=\"lazy\" decoding=\"async\" class=\"alignnone wp-image-8381 size-full\" src=\"https:\/\/www.cdta.dz\/wp-content\/uploads\/2019\/09\/PTP-03-e1569347186919.jpg\" alt=\"\" width=\"250\" height=\"160\" \/><\/td>\n<td width=\"179\">Chambre d\u2019essai \u00e0 brouillard salin : une enceinte climatique pour test de brouillard salin<\/td>\n<\/tr>\n<tr>\n<td style=\"text-align: center;\" width=\"70\">PTH04<\/td>\n<td width=\"190\"><img loading=\"lazy\" decoding=\"async\" class=\"alignnone wp-image-8384 size-full\" src=\"https:\/\/www.cdta.dz\/wp-content\/uploads\/2019\/09\/PTP-04-e1569347151187.jpg\" alt=\"\" width=\"250\" height=\"160\" \/><\/td>\n<td width=\"179\">Sableuse : D\u00e9capage des surfaces avec du corindon<\/td>\n<\/tr>\n<tr>\n<td style=\"text-align: center;\" width=\"70\">PTH05<\/td>\n<td width=\"190\"><img loading=\"lazy\" decoding=\"async\" class=\"alignnone wp-image-8387 size-full\" src=\"https:\/\/www.cdta.dz\/wp-content\/uploads\/2019\/09\/PTP-05-e1569347200882.jpg\" alt=\"\" width=\"250\" height=\"159\" \/><\/td>\n<td width=\"179\">Granulom\u00e9trie des poudres :<\/p>\n<p>Distribution de la taille des poudres<\/td>\n<\/tr>\n<\/tbody>\n<\/table>\n<p>&nbsp;<\/p>\n<p><strong><u>Formation et Expertise<\/u><\/strong><\/p>\n<table>\n<tbody>\n<tr>\n<td width=\"70\"><strong>N\u00b0<\/strong><\/td>\n<td width=\"269\"><strong>Nature d\u2019activit\u00e9<\/strong><\/td>\n<\/tr>\n<tr>\n<td style=\"text-align: center;\" width=\"70\">PTH06<\/td>\n<td width=\"269\">Formation acad\u00e9mique : Introduction aux proc\u00e9d\u00e9s de projection thermique<\/td>\n<\/tr>\n<tr>\n<td style=\"text-align: center;\" width=\"70\">PTH07<\/td>\n<td width=\"269\">Formation Technique :<\/p>\n<p>Proc\u00e9d\u00e9 APS<\/p>\n<p>Proc\u00e9d\u00e9 Arc-fil<\/td>\n<\/tr>\n<tr>\n<td style=\"text-align: center;\" width=\"70\">PTH08<\/td>\n<td width=\"269\">Accompagnement des entreprises : expertise et conseils<\/td>\n<\/tr>\n<\/tbody>\n<\/table>\n<p>[\/vc_column_text][vc_empty_space][vc_column_text]<\/p>\n<p style=\"text-align: center;\"><a class=\"btn btn-grey\" href=\"https:\/\/www.cdta.dz\/wp-content\/uploads\/2019\/09\/Fiche-de-prestation-de-services-de-PTh.pdf\">T\u00e9l\u00e9charger la Fiche de prestation de services de PTh<\/a><\/p>\n<p>[\/vc_column_text][\/vc_column][\/vc_row]<\/p>\n","protected":false},"excerpt":{"rendered":"<p>[vc_row][vc_column][vc_column_text css_animation=\u00a0\u00bbfadeInUp\u00a0\u00bb] La Projection Thermique Une plateforme technologique d\u00e9di\u00e9e aux traitements de mat\u00e9riaux [\/vc_column_text][vc_empty_space height=\u00a0\u00bb40px\u00a0\u00bb][vc_column_text css_animation=\u00a0\u00bbfadeIn\u00a0\u00bb el_class=\u00a0\u00bbtext-justify\u00a0\u00bb]La plateforme de projection thermique est ouverte \u00e0 toutes les institutions universitaires et de recherche scientifique, aux entreprises, aux autres organismes de formation, \u00e0 la ville, \u2026 La plateforme partage ses comp\u00e9tences scientifiques et techniques ainsi que ses moyens [&hellip;]<\/p>\n","protected":false},"author":46,"featured_media":2195,"parent":5873,"menu_order":0,"comment_status":"closed","ping_status":"closed","template":"division-page.php","meta":{"footnotes":""},"class_list":["post-8371","page","type-page","status-publish","has-post-thumbnail","hentry"],"_links":{"self":[{"href":"https:\/\/www.cdta.dz\/fr\/wp-json\/wp\/v2\/pages\/8371\/"}],"collection":[{"href":"https:\/\/www.cdta.dz\/fr\/wp-json\/wp\/v2\/pages\/"}],"about":[{"href":"https:\/\/www.cdta.dz\/fr\/wp-json\/wp\/v2\/types\/page\/"}],"author":[{"embeddable":true,"href":"https:\/\/www.cdta.dz\/fr\/wp-json\/wp\/v2\/users\/46\/"}],"replies":[{"embeddable":true,"href":"https:\/\/www.cdta.dz\/fr\/wp-json\/wp\/v2\/comments\/?post=8371"}],"version-history":[{"count":0,"href":"https:\/\/www.cdta.dz\/fr\/wp-json\/wp\/v2\/pages\/8371\/revisions\/"}],"up":[{"embeddable":true,"href":"https:\/\/www.cdta.dz\/fr\/wp-json\/wp\/v2\/pages\/5873\/"}],"wp:featuredmedia":[{"embeddable":true,"href":"https:\/\/www.cdta.dz\/fr\/wp-json\/wp\/v2\/media\/2195\/"}],"wp:attachment":[{"href":"https:\/\/www.cdta.dz\/fr\/wp-json\/wp\/v2\/media\/?parent=8371"}],"curies":[{"name":"wp","href":"https:\/\/api.w.org\/{rel}","templated":true}]}}