{"id":8669,"date":"2019-09-25T14:37:13","date_gmt":"2019-09-25T14:37:13","guid":{"rendered":"http:\/\/10.1.5.53\/?page_id=8669"},"modified":"2020-01-06T09:45:30","modified_gmt":"2020-01-06T09:45:30","slug":"equipe-radiofrequences-et-antennes","status":"publish","type":"page","link":"https:\/\/www.cdta.dz\/fr\/recherche-et-technologie\/divisions\/division-telecom\/equipe-radiofrequences-et-antennes\/","title":{"rendered":"Equipe : Radiofr\u00e9quences et Antennes"},"content":{"rendered":"<p>[vc_row][vc_column][vc_column_text]<\/p>\n<h1>Equipe : Radiofr\u00e9quences et Antennes (RFA)<\/h1>\n<p style=\"text-align: right\"><img loading=\"lazy\" decoding=\"async\" class=\" wp-image-8995 aligncenter\" src=\"https:\/\/www.cdta.dz\/wp-content\/uploads\/2019\/10\/logo-equipe-300x134.jpg\" alt=\"\" width=\"144\" height=\"64\" srcset=\"https:\/\/www.cdta.dz\/wp-content\/uploads\/2019\/10\/logo-equipe-300x134.jpg 300w, https:\/\/www.cdta.dz\/wp-content\/uploads\/2019\/10\/logo-equipe-768x342.jpg 768w, https:\/\/www.cdta.dz\/wp-content\/uploads\/2019\/10\/logo-equipe.jpg 1082w\" sizes=\"auto, (max-width: 144px) 100vw, 144px\" \/><\/p>\n<p style=\"text-align: right\">Chef d\u2019\u00e9quipe : MANSOUL Ali<\/p>\n<h2><strong>Pr\u00e9sentation de l&rsquo;\u00e9quipe<\/strong><\/h2>\n<p>L\u2019\u00e9quipe Radiofr\u00e9quences et antennes fait partie de la division T\u00e9l\u00e9communications. Elle est sp\u00e9cialis\u00e9e dans l\u2019\u00e9tude des syst\u00e8mes de t\u00e9l\u00e9communications et dans la conception et la caract\u00e9risation des dispositifs RF.<\/p>\n<h2><strong>Th\u00e8mes de recherche<\/strong><\/h2>\n<ul>\n<li>E-sant\u00e9<\/li>\n<li>Num\u00e9riques :<\/li>\n<li>Smart X<\/li>\n<li>S\u00e9curit\u00e9<\/li>\n<li>Syst\u00e8mes reconfigurables adaptatifs et cognitifs<\/li>\n<li>Connaissance et formation<\/li>\n<\/ul>\n<h2><strong>Expertise<\/strong><\/h2>\n<ul>\n<li>Traitement num\u00e9rique du signal<\/li>\n<li>Conception et caract\u00e9risation des dispositifs RF<\/li>\n<li>Mod\u00e9lisation \u00e9lectromagn\u00e9tique<\/li>\n<li>Conception d&rsquo;antennes miniatures multistandards, d\u2019antennes reconfigurables et de syst\u00e8mes multi-antennes<\/li>\n<\/ul>\n<h2><strong>Domaine d\u2019impact<\/strong><\/h2>\n<ul>\n<li>Les t\u00e9l\u00e9communications<\/li>\n<\/ul>\n<h2><strong>Projets de recherche<\/strong><\/h2>\n<p><strong>Projet socio-\u00e9conomique :<\/strong><br \/>\nDans le cadre de ces activit\u00e9s de recherche l\u2019\u00e9quipe travaille actuellement sur un projet \u00e0 impact socio\u00e9conomique dans l\u2019intitul\u00e9 est : \u00ab Conception et d\u00e9veloppement de dispositifs pour la mesure et le contr\u00f4le de vitesse des v\u00e9hicules (CD-MCV) \u00bb. Le but derri\u00e8re ce projet est de d\u00e9velopper des prototypes pour les mesures et le control de vitesse \u00e0 moindre cout pour les besoins nationaux.<br \/>\n<strong>Projet de recherche FNR :<\/strong><br \/>\nDans le cadre des projets de recherches FNR, l\u2019\u00e9quipe travaille actuellement sur un projet dans l\u2019intitul\u00e9 est : \u00ab Conception et \u00e9laboration de solutions pour am\u00e9liorer les performances des nouveaux syst\u00e8mes de communication modernes (CESCM) \u00bb. L\u2019objectif premier de ce programme de recherche est de proposer des solutions originales (software ou hardware) pour am\u00e9liorer les performances des syst\u00e8mes de communications en termes de d\u00e9bit de transmission et de s\u00e9curit\u00e9.<\/p>\n<h2><strong>Colaboration<\/strong><\/h2>\n<ul>\n<li>Universit\u00e9 du Qu\u00e9bec en Abitibi-T\u00e9miscamingue (UQAT), Canada.<\/li>\n<li>Institut National de la Recherche scientifique (INRS), Canada.<\/li>\n<li>University of Technology, Malaysia (UTM).<\/li>\n<li>Universit\u00e9 Polytechnique de haut de France (UPHR), Valenciennes \u2013 France.<\/li>\n<\/ul>\n<h2><strong>Th\u00e8ses en cours<\/strong><\/h2>\n<p>Mokhtari Mokhtar, \u00ab Etude et conception d\u2019un mod\u00e8le d\u2019antenne imprim\u00e9e : application \u00e0 l\u2019imagerie m\u00e9dicale \u00bb Universit\u00e9 des Sciences et de la Technologie Houari-Boum\u00e9di\u00e8ne (USTHB), Alger, Alg\u00e9rie.[\/vc_column_text][\/vc_column][\/vc_row]<\/p>\n","protected":false},"excerpt":{"rendered":"<p>[vc_row][vc_column][vc_column_text] Equipe : Radiofr\u00e9quences et Antennes (RFA) Chef d\u2019\u00e9quipe : MANSOUL Ali Pr\u00e9sentation de l&rsquo;\u00e9quipe L\u2019\u00e9quipe Radiofr\u00e9quences et antennes fait partie de la division T\u00e9l\u00e9communications. Elle est sp\u00e9cialis\u00e9e dans l\u2019\u00e9tude des syst\u00e8mes de t\u00e9l\u00e9communications et dans la conception et la caract\u00e9risation des dispositifs RF. Th\u00e8mes de recherche E-sant\u00e9 Num\u00e9riques : Smart X S\u00e9curit\u00e9 Syst\u00e8mes reconfigurables [&hellip;]<\/p>\n","protected":false},"author":46,"featured_media":8938,"parent":2698,"menu_order":1,"comment_status":"closed","ping_status":"closed","template":"division-page.php","meta":{"footnotes":""},"class_list":["post-8669","page","type-page","status-publish","has-post-thumbnail","hentry"],"_links":{"self":[{"href":"https:\/\/www.cdta.dz\/fr\/wp-json\/wp\/v2\/pages\/8669\/"}],"collection":[{"href":"https:\/\/www.cdta.dz\/fr\/wp-json\/wp\/v2\/pages\/"}],"about":[{"href":"https:\/\/www.cdta.dz\/fr\/wp-json\/wp\/v2\/types\/page\/"}],"author":[{"embeddable":true,"href":"https:\/\/www.cdta.dz\/fr\/wp-json\/wp\/v2\/users\/46\/"}],"replies":[{"embeddable":true,"href":"https:\/\/www.cdta.dz\/fr\/wp-json\/wp\/v2\/comments\/?post=8669"}],"version-history":[{"count":2,"href":"https:\/\/www.cdta.dz\/fr\/wp-json\/wp\/v2\/pages\/8669\/revisions\/"}],"predecessor-version":[{"id":13889,"href":"https:\/\/www.cdta.dz\/fr\/wp-json\/wp\/v2\/pages\/8669\/revisions\/13889\/"}],"up":[{"embeddable":true,"href":"https:\/\/www.cdta.dz\/fr\/wp-json\/wp\/v2\/pages\/2698\/"}],"wp:featuredmedia":[{"embeddable":true,"href":"https:\/\/www.cdta.dz\/fr\/wp-json\/wp\/v2\/media\/8938\/"}],"wp:attachment":[{"href":"https:\/\/www.cdta.dz\/fr\/wp-json\/wp\/v2\/media\/?parent=8669"}],"curies":[{"name":"wp","href":"https:\/\/api.w.org\/{rel}","templated":true}]}}