{"id":8705,"date":"2019-09-25T15:19:58","date_gmt":"2019-09-25T15:19:58","guid":{"rendered":"http:\/\/10.1.5.53\/?page_id=8705"},"modified":"2020-11-29T12:41:31","modified_gmt":"2020-11-29T12:41:31","slug":"conception-et-fabrication-assistees-par-ordinateur-cfao","status":"publish","type":"page","link":"https:\/\/www.cdta.dz\/fr\/recherche-et-technologie\/divisions\/division-productique-et-robotique\/equipes-de-la-division-rp\/conception-et-fabrication-assistees-par-ordinateur-cfao\/","title":{"rendered":"Conception et Fabrication Assist\u00e9es par Ordinateur \u00ab\u00a0CFAO\u00a0\u00bb"},"content":{"rendered":"<p><strong>[vc_row][vc_column][vc_column_text el_class=\u00a0\u00bbtext-justify\u00a0\u00bb]<\/strong><\/p>\n<p>La comp\u00e9titivit\u00e9 du proc\u00e9d\u00e9 d\u2019usinage en termes de productivit\u00e9 et de qualit\u00e9 est maintenue gr\u00e2ce \u00e0 l\u2019\u00e9volution permanente de la cin\u00e9matique des machines CNC et des fonctionnalit\u00e9s des logiciels CFAO. L\u2019objectif principal de l\u2019\u00e9quipe CFAO est la production des pi\u00e8ces m\u00e9caniques comportant des surfaces fonctionnelles de forme complexes usin\u00e9es sur des machines multiaxes \u00e0 grande vitesse. L\u2019\u00e9quipe m\u00e8ne des actions de recherche et de d\u00e9veloppement dans le domaine de l\u2019usinage par enl\u00e8vement de mati\u00e8re en portant sur le triptyque indispensable en usinage\u00a0: pi\u00e8ce, outil et machine-outil. En parall\u00e8le l\u2019\u00e9quipe s\u2019int\u00e9resse \u00e0 la conception et \u00e0 la r\u00e9alisation des syst\u00e8mes m\u00e9canique d\u00e9di\u00e9s aux diff\u00e8rent secteurs socio-\u00e9conomique.<\/p>\n<p><strong>Projets :<\/strong><\/p>\n<p><strong>&#8211; Socio-\u00e9conomique :<\/strong><\/p>\n<p><strong>Projet 1 : <\/strong>Production num\u00e9rique des pi\u00e8ces complexes sur des Fraiseuses 03-Axes.<br \/>\n<strong>Projet 2 :<\/strong> D\u00e9veloppement de prototype de machine universelle d\u2019essais m\u00e9caniques p\u00e9dagogique.<\/p>\n<p><strong>\u00c9quipements \\ logiciels :<\/strong> Solid Works, Cam Works<\/p>\n<p>&nbsp;<\/p>\n<p><strong>Valorisation :<\/strong><\/p>\n<p>1- S. Abainia. M. Bey, \u00ab Integrated Dexels Geometric Model and Predictive Force Model for Feedrate Optimization in 03 Axis Milling Machine \u00bb, Applied Mechanics and Materials, 2013, Vol. 372 pp 377-380.<\/p>\n<p>2- M. Bey. M. Bendifallah. S. Kader. K. Boukhalfa, \u00ab A new approach for finishing free form surfaces based on local shapes \u00bb, International Journal of Computer Integrated Manufacturing, 2014, Volume 27 pages 840-857.<\/p>\n<p>3- K. Bouhadja, M. Bey \u00ab Classification of simulation methods in machining on multi-axis machines \u00bb. Lecture Notes in Engineering and Computer Science: Proceedings of the World Congress on Engineering 2014, pp. 992\u2013997. WCE, London, 2\u20134 July 2014.<\/p>\n<p>4- K. Bouhadja, M. Bey, \u00ab Survey on Simulation Methods in Multi-axis Machining \u00bb, Transactions on Engineering Technologies, pages 367-382, 2015, Springer.<\/p>\n<p>5- K. Bouhadja, M. Bey, K. Sebti, H. Moulay and M. Bouaziz \u201cVolume Modeling of Complex Mechanical Parts via Triple Dexel\u201d, Lecture Notes in Engineering and Computer Science: Proceedings of the World Congress on Engineering 2016, pp. 796-801. WCE, London, 29 June &#8211; 1 July 2016.<\/p>\n<p>6- M. Bey, K. Azouaoui, M. Boutassouna, \u00ab Sculptured surfaces subdivision from 3d cloud of points and association of optimum ball cutters \u00bb, Procedia CIRP, Volume 77, 2018, pages 582-585.<br \/>\n7- M. Bey, A. Cherfi, \u00ab Finishing of freeform surfaces with an optimized Z-Constant machining strategy \u00bb, Procedia CIRP, 2018, Volume 77 pages 271-274.<\/p>\n<p>8- S. Ferhat, M. Bey, M. Bendifallah \u00ab Industrial Reproduction of Objects with Freeform Surfaces Using Reverse Engineering Process \u00bb, Computational Methods and Experimental Testing In Mechanical Engineering, Lecture Notes in Mechanical Engineering, pages 119-128, January 2019, Springer.<\/p>\n<p><strong>Collaboration:<\/strong><\/p>\n<p><strong>Collaboration Nationale:<\/strong> USTHB Bab-Ezzouar, ENP El-Harrach, EMP Bordj-El-Bahri.<\/p>\n<p><strong>Collaboration Internationale:<\/strong> University of Naples-Federico II Italy, Royal Institute of Technology de KTH Stockholm Sweden.<\/p>\n<p>&nbsp;<\/p>\n<p>&nbsp;<\/p>\n<p style=\"text-align: right;\"><strong>Chef d&rsquo;\u00e9quipe <\/strong><\/p>\n<p style=\"text-align: right;\"><strong>M. Bey Mohamed,\u00a0 Charg\u00e9 de Recherche<\/strong><\/p>\n<p><strong>[\/vc_column_text][\/vc_column][\/vc_row]<\/strong><\/p>\n<p>&nbsp;<\/p>\n","protected":false},"excerpt":{"rendered":"<p>[vc_row][vc_column][vc_column_text el_class=\u00a0\u00bbtext-justify\u00a0\u00bb] La comp\u00e9titivit\u00e9 du proc\u00e9d\u00e9 d\u2019usinage en termes de productivit\u00e9 et de qualit\u00e9 est maintenue gr\u00e2ce \u00e0 l\u2019\u00e9volution permanente de la cin\u00e9matique des machines CNC et des fonctionnalit\u00e9s des logiciels CFAO. L\u2019objectif principal de l\u2019\u00e9quipe CFAO est la production des pi\u00e8ces m\u00e9caniques comportant des surfaces fonctionnelles de forme complexes usin\u00e9es sur des machines multiaxes [&hellip;]<\/p>\n","protected":false},"author":46,"featured_media":8938,"parent":6874,"menu_order":0,"comment_status":"closed","ping_status":"closed","template":"division-page.php","meta":{"footnotes":""},"class_list":["post-8705","page","type-page","status-publish","has-post-thumbnail","hentry"],"_links":{"self":[{"href":"https:\/\/www.cdta.dz\/fr\/wp-json\/wp\/v2\/pages\/8705\/"}],"collection":[{"href":"https:\/\/www.cdta.dz\/fr\/wp-json\/wp\/v2\/pages\/"}],"about":[{"href":"https:\/\/www.cdta.dz\/fr\/wp-json\/wp\/v2\/types\/page\/"}],"author":[{"embeddable":true,"href":"https:\/\/www.cdta.dz\/fr\/wp-json\/wp\/v2\/users\/46\/"}],"replies":[{"embeddable":true,"href":"https:\/\/www.cdta.dz\/fr\/wp-json\/wp\/v2\/comments\/?post=8705"}],"version-history":[{"count":1,"href":"https:\/\/www.cdta.dz\/fr\/wp-json\/wp\/v2\/pages\/8705\/revisions\/"}],"predecessor-version":[{"id":17399,"href":"https:\/\/www.cdta.dz\/fr\/wp-json\/wp\/v2\/pages\/8705\/revisions\/17399\/"}],"up":[{"embeddable":true,"href":"https:\/\/www.cdta.dz\/fr\/wp-json\/wp\/v2\/pages\/6874\/"}],"wp:featuredmedia":[{"embeddable":true,"href":"https:\/\/www.cdta.dz\/fr\/wp-json\/wp\/v2\/media\/8938\/"}],"wp:attachment":[{"href":"https:\/\/www.cdta.dz\/fr\/wp-json\/wp\/v2\/media\/?parent=8705"}],"curies":[{"name":"wp","href":"https:\/\/api.w.org\/{rel}","templated":true}]}}