{"id":8715,"date":"2019-09-26T08:28:27","date_gmt":"2019-09-26T08:28:27","guid":{"rendered":"http:\/\/10.1.5.53\/?page_id=8715"},"modified":"2020-01-05T16:01:35","modified_gmt":"2020-01-05T16:01:35","slug":"equipe-communications-sans-fils","status":"publish","type":"page","link":"https:\/\/www.cdta.dz\/fr\/recherche-et-technologie\/divisions\/division-telecom\/equipe-communications-sans-fils\/","title":{"rendered":"Equipe : Communications sans fils"},"content":{"rendered":"<h1>Equipe : Communications sans fils<\/h1>\n<p style=\"text-align: right\">Chef d&rsquo;\u00e9quipe: Elhocine Boutellaa<\/p>\n<h2><strong>\u00c0 propos de la CSF:<\/strong><\/h2>\n<p>L\u2019\u00e9quipe des communications sans fil (CSF) justifie pleinement son existence dans la division t\u00e9l\u00e9com du CDTA et dans le contexte de la soci\u00e9t\u00e9 moderne, num\u00e9rique par excellence, dont le souci est d\u2019acqu\u00e9rir\/communiquer de l\u2019information via une technologie sans fil et son traitement de fa\u00e7on intelligente. Les futurs r\u00e9seaux sans fil permettront aux personnes en d\u00e9placement de communiquer avec n\u2019importe qui, n\u2019importe o\u00f9, n\u2019importe quand, en utilisant une gamme de services multim\u00e9dia \u00e0 haute performance. La vid\u00e9o sans fil soutiendra des applications telles que l\u2019am\u00e9lioration des r\u00e9seaux sociaux, l\u2019\u00e9ducation et la m\u00e9decine \u00e0 distance. Les r\u00e9seaux de capteurs sans fil permettront le d\u00e9veloppement d\u2019une nouvelle classe d\u2019\u00e9lectronique intelligente \u00e0 la maison, dans les b\u00e2timents intelligents, sur les autoroutes, ainsi que l\u2019incorporation de r\u00e9seaux sur\/dans le corps pour l\u2019analyse et le traitement de donn\u00e9es m\u00e9dicales.<\/p>\n<p>De nombreux d\u00e9fis technologiques subsistent pour concr\u00e9tiser une telle vision. Ces d\u00e9fis couvrent tous les aspects des r\u00e9seaux de communication sans fil : la conception de l\u2019architecture globale incluant le mat\u00e9riel et les liens de communication, la connexion du r\u00e9seau sans fil, la d\u00e9tection distribu\u00e9e, la communication, et le contr\u00f4le et la conception inter-couches. En outre, les interactions entre le mat\u00e9riel, la liaison et la conception du r\u00e9seau doivent \u00eatre \u00e9tablies et exploit\u00e9es de mani\u00e8re \u00e0 r\u00e9pondre aux objectifs requis par les futurs syst\u00e8mes de communication et \u00e0 cr\u00e9er un syst\u00e8me comp\u00e9titif, compact et efficace.<\/p>\n<p>&nbsp;<\/p>\n<h2><strong>Int\u00e9r\u00eats et axes de recherche de l\u2019\u00e9quipe CSF :<\/strong><\/h2>\n<ul>\n<li>Communications personnelles sans fil et r\u00e9seaux<\/li>\n<li>Syst\u00e8mes de radiocommunication mobiles cellulaires et non cellulaires<\/li>\n<li>Propagation radio et mod\u00e9lisation des canaux<\/li>\n<li>Architectures de syst\u00e8mes de communication (Massive MIMO, r\u00e9seaux coop\u00e9ratifs\u2026)<\/li>\n<li>Protocoles de communications sans fil (LTE, 5G and beyond, WIMAX, \u2026)<\/li>\n<li>Architectures et \u00e9lectronique de traitement de signal \u00e0 faible puissance<\/li>\n<li>Internet des objets et communications dispositif \u00e0 dispositif (D2D)<\/li>\n<li>Cellules flexibles et syst\u00e8mes \u00e0 relayage et UAV<\/li>\n<li>Syst\u00e8mes \u00e0 spectre \u00e9tal\u00e9<\/li>\n<li>R\u00e9seaux locaux sans fil (WLANs)<\/li>\n<li>Th\u00e9orie de la communication<\/li>\n<li>Capteurs et acquisition des donn\u00e9es sans fil (physiologiques, inertielles, ambiantes\u2026.)<\/li>\n<li>Traitement du signal pour les communications<\/li>\n<li>Application de l\u2019apprentissage machine, de l\u2019intelligence artificielle et des techniques d\u2019optimisation dans le contexte d\u2019int\u00e9r\u00eat<\/li>\n<li>Impl\u00e9mentation mat\u00e9rielle de solutions<\/li>\n<\/ul>\n<h2><strong>Projets de recherche<\/strong><\/h2>\n<p>Projet 1 : Proposition de solutions architecturales pour la 5G et au-del\u00e0, et \u00e9tude de la performance de ces syst\u00e8mes<\/p>\n<p>Projet 2: \u00c9tude th\u00e9orique et exp\u00e9rimentale des canaux et des communications radio centr\u00e9es sur le corps \u00e0 des fins m\u00e9dicales et sportives<\/p>\n<h2><strong>Projets FNR finalis\u00e9s\/clos:<\/strong><\/h2>\n<ul>\n<li>2016-2018, Conception et impl\u00e9mentation centr\u00e9e sur le corps pour diverses applications comme le m\u00e9dical<\/li>\n<li>2012-2015, Caract\u00e9risation, mod\u00e9lisation des r\u00e9seaux corporels et conception d\u2019un syst\u00e8me biom\u00e9dical sans fil<\/li>\n<li>2012- 2015, Conception d\u2019un syst\u00e8me hybride de communication multi-Utilisateurs et de localisation bas\u00e9 sur la technique Ultra Large Bande<\/li>\n<li>2012-2015, Impl\u00e9mentation logicielle et mat\u00e9rielle du protocole LTE incorporant la fonction d&rsquo;annulation de l&rsquo;interf\u00e9rence inter-cellules et la localisation<\/li>\n<\/ul>\n<h2><strong>Collaboration<\/strong><\/h2>\n<ul>\n<li>LRTCS Laboratory, University of Quebec in Abitibi T\u00e9miscamingue (UQAT), Canada<\/li>\n<li>Friedrich Alexander Universitat, Germany<\/li>\n<li>INRS, Canada<\/li>\n<li>University of UWS, Glasgow, United Kingdom<\/li>\n<\/ul>\n<p>&nbsp;<\/p>\n","protected":false},"excerpt":{"rendered":"<p>Equipe : Communications sans fils Chef d&rsquo;\u00e9quipe: Elhocine Boutellaa \u00c0 propos de la CSF: L\u2019\u00e9quipe des communications sans fil (CSF) justifie pleinement son existence dans la division t\u00e9l\u00e9com du CDTA et dans le contexte de la soci\u00e9t\u00e9 moderne, num\u00e9rique par excellence, dont le souci est d\u2019acqu\u00e9rir\/communiquer de l\u2019information via une technologie sans fil et son [&hellip;]<\/p>\n","protected":false},"author":46,"featured_media":8938,"parent":2698,"menu_order":2,"comment_status":"closed","ping_status":"closed","template":"division-page.php","meta":{"footnotes":""},"class_list":["post-8715","page","type-page","status-publish","has-post-thumbnail","hentry"],"_links":{"self":[{"href":"https:\/\/www.cdta.dz\/fr\/wp-json\/wp\/v2\/pages\/8715\/"}],"collection":[{"href":"https:\/\/www.cdta.dz\/fr\/wp-json\/wp\/v2\/pages\/"}],"about":[{"href":"https:\/\/www.cdta.dz\/fr\/wp-json\/wp\/v2\/types\/page\/"}],"author":[{"embeddable":true,"href":"https:\/\/www.cdta.dz\/fr\/wp-json\/wp\/v2\/users\/46\/"}],"replies":[{"embeddable":true,"href":"https:\/\/www.cdta.dz\/fr\/wp-json\/wp\/v2\/comments\/?post=8715"}],"version-history":[{"count":3,"href":"https:\/\/www.cdta.dz\/fr\/wp-json\/wp\/v2\/pages\/8715\/revisions\/"}],"predecessor-version":[{"id":13825,"href":"https:\/\/www.cdta.dz\/fr\/wp-json\/wp\/v2\/pages\/8715\/revisions\/13825\/"}],"up":[{"embeddable":true,"href":"https:\/\/www.cdta.dz\/fr\/wp-json\/wp\/v2\/pages\/2698\/"}],"wp:featuredmedia":[{"embeddable":true,"href":"https:\/\/www.cdta.dz\/fr\/wp-json\/wp\/v2\/media\/8938\/"}],"wp:attachment":[{"href":"https:\/\/www.cdta.dz\/fr\/wp-json\/wp\/v2\/media\/?parent=8715"}],"curies":[{"name":"wp","href":"https:\/\/api.w.org\/{rel}","templated":true}]}}