{"id":8721,"date":"2019-09-26T08:32:17","date_gmt":"2019-09-26T08:32:17","guid":{"rendered":"http:\/\/10.1.5.53\/?page_id=8721"},"modified":"2020-01-06T09:51:42","modified_gmt":"2020-01-06T09:51:42","slug":"equipes-de-la-division-telecom","status":"publish","type":"page","link":"https:\/\/www.cdta.dz\/fr\/recherche-et-technologie\/divisions\/division-telecom\/equipes-de-la-division-telecom\/","title":{"rendered":"Equipes de la Division  T\u00e9l\u00e9com"},"content":{"rendered":"<p><strong>La Division T\u00e9l\u00e9com est compos\u00e9e de quatre \u00e9quipes de recherches:<\/strong><\/p>\n<ul>\n<li><a href=\"https:\/\/www.cdta.dz\/fr\/recherche-et-technologie\/divisions\/division-telecom\/equipe-communications-sans-fils\/\">Communication sans fils (CSF)\u00a0<\/a>&#8211;<a href=\"https:\/\/www.cdta.dz\/fr\/membres-csf\/\">Membres CSF<\/a><\/li>\n<li><a href=\"https:\/\/www.cdta.dz\/fr\/recherche-et-technologie\/divisions\/division-telecom\/equipe-radiofrequences-et-antennes\/\">Radio fr\u00e9quences et Antennes (RFA)<\/a> &#8211;<a href=\"https:\/\/www.cdta.dz\/fr\/membres-rfa\/\">Membres RFA<\/a><\/li>\n<li><a href=\"https:\/\/www.cdta.dz\/fr\/recherche-et-technologie\/divisions\/division-telecom\/biometrics-multimedia-security-and-forensics-biosmc\/\">Biom\u00e9trie, s\u00e9curit\u00e9 Multim\u00e9dia et criminalistique (BIOSMC)<\/a> &#8211;<a href=\"https:\/\/www.cdta.dz\/fr\/membres-biosmc\/\">Membres BIOSMC<\/a><\/li>\n<li><a href=\"https:\/\/www.cdta.dz\/fr\/recherche-et-technologie\/divisions\/division-telecom\/equipe-systemes-dinformation-avances\/\">Syst\u00e8mes d\u2019Information Avanc\u00e9s (SIA)<\/a>&#8211;<a href=\"https:\/\/www.cdta.dz\/fr\/membres-sia\/\">Membres SIA<\/a><\/li>\n<\/ul>\n","protected":false},"excerpt":{"rendered":"<p>La Division T\u00e9l\u00e9com est compos\u00e9e de quatre \u00e9quipes de recherches: Communication sans fils (CSF)\u00a0&#8211;Membres CSF Radio fr\u00e9quences et Antennes (RFA) &#8211;Membres RFA Biom\u00e9trie, s\u00e9curit\u00e9 Multim\u00e9dia et criminalistique (BIOSMC) &#8211;Membres BIOSMC Syst\u00e8mes d\u2019Information Avanc\u00e9s (SIA)&#8211;Membres SIA<\/p>\n","protected":false},"author":46,"featured_media":8938,"parent":2698,"menu_order":0,"comment_status":"closed","ping_status":"closed","template":"division-page.php","meta":{"footnotes":""},"class_list":["post-8721","page","type-page","status-publish","has-post-thumbnail","hentry"],"_links":{"self":[{"href":"https:\/\/www.cdta.dz\/fr\/wp-json\/wp\/v2\/pages\/8721\/"}],"collection":[{"href":"https:\/\/www.cdta.dz\/fr\/wp-json\/wp\/v2\/pages\/"}],"about":[{"href":"https:\/\/www.cdta.dz\/fr\/wp-json\/wp\/v2\/types\/page\/"}],"author":[{"embeddable":true,"href":"https:\/\/www.cdta.dz\/fr\/wp-json\/wp\/v2\/users\/46\/"}],"replies":[{"embeddable":true,"href":"https:\/\/www.cdta.dz\/fr\/wp-json\/wp\/v2\/comments\/?post=8721"}],"version-history":[{"count":5,"href":"https:\/\/www.cdta.dz\/fr\/wp-json\/wp\/v2\/pages\/8721\/revisions\/"}],"predecessor-version":[{"id":13888,"href":"https:\/\/www.cdta.dz\/fr\/wp-json\/wp\/v2\/pages\/8721\/revisions\/13888\/"}],"up":[{"embeddable":true,"href":"https:\/\/www.cdta.dz\/fr\/wp-json\/wp\/v2\/pages\/2698\/"}],"wp:featuredmedia":[{"embeddable":true,"href":"https:\/\/www.cdta.dz\/fr\/wp-json\/wp\/v2\/media\/8938\/"}],"wp:attachment":[{"href":"https:\/\/www.cdta.dz\/fr\/wp-json\/wp\/v2\/media\/?parent=8721"}],"curies":[{"name":"wp","href":"https:\/\/api.w.org\/{rel}","templated":true}]}}