{"id":8814,"date":"2019-09-29T08:38:46","date_gmt":"2019-09-29T08:38:46","guid":{"rendered":"http:\/\/10.1.5.53\/?page_id=8814"},"modified":"2021-01-18T10:37:41","modified_gmt":"2021-01-18T10:37:41","slug":"equipe-instrumentation-et-controle-de-qualite","status":"publish","type":"page","link":"https:\/\/www.cdta.dz\/fr\/recherche-et-technologie\/divisions\/division-architecture-des-systemes-et-multimedia\/equipe-instrumentation-et-controle-de-qualite\/","title":{"rendered":"Equipe: Instrumentation et Contr\u00f4le de Qualit\u00e9 (ICQ)"},"content":{"rendered":"<p>[vc_row][vc_column][vc_column_text]<\/p>\n<h2><span style=\"color: #000000;\"><strong>Equipe: Instrumentation et Contr\u00f4le de Qualit\u00e9 (ICQ)<\/strong><\/span><\/h2>\n<p style=\"text-align: right;\"><span style=\"color: #000000;\">Chef d&rsquo;\u00e9quipe: Dr. Zemouri ET-Tahir<\/span><\/p>\n<p>&nbsp;<\/p>\n<h3><span style=\"color: #000000;\"><strong>Pr\u00e9sentation\u00a0de l&rsquo;\u00e9quipe<\/strong><\/span><\/h3>\n<p><span style=\"color: #000000;\">L\u2019\u00e9quipe \u00ab\u00a0Instrumentation et Contr\u00f4le de Qualit\u00e9\u00a0\u00bb (ICQ) \u00e0 pour\u00a0 mission de d\u00e9velopper des plateformes mat\u00e9rielles et software pour r\u00e9soudre le probl\u00e8me de contr\u00f4le de qualit\u00e9 dans des secteurs\u00a0 tr\u00e8s vari\u00e9s tels que l\u2019industrie, le m\u00e9dical, l\u2019environnement, etc. La d\u00e9tection des anomalies de fa\u00e7on g\u00e9n\u00e9rale est prise en charge dans le cadre des missions de cette \u00e9quipe. L\u2019intelligence artificielle, les syst\u00e8mes dot\u00e9s d\u2019un environnement client\/serveur et les r\u00e9seaux de capteurs filaires et sans fil sont utilis\u00e9s pour atteindre ce but. Un accent particulier a \u00e9t\u00e9 mis en valeur pour le cas de la d\u00e9tection des anomalies du traitement du cancer par radioth\u00e9rapie. Cette application multidisciplinaire (m\u00e9decine, physique m\u00e9dical, instrumentation, informatique) rentre dans le cadre d\u2019un besoin exprim\u00e9 par le secteur m\u00e9dical. N\u00e9anmoins, les r\u00e9sultats obtenus actuellement et dans le futur pourront \u00eatre appliqu\u00e9es dans d\u2019autres domaines autre que le m\u00e9dical (industrie, agriculture, environnement, etc.)<\/span><\/p>\n<h3><span style=\"color: #000000;\"><strong>Th\u00e8mes de recherche<\/strong><\/span><\/h3>\n<p><span style=\"color: #000000;\">Intelligence artificiel, syst\u00e8me expert, d\u00e9tection d\u2019anomalies, monitoring en radioth\u00e9rapie, r\u00e9seau de capteurs filaires et sans fil, supervision en temps r\u00e9el.<\/span><\/p>\n<h3><span style=\"color: #000000;\"><strong>Expertise<\/strong><\/span><\/h3>\n<p><span style=\"color: #000000;\">L\u2019\u00e9quipe a acquis une expertise et un savoir faire aupr\u00e8s du personnel multidisciplinaire (technique, oncologie, physique m\u00e9dical, machine de traitement) du Centre Pierre et Marie Curie d\u2019Alger dans le domaine du traitement du cancer par radioth\u00e9rapie.<\/span><\/p>\n<p><span style=\"color: #000000;\">Autres expertises\u00a0:<\/span><\/p>\n<ul>\n<li><span style=\"color: #000000;\">instrumentation virtuelle (mesure et contr\u00f4le industriel)<\/span><\/li>\n<li><span style=\"color: #000000;\">plateforme en r\u00e9seau local (ou par internet) pour le monitoring en temps r\u00e9el de machines<\/span><\/li>\n<li><span style=\"color: #000000;\">r\u00e9seaux de capteurs sans fil<\/span><\/li>\n<li><span style=\"color: #000000;\">R\u00e9seaux de capteurs filaires (RS232, RS486, onewire, etc)<\/span><\/li>\n<\/ul>\n<h3><span style=\"color: #000000;\"><strong>Domaines d\u2019impact<\/strong><\/span><\/h3>\n<ul>\n<li><span style=\"color: #000000;\">M\u00e9dical (traitement du cancer par radioth\u00e9rapie, contr\u00f4le et gestion des h\u00f4pitaux en instrumentation, etc.)<\/span><\/li>\n<li><span style=\"color: #000000;\">Plateforme de gestion et de contr\u00f4le de qualit\u00e9 dans le domaine industriel et agricole<\/span><\/li>\n<\/ul>\n<h3><span style=\"color: #000000;\"><strong>Projets de recherche<\/strong><\/span><\/h3>\n<p><span style=\"color: #000000;\"><strong>Projet socio-\u00e9conomique<\/strong><\/span><\/p>\n<p><span style=\"color: #000000;\"><strong>Projet:<\/strong> D\u00e9tection d\u2019anomalies dans une chaine de traitement du cancer par radioth\u00e9rapie<\/span><\/p>\n<h3><span style=\"color: #000000;\"><strong>Liste des membres<\/strong><\/span><\/h3>\n<ul>\n<li><span style=\"color: #000000;\">ALLAM Abdelkrim, MRA, allam@cdta.dz<\/span><\/li>\n<li><span style=\"color: #000000;\">FERHAT Sabrina, Attach\u00e9 de Recherches, ferhat@cdta.dz<\/span><\/li>\n<li><span style=\"color: #000000;\"><a style=\"color: #000000;\" href=\"https:\/\/scholar.google.com\/citations?user=w6oGOhoAAAAJ&amp;hl=en\">ZEMOURI Et-Tahir<\/a>, Attach\u00e9 de Recherche, tzemouri@cdta.dz<\/span><\/li>\n<li><span style=\"color: #000000;\">BAGHRADJI Abdelkrim, Ing\u00e9nieur, abaghradji@cdta.dz<\/span><\/li>\n<li><span style=\"color: #000000;\">RAMDANE Mourad, Technicien sup\u00e9rieur, mramdane@cdta.dz<\/span><\/li>\n<\/ul>\n<h3><span style=\"color: #000000;\"><strong>Equipement \/ Logiciels<\/strong><\/span><\/h3>\n<ul>\n<li><span style=\"color: #000000;\">Capteurs de temp\u00e9rature et d\u2019humidit\u00e9<\/span><\/li>\n<li><span style=\"color: #000000;\">Capteurs sans fil<\/span><\/li>\n<li><span style=\"color: #000000;\">switch hub pour r\u00e9seaux de PC<\/span><\/li>\n<\/ul>\n<h3><span style=\"color: #000000;\"><strong>Collaboration<\/strong><\/span><\/h3>\n<ul>\n<li><span style=\"color: #000000;\">Clinique priv\u00e9e de radioth\u00e9rapie de OULED -YAich<\/span><\/li>\n<li><span style=\"color: #000000;\">CPMC d\u2019Alger<\/span><\/li>\n<\/ul>\n<p>[\/vc_column_text][\/vc_column][\/vc_row]<\/p>\n","protected":false},"excerpt":{"rendered":"<p>[vc_row][vc_column][vc_column_text] Equipe: Instrumentation et Contr\u00f4le de Qualit\u00e9 (ICQ) Chef d&rsquo;\u00e9quipe: Dr. Zemouri ET-Tahir &nbsp; Pr\u00e9sentation\u00a0de l&rsquo;\u00e9quipe L\u2019\u00e9quipe \u00ab\u00a0Instrumentation et Contr\u00f4le de Qualit\u00e9\u00a0\u00bb (ICQ) \u00e0 pour\u00a0 mission de d\u00e9velopper des plateformes mat\u00e9rielles et software pour r\u00e9soudre le probl\u00e8me de contr\u00f4le de qualit\u00e9 dans des secteurs\u00a0 tr\u00e8s vari\u00e9s tels que l\u2019industrie, le m\u00e9dical, l\u2019environnement, etc. La d\u00e9tection [&hellip;]<\/p>\n","protected":false},"author":46,"featured_media":8938,"parent":2700,"menu_order":3,"comment_status":"closed","ping_status":"closed","template":"division-page.php","meta":{"footnotes":""},"class_list":["post-8814","page","type-page","status-publish","has-post-thumbnail","hentry"],"_links":{"self":[{"href":"https:\/\/www.cdta.dz\/fr\/wp-json\/wp\/v2\/pages\/8814\/"}],"collection":[{"href":"https:\/\/www.cdta.dz\/fr\/wp-json\/wp\/v2\/pages\/"}],"about":[{"href":"https:\/\/www.cdta.dz\/fr\/wp-json\/wp\/v2\/types\/page\/"}],"author":[{"embeddable":true,"href":"https:\/\/www.cdta.dz\/fr\/wp-json\/wp\/v2\/users\/46\/"}],"replies":[{"embeddable":true,"href":"https:\/\/www.cdta.dz\/fr\/wp-json\/wp\/v2\/comments\/?post=8814"}],"version-history":[{"count":3,"href":"https:\/\/www.cdta.dz\/fr\/wp-json\/wp\/v2\/pages\/8814\/revisions\/"}],"predecessor-version":[{"id":47857,"href":"https:\/\/www.cdta.dz\/fr\/wp-json\/wp\/v2\/pages\/8814\/revisions\/47857\/"}],"up":[{"embeddable":true,"href":"https:\/\/www.cdta.dz\/fr\/wp-json\/wp\/v2\/pages\/2700\/"}],"wp:featuredmedia":[{"embeddable":true,"href":"https:\/\/www.cdta.dz\/fr\/wp-json\/wp\/v2\/media\/8938\/"}],"wp:attachment":[{"href":"https:\/\/www.cdta.dz\/fr\/wp-json\/wp\/v2\/media\/?parent=8814"}],"curies":[{"name":"wp","href":"https:\/\/api.w.org\/{rel}","templated":true}]}}