{"id":9029,"date":"2019-10-08T14:27:37","date_gmt":"2019-10-08T14:27:37","guid":{"rendered":"http:\/\/10.1.5.53\/?page_id=9029"},"modified":"2019-10-27T13:53:41","modified_gmt":"2019-10-27T13:53:41","slug":"projets-de-recherche-tml","status":"publish","type":"page","link":"https:\/\/www.cdta.dz\/fr\/recherche-et-technologie\/divisions\/division-milieux-ionises-et-lasers\/equipes-de-la-division-mil\/equipe-traitement-des-materiaux-par-laser\/projets-de-recherche-tml\/","title":{"rendered":"Projets de Recherche TML"},"content":{"rendered":"<h3>L&rsquo;\u00e9quipe Traitement des Mat\u00e9riaux par Laser m\u00e8ne un projet Socio-\u00e9conomique :<\/h3>\n<ul>\n<li>\n<h3>Mise au point d\u2019un proc\u00e9d\u00e9 de fabrication additive pour la r\u00e9alisation de pi\u00e8ces m\u00e9talliques par fusion\/frittage s\u00e9lectifs par laser<\/h3>\n<\/li>\n<\/ul>\n<h3 style=\"text-align: right\">Chef de projet Dr. AMARA El Hachemi<\/h3>\n","protected":false},"excerpt":{"rendered":"<p>L&rsquo;\u00e9quipe Traitement des Mat\u00e9riaux par Laser m\u00e8ne un projet Socio-\u00e9conomique : Mise au point d\u2019un proc\u00e9d\u00e9 de fabrication additive pour la r\u00e9alisation de pi\u00e8ces m\u00e9talliques par fusion\/frittage s\u00e9lectifs par laser Chef de projet Dr. AMARA El Hachemi<\/p>\n","protected":false},"author":46,"featured_media":0,"parent":6939,"menu_order":0,"comment_status":"closed","ping_status":"closed","template":"","meta":{"footnotes":""},"class_list":["post-9029","page","type-page","status-publish","hentry"],"_links":{"self":[{"href":"https:\/\/www.cdta.dz\/fr\/wp-json\/wp\/v2\/pages\/9029\/"}],"collection":[{"href":"https:\/\/www.cdta.dz\/fr\/wp-json\/wp\/v2\/pages\/"}],"about":[{"href":"https:\/\/www.cdta.dz\/fr\/wp-json\/wp\/v2\/types\/page\/"}],"author":[{"embeddable":true,"href":"https:\/\/www.cdta.dz\/fr\/wp-json\/wp\/v2\/users\/46\/"}],"replies":[{"embeddable":true,"href":"https:\/\/www.cdta.dz\/fr\/wp-json\/wp\/v2\/comments\/?post=9029"}],"version-history":[{"count":0,"href":"https:\/\/www.cdta.dz\/fr\/wp-json\/wp\/v2\/pages\/9029\/revisions\/"}],"up":[{"embeddable":true,"href":"https:\/\/www.cdta.dz\/fr\/wp-json\/wp\/v2\/pages\/6939\/"}],"wp:attachment":[{"href":"https:\/\/www.cdta.dz\/fr\/wp-json\/wp\/v2\/media\/?parent=9029"}],"curies":[{"name":"wp","href":"https:\/\/api.w.org\/{rel}","templated":true}]}}