{"id":9499,"date":"2019-10-14T13:55:42","date_gmt":"2019-10-14T13:55:42","guid":{"rendered":"http:\/\/10.1.5.53\/?page_id=9499"},"modified":"2019-11-07T15:00:42","modified_gmt":"2019-11-07T15:00:42","slug":"etude-conception-reverse-engineering","status":"publish","type":"page","link":"https:\/\/www.cdta.dz\/fr\/recherche-et-technologie\/plateformes-technologiques\/plateforme-de-prototypage\/etude-conception-reverse-engineering\/","title":{"rendered":"\u00c9tude Conception &#038; Reverse Engineering"},"content":{"rendered":"<p>[vc_row][vc_column][vc_column_text css_animation=\u00a0\u00bbbounceInLeft\u00a0\u00bb]<\/p>\n<h1 style=\"text-align: center;\"><span style=\"color: #307ab8;\"><strong>Etude conception &amp; Reverse Engineering<\/strong><\/span><\/h1>\n<p>&nbsp;<\/p>\n<p>[\/vc_column_text][vc_row_inner][vc_column_inner][vc_single_image image=\u00a0\u00bb10439&Prime; img_size=\u00a0\u00bbfull\u00a0\u00bb alignment=\u00a0\u00bbcenter\u00a0\u00bb][\/vc_column_inner][\/vc_row_inner][vc_row_inner][vc_column_inner][vc_column_text]<strong>Equip\u00e9s de mat\u00e9riels de haute pr\u00e9cision, nous vous proposons un service de scan 3D, de relev\u00e9 3D avec une pr\u00e9cision pouvant atteindre 0.8 \u00b5m.<\/strong><\/p>\n<p>[\/vc_column_text][\/vc_column_inner][\/vc_row_inner][vc_row_inner][vc_column_inner][vc_toggle title=\u00a0\u00bbNos Services\u00a0\u00bb style=\u00a0\u00bbrounded\u00a0\u00bb color=\u00a0\u00bbsky\u00a0\u00bb custom_font_container=\u00a0\u00bbtag:h2|text_align:left|color:%232185dd\u00a0\u00bb custom_google_fonts=\u00a0\u00bbfont_family:ABeeZee%3Aregular%2Citalic|font_style:400%20regular%3A400%3Anormal\u00a0\u00bb use_custom_heading=\u00a0\u00bbtrue\u00a0\u00bb]<\/p>\n<p><strong>1. Num\u00e9risation 3D par scanning laser<\/strong><br \/>\n<strong>2. Mod\u00e9lisation 3D<\/strong><br \/>\n<strong>3. Conception de pi\u00e8ces m\u00e9canique en 2d et 3d<\/strong><br \/>\n<strong>4. Etude et Conception de moule et outillage<\/strong><br \/>\n<strong>5. Design industriel<\/strong><br \/>\n<strong>6. prototypage rapide<\/strong><br \/>\n<strong>7. Contr\u00f4le M\u00e9trologique 3D (MMT)<\/strong>[\/vc_toggle][\/vc_column_inner][\/vc_row_inner][vc_row_inner][vc_column_inner][vc_column_text]<\/p>\n<h3 style=\"text-align: left;\"><span style=\"color: #54a9de;\"><strong>Retro-conception et control m\u00e9trologique 3D<\/strong><\/span><\/h3>\n<p>[\/vc_column_text][\/vc_column_inner][\/vc_row_inner][vc_row_inner][vc_column_inner][vc_column_text]<\/p>\n<p>Scan 3D, relev\u00e9 tridimensionnel sur site, R\u00e9tro-mod\u00e9lisation, Contr\u00f4le dimensionnel, de forme et d&rsquo;assemblage, de pi\u00e8ces complexes&#8230;<\/p>\n<p>[\/vc_column_text][\/vc_column_inner][\/vc_row_inner][vc_row_inner][vc_column_inner width=\u00a0\u00bb1\/2&Prime;][vc_hoverbox image=\u00a0\u00bb10037&Prime; primary_title=\u00a0\u00bb\u00a0\u00bb hover_title=\u00a0\u00bbNum\u00e9risation 3D par scanning Laser\u00a0\u00bb hover_title_font_container=\u00a0\u00bbcolor:%230a0a0a\u00a0\u00bb use_custom_fonts_hover_title=\u00a0\u00bbtrue\u00a0\u00bb hover_title_link=\u00a0\u00bburl:http%3A%2F%2Fwww.cdta.net%2Ffr%2Frecherche-et-technologie%2Fplateformes-technologiques%2Fplateforme-de-prototypage%2Fetude-conception-reverse-engineering%2Fnumerisation-3d-par-scanning-laser%2F|title:Num%C3%A9risation%203D%20par%20scanning%20Laser||\u00a0\u00bb][\/vc_hoverbox][\/vc_column_inner][vc_column_inner width=\u00a0\u00bb1\/2&Prime;][vc_hoverbox image=\u00a0\u00bb9525&Prime; primary_title=\u00a0\u00bb\u00a0\u00bb hover_title=\u00a0\u00bbContr\u00f4le-M\u00e9trologique-3D\u00a0\u00bb el_width=\u00a0\u00bb90&Prime; use_custom_fonts_hover_title=\u00a0\u00bbtrue\u00a0\u00bb hover_title_link=\u00a0\u00bburl:http%3A%2F%2Fwww.cdta.net%2Ffr%2Frecherche-et-technologie%2Fplateformes-technologiques%2Fplateforme-de-prototypage%2Fetude-conception-reverse-engineering%2Fcontrole-metrologique-3d%2F|title:Contr%C3%B4le%20M%C3%A9trologique%203D||\u00a0\u00bb][\/vc_hoverbox][\/vc_column_inner][\/vc_row_inner][\/vc_column][\/vc_row]<\/p>\n","protected":false},"excerpt":{"rendered":"<p>[vc_row][vc_column][vc_column_text css_animation=\u00a0\u00bbbounceInLeft\u00a0\u00bb] Etude conception &amp; Reverse Engineering &nbsp; [\/vc_column_text][vc_row_inner][vc_column_inner][vc_single_image image=\u00a0\u00bb10439&Prime; img_size=\u00a0\u00bbfull\u00a0\u00bb alignment=\u00a0\u00bbcenter\u00a0\u00bb][\/vc_column_inner][\/vc_row_inner][vc_row_inner][vc_column_inner][vc_column_text]Equip\u00e9s de mat\u00e9riels de haute pr\u00e9cision, nous vous proposons un service de scan 3D, de relev\u00e9 3D avec une pr\u00e9cision pouvant atteindre 0.8 \u00b5m. [\/vc_column_text][\/vc_column_inner][\/vc_row_inner][vc_row_inner][vc_column_inner][vc_toggle title=\u00a0\u00bbNos Services\u00a0\u00bb style=\u00a0\u00bbrounded\u00a0\u00bb color=\u00a0\u00bbsky\u00a0\u00bb custom_font_container=\u00a0\u00bbtag:h2|text_align:left|color:%232185dd\u00a0\u00bb custom_google_fonts=\u00a0\u00bbfont_family:ABeeZee%3Aregular%2Citalic|font_style:400%20regular%3A400%3Anormal\u00a0\u00bb use_custom_heading=\u00a0\u00bbtrue\u00a0\u00bb] 1. Num\u00e9risation 3D par scanning laser 2. Mod\u00e9lisation 3D 3. Conception de [&hellip;]<\/p>\n","protected":false},"author":48,"featured_media":9137,"parent":5546,"menu_order":0,"comment_status":"closed","ping_status":"closed","template":"division-page.php","meta":{"footnotes":""},"class_list":["post-9499","page","type-page","status-publish","has-post-thumbnail","hentry"],"_links":{"self":[{"href":"https:\/\/www.cdta.dz\/fr\/wp-json\/wp\/v2\/pages\/9499\/"}],"collection":[{"href":"https:\/\/www.cdta.dz\/fr\/wp-json\/wp\/v2\/pages\/"}],"about":[{"href":"https:\/\/www.cdta.dz\/fr\/wp-json\/wp\/v2\/types\/page\/"}],"author":[{"embeddable":true,"href":"https:\/\/www.cdta.dz\/fr\/wp-json\/wp\/v2\/users\/48\/"}],"replies":[{"embeddable":true,"href":"https:\/\/www.cdta.dz\/fr\/wp-json\/wp\/v2\/comments\/?post=9499"}],"version-history":[{"count":0,"href":"https:\/\/www.cdta.dz\/fr\/wp-json\/wp\/v2\/pages\/9499\/revisions\/"}],"up":[{"embeddable":true,"href":"https:\/\/www.cdta.dz\/fr\/wp-json\/wp\/v2\/pages\/5546\/"}],"wp:featuredmedia":[{"embeddable":true,"href":"https:\/\/www.cdta.dz\/fr\/wp-json\/wp\/v2\/media\/9137\/"}],"wp:attachment":[{"href":"https:\/\/www.cdta.dz\/fr\/wp-json\/wp\/v2\/media\/?parent=9499"}],"curies":[{"name":"wp","href":"https:\/\/api.w.org\/{rel}","templated":true}]}}