{"id":9555,"date":"2019-10-13T09:39:25","date_gmt":"2019-10-13T09:39:25","guid":{"rendered":"http:\/\/10.1.5.53\/?page_id=9555"},"modified":"2019-11-07T15:01:28","modified_gmt":"2019-11-07T15:01:28","slug":"prototypage-rapide-par-le-procede-de-stratoconception","status":"publish","type":"page","link":"https:\/\/www.cdta.dz\/fr\/recherche-et-technologie\/plateformes-technologiques\/plateforme-de-prototypage\/prototypage-rapide-par-le-procede-de-stratoconception\/","title":{"rendered":"Prototypage rapide par le proc\u00e9d\u00e9 de Stratoconception\u00ae"},"content":{"rendered":"<p>[vc_row][vc_column css_animation=\u00a0\u00bbbounceInLeft\u00a0\u00bb][vc_column_text]<\/p>\n<h1 style=\"text-align: center;\"><span style=\"color: #2d6bbd;\"><strong>\u00a0Prototypage rapide par\u00a0 le proc\u00e9d\u00e9 de Stratoconception\u00ae<\/strong><\/span><\/h1>\n<p>[\/vc_column_text][\/vc_column][\/vc_row][vc_row][vc_column][vc_single_image image=\u00a0\u00bb9997&Prime; img_size=\u00a0\u00bbfull\u00a0\u00bb alignment=\u00a0\u00bbcenter\u00a0\u00bb style=\u00a0\u00bbvc_box_border\u00a0\u00bb border_color=\u00a0\u00bbblue\u00a0\u00bb][\/vc_column][\/vc_row][vc_row][vc_column][vc_column_text]<\/p>\n<p>&nbsp;<\/p>\n<p>[\/vc_column_text][\/vc_column][\/vc_row][vc_row][vc_column width=\u00a0\u00bb7\/12&Prime;][vc_column_text css=\u00a0\u00bb.vc_custom_1572272028622{background-color: #ffffff !important;}\u00a0\u00bb]<\/p>\n<h4><\/h4>\n<h4><span style=\"color: #2d6bbd;\"><strong>Principe de fonctionnement<\/strong><\/span><\/h4>\n<p>Stratoconception\u00ae est la m\u00e9thode de fabrication additive de type solide \/ solide qui permet la fabrication, couche par couche, d&rsquo;un objet dessin\u00e9 en CAO, sans aucune rupture du canal num\u00e9rique. La m\u00e9thode implique la d\u00e9composition automatique de l&rsquo;objet en une s\u00e9rie de couches \u00e9l\u00e9mentaires appel\u00e9es strates, dans lesquelles sont plac\u00e9s des inserts de localisation et des renforts. Chacune de ces couches est directement dans la plage et fabriqu\u00e9e par micro-usinage rapide, d\u00e9coupe au laser, pour la d\u00e9coupe au fil ou tout autre moyen de d\u00e9coupe de tous les mat\u00e9riaux de la planche. Toutes ces couches sont ensuite positionn\u00e9es par des inserts, des ponts ou par des \u00e9l\u00e9ments enchev\u00eatr\u00e9s et assembl\u00e9es pour reconstruire la pi\u00e8ce finale.[\/vc_column_text][\/vc_column][vc_column width=\u00a0\u00bb5\/12&Prime;][vc_row_inner][vc_column_inner][vc_column_text]<\/p>\n<p>&nbsp;<\/p>\n<p>[\/vc_column_text][\/vc_column_inner][\/vc_row_inner][vc_single_image image=\u00a0\u00bb11235&Prime; img_size=\u00a0\u00bb1600&#215;1200&Prime; alignment=\u00a0\u00bbcenter\u00a0\u00bb onclick=\u00a0\u00bblink_image\u00a0\u00bb][\/vc_column][\/vc_row][vc_row][vc_column][vc_column_text]<\/p>\n<p>&nbsp;<\/p>\n<p>[\/vc_column_text][\/vc_column][\/vc_row][vc_row][vc_column width=\u00a0\u00bb1\/2&Prime;][vc_toggle title=\u00a0\u00bbAvantage\u00a0\u00bb style=\u00a0\u00bbrounded\u00a0\u00bb color=\u00a0\u00bbsky\u00a0\u00bb custom_font_container=\u00a0\u00bbtag:h2|text_align:left|color:%23096abf\u00a0\u00bb custom_google_fonts=\u00a0\u00bbfont_family:Abel%3Aregular|font_style:400%20regular%3A400%3Anormal\u00a0\u00bb use_custom_heading=\u00a0\u00bbtrue\u00a0\u00bb]<\/p>\n<ul>\n<li><strong>approvisionnement facile de mat\u00e9riel \u00e0 des prix industriels comp\u00e9titifs (peu importe les ressources captives)<\/strong><\/li>\n<li><strong>Plusieurs types de pi\u00e8ces fabriqu\u00e9es selon ce processus\u00a0: mod\u00e8les, prototypes fonctionnels et technologies, moules, mod\u00e8les, machines, outils, etc.<\/strong><\/li>\n<li><strong>temps de production r\u00e9duit prototypes et outillage<\/strong><\/li>\n<li><strong>proc\u00e9d\u00e9 non polluant qui optimise le mat\u00e9riau et permet le recyclage des d\u00e9chets<\/strong><\/li>\n<\/ul>\n<p>[\/vc_toggle][\/vc_column][vc_column width=\u00a0\u00bb1\/2&Prime;][vc_toggle title=\u00a0\u00bbMat\u00e9riaux\u00a0\u00bb style=\u00a0\u00bbrounded\u00a0\u00bb color=\u00a0\u00bbsky\u00a0\u00bb custom_font_container=\u00a0\u00bbtag:h2|text_align:left|color:%23096abf\u00a0\u00bb custom_google_fonts=\u00a0\u00bbfont_family:Abel%3Aregular|font_style:400%20regular%3A400%3Anormal\u00a0\u00bb use_custom_heading=\u00a0\u00bbtrue\u00a0\u00bb]<\/p>\n<ul>\n<li><strong>Plastique dans des plaques rigides (PMMA-PC-PS-PVC-ABS ..)<\/strong><\/li>\n<li><strong>Plaques en plastique expans\u00e9 et alv\u00e9olaires<\/strong><\/li>\n<li><strong>Mousses rigides (PU- PS-\u2026)<\/strong><\/li>\n<li><strong>Mousses semi-rigides (KAPA line\u00ae,\u2026)<\/strong><\/li>\n<li><strong>Mat\u00e9riaux composites pour la construction : Alucobond\u00ae, Dibond\u00ae, Reynobond\u00ae \u2026\u2026<\/strong><\/li>\n<li><strong>Mat\u00e9riaux composites pour l&rsquo;industrie (r\u00e9sine polyester charg\u00e9e de fibre de verre, fibre de carbone &#8230;)<\/strong><\/li>\n<li><strong>Tous types de bois<\/strong><\/li>\n<\/ul>\n<p>[\/vc_toggle][\/vc_column][\/vc_row][vc_row][vc_column][vc_column_text]<\/p>\n<p>&nbsp;<\/p>\n<h2 style=\"text-align: center;\"><span style=\"color: #096abf;\"><strong>Proc\u00e9d\u00e9s de fabrication<\/strong><\/span><\/h2>\n<p>&nbsp;<\/p>\n<p>[\/vc_column_text][\/vc_column][\/vc_row][vc_row][vc_column width=\u00a0\u00bb1\/3&Prime;][vc_hoverbox image=\u00a0\u00bb9561&Prime; primary_title=\u00a0\u00bb\u00a0\u00bb hover_title=\u00a0\u00bbStrato Fraisage\u00a0\u00bb use_custom_fonts_hover_title=\u00a0\u00bbtrue\u00a0\u00bb hover_title_link=\u00a0\u00bburl:http%3A%2F%2Fwww.cdta.net%2Ffr%2Frecherche-et-technologie%2Fplateformes-technologiques%2Fplateforme-de-prototypage%2Fprototypage-rapide-par-le-procede-de-stratoconception%2Fstrato-fraisage%2F|title:Strato%20Fraisage||\u00a0\u00bb][\/vc_hoverbox][\/vc_column][vc_column width=\u00a0\u00bb1\/3&Prime;][vc_hoverbox image=\u00a0\u00bb9564&Prime; primary_title=\u00a0\u00bb\u00a0\u00bb hover_title=\u00a0\u00bbEmballage 3D par Strato Pack &amp; Strat\u00ae\u00a0\u00bb use_custom_fonts_hover_title=\u00a0\u00bbtrue\u00a0\u00bb hover_title_link=\u00a0\u00bburl:http%3A%2F%2Fwww.cdta.net%2Ffr%2Fprototypage-rapide-par-le-procede-de-stratoconception%2Femballage-3d-par-strato-pack-strat%2F|title:Emballage%203D%20par%20Strato%20Pack%20%26%20Strat||\u00a0\u00bb][\/vc_hoverbox][\/vc_column][vc_column width=\u00a0\u00bb1\/3&Prime;][vc_hoverbox image=\u00a0\u00bb9567&Prime; primary_title=\u00a0\u00bb\u00a0\u00bb hover_title=\u00a0\u00bbD\u00e9coupe &amp; Sculpture \u00e0 Fil chaud par Strato HWC\u00a0\u00bb use_custom_fonts_primary_title=\u00a0\u00bbtrue\u00a0\u00bb use_custom_fonts_hover_title=\u00a0\u00bbtrue\u00a0\u00bb primary_title_link=\u00a0\u00bb|title:D%C3%A9coupe%20%26%20Sculpture%20%C3%A0%20Fil%20chaud%20par%20Strato%20HWC||\u00a0\u00bb hover_title_link=\u00a0\u00bburl:http%3A%2F%2Fwww.cdta.net%2Ffr%2Frecherche-et-technologie%2Fplateformes-technologiques%2Fplateforme-de-prototypage%2Fprototypage-rapide-par-le-procede-de-stratoconception%2Fdecoupe-sculpture-a-fil-chaud-par-strato-hwc%2F|title:D%C3%A9coupe%20%26%20Sculpture%20%C3%A0%20Fil%20chaud%20par%20Strato%20HWC||\u00a0\u00bb][\/vc_hoverbox][\/vc_column][\/vc_row]<\/p>\n","protected":false},"excerpt":{"rendered":"<p>[vc_row][vc_column css_animation=\u00a0\u00bbbounceInLeft\u00a0\u00bb][vc_column_text] \u00a0Prototypage rapide par\u00a0 le proc\u00e9d\u00e9 de Stratoconception\u00ae [\/vc_column_text][\/vc_column][\/vc_row][vc_row][vc_column][vc_single_image image=\u00a0\u00bb9997&Prime; img_size=\u00a0\u00bbfull\u00a0\u00bb alignment=\u00a0\u00bbcenter\u00a0\u00bb style=\u00a0\u00bbvc_box_border\u00a0\u00bb border_color=\u00a0\u00bbblue\u00a0\u00bb][\/vc_column][\/vc_row][vc_row][vc_column][vc_column_text] &nbsp; [\/vc_column_text][\/vc_column][\/vc_row][vc_row][vc_column width=\u00a0\u00bb7\/12&Prime;][vc_column_text css=\u00a0\u00bb.vc_custom_1572272028622{background-color: #ffffff !important;}\u00a0\u00bb] Principe de fonctionnement Stratoconception\u00ae est la m\u00e9thode de fabrication additive de type solide \/ solide qui permet la fabrication, couche par couche, d&rsquo;un objet dessin\u00e9 en CAO, sans aucune rupture du canal num\u00e9rique. La [&hellip;]<\/p>\n","protected":false},"author":46,"featured_media":9137,"parent":5546,"menu_order":0,"comment_status":"closed","ping_status":"closed","template":"division-page.php","meta":{"footnotes":""},"class_list":["post-9555","page","type-page","status-publish","has-post-thumbnail","hentry"],"_links":{"self":[{"href":"https:\/\/www.cdta.dz\/fr\/wp-json\/wp\/v2\/pages\/9555\/"}],"collection":[{"href":"https:\/\/www.cdta.dz\/fr\/wp-json\/wp\/v2\/pages\/"}],"about":[{"href":"https:\/\/www.cdta.dz\/fr\/wp-json\/wp\/v2\/types\/page\/"}],"author":[{"embeddable":true,"href":"https:\/\/www.cdta.dz\/fr\/wp-json\/wp\/v2\/users\/46\/"}],"replies":[{"embeddable":true,"href":"https:\/\/www.cdta.dz\/fr\/wp-json\/wp\/v2\/comments\/?post=9555"}],"version-history":[{"count":0,"href":"https:\/\/www.cdta.dz\/fr\/wp-json\/wp\/v2\/pages\/9555\/revisions\/"}],"up":[{"embeddable":true,"href":"https:\/\/www.cdta.dz\/fr\/wp-json\/wp\/v2\/pages\/5546\/"}],"wp:featuredmedia":[{"embeddable":true,"href":"https:\/\/www.cdta.dz\/fr\/wp-json\/wp\/v2\/media\/9137\/"}],"wp:attachment":[{"href":"https:\/\/www.cdta.dz\/fr\/wp-json\/wp\/v2\/media\/?parent=9555"}],"curies":[{"name":"wp","href":"https:\/\/api.w.org\/{rel}","templated":true}]}}