{"id":9758,"date":"2019-10-13T10:24:55","date_gmt":"2019-10-13T10:24:55","guid":{"rendered":"http:\/\/10.1.5.53\/?page_id=9758"},"modified":"2019-11-06T15:06:06","modified_gmt":"2019-11-06T15:06:06","slug":"equipement-station-de-calcul-de-la-division-mil","status":"publish","type":"page","link":"https:\/\/www.cdta.dz\/fr\/recherche-et-technologie\/divisions\/division-milieux-ionises-et-lasers\/equipement-station-de-calcul-de-la-division-mil\/","title":{"rendered":"\u00c9quipements\/Station de Calcul de la Division MIL"},"content":{"rendered":"<h2>\u00c9quipements de la Division Milieux Ionis\u00e9s &amp; Lasers<\/h2>\n<ul>\n<li>\n<h3>\u00c9quipement de l&rsquo;\u00e9quipe Interaction Laser Mati\u00e8re<\/h3>\n<\/li>\n<\/ul>\n<h4>Un Dispositif exp\u00e9rimental de la Technique PLD<\/h4>\n<h5><img loading=\"lazy\" decoding=\"async\" class=\"wp-image-11567 alignleft\" src=\"https:\/\/www.cdta.dz\/wp-content\/uploads\/2019\/10\/PLD-set-up-300x156.jpg\" alt=\"\" width=\"433\" height=\"225\" srcset=\"https:\/\/www.cdta.dz\/wp-content\/uploads\/2019\/10\/PLD-set-up-300x156.jpg 300w, https:\/\/www.cdta.dz\/wp-content\/uploads\/2019\/10\/PLD-set-up.jpg 501w\" sizes=\"auto, (max-width: 433px) 100vw, 433px\" \/>1: Source Laser: excim\u00e8re KrF Lambda Physics (\u03bb = 248 nm, \u03c4 =25 ns),Energie = 0-300 mJ),<\/h5>\n<h5>2: Lentille cylindrique (1m de focale et 50 cm de focale),<\/h5>\n<h5>3: chambre de \u00a0d\u00e9p\u00f4t,<\/h5>\n<h5>4: bouteille de gaz,<\/h5>\n<h5>5: Pompe primaire<\/h5>\n<h5>6: Pompe secondaire<\/h5>\n<p>&nbsp;<\/p>\n<h4>Un Dispositif exp\u00e9rimental de la Technique LIBS<\/h4>\n<h5><img loading=\"lazy\" decoding=\"async\" class=\" wp-image-12126 alignleft\" src=\"https:\/\/www.cdta.dz\/wp-content\/uploads\/2019\/11\/LIBS-SetUp-avec-chiffres-1-300x173.jpg\" alt=\"\" width=\"434\" height=\"250\" srcset=\"https:\/\/www.cdta.dz\/wp-content\/uploads\/2019\/11\/LIBS-SetUp-avec-chiffres-1-300x173.jpg 300w, https:\/\/www.cdta.dz\/wp-content\/uploads\/2019\/11\/LIBS-SetUp-avec-chiffres-1.jpg 763w\" sizes=\"auto, (max-width: 434px) 100vw, 434px\" \/>1: Source Laser: Nd : YAG Quantel (\u03bb = 1064 nm, \u03c4 =10 ns, Energie = 0-200 mJ).<\/h5>\n<h5>2: \u00a0Les optiques : un prisme, une lentille et une fibre optique<\/h5>\n<h5>3: Spectrom\u00e8tre Echelle LTB coupl\u00e9 \u00e0 une cam\u00e9ra ICCD Andor 2000<\/h5>\n<h5>4: Support Cible<\/h5>\n<p>&nbsp;<\/p>\n<p>&nbsp;<\/p>\n<p>&nbsp;<\/p>\n<p>&nbsp;<\/p>\n<ul>\n<li>\n<h3>\u00c9quipement de l&rsquo;\u00e9quipe Plasma &amp; Applications<\/h3>\n<\/li>\n<\/ul>\n<p>&nbsp;<\/p>\n<p>&nbsp;<\/p>\n<p>&nbsp;<\/p>\n<p>&nbsp;<\/p>\n<ul>\n<li>\n<h3>\u00c9quipement de l&rsquo;\u00e9quipe Projection Thermique<\/h3>\n<\/li>\n<\/ul>\n<h5><img loading=\"lazy\" decoding=\"async\" class=\"alignnone size-full wp-image-11507\" src=\"https:\/\/www.cdta.dz\/wp-content\/uploads\/2019\/10\/Wire-coating.jpg\" alt=\"\" width=\"250\" height=\"160\" \/>\u00a0 \u00a0Proc\u00e9d\u00e9 arc-Fil<\/h5>\n<h5><img loading=\"lazy\" decoding=\"async\" class=\"alignnone size-full wp-image-11511\" src=\"https:\/\/www.cdta.dz\/wp-content\/uploads\/2019\/10\/APS-Coating.jpg\" alt=\"\" width=\"250\" height=\"160\" \/>\u00a0Projection plasma \u00e0 pression atmosph\u00e9rique<\/h5>\n<h5><img loading=\"lazy\" decoding=\"async\" class=\"alignnone size-full wp-image-11515\" src=\"https:\/\/www.cdta.dz\/wp-content\/uploads\/2019\/10\/Appareil-pour-tester-la-corrosion.jpg\" alt=\"\" width=\"250\" height=\"160\" \/>\u00a0 Enceinte \u00e0 brouillard salin<\/h5>\n<h5><img loading=\"lazy\" decoding=\"async\" class=\"alignnone size-full wp-image-11518\" src=\"https:\/\/www.cdta.dz\/wp-content\/uploads\/2019\/10\/sablage.jpg\" alt=\"\" width=\"250\" height=\"160\" \/>\u00a0 Cabine de sablage<\/h5>\n<h5><img loading=\"lazy\" decoding=\"async\" class=\"alignnone size-full wp-image-11521\" src=\"https:\/\/www.cdta.dz\/wp-content\/uploads\/2019\/10\/granulom\u00e8tre.jpg\" alt=\"\" width=\"250\" height=\"160\" \/>\u00a0 Granulom\u00e8tre<\/h5>\n<ul>\n<li>\n<h3>\u00c9quipement de l&rsquo;\u00e9quipe Traitement des Mat\u00e9riaux par Laser<\/h3>\n<\/li>\n<\/ul>\n<p><img loading=\"lazy\" decoding=\"async\" class=\"size-medium wp-image-12035 alignleft\" src=\"https:\/\/www.cdta.dz\/wp-content\/uploads\/2019\/11\/photo-station-TML-300x225.jpg\" alt=\"\" width=\"300\" height=\"225\" srcset=\"https:\/\/www.cdta.dz\/wp-content\/uploads\/2019\/11\/photo-station-TML-300x225.jpg 300w, https:\/\/www.cdta.dz\/wp-content\/uploads\/2019\/11\/photo-station-TML-768x576.jpg 768w\" sizes=\"auto, (max-width: 300px) 100vw, 300px\" \/><\/p>\n<p>&nbsp;<\/p>\n<ul>\n<li>\n<h5>Stations de travail de type \u2018hp Workstation Z600.<\/h5>\n<\/li>\n<li>\n<h5>Dot\u00e9es d\u2019une RAM de 8 Go.<\/h5>\n<\/li>\n<li>\n<h5>Mod\u00e9lisation\/simulation, le logiciel utilis\u00e9 est \u00ab\u00a0ANSYS-Fluent 18.0\u00a0\u00bb (ce code permet de mod\u00e9liser les couplages entre transferts thermiques dans les parties solides et m\u00e9caniques des fluides dans les parties fluides).<\/h5>\n<\/li>\n<\/ul>\n<p>&nbsp;<\/p>\n<p>&nbsp;<\/p>\n<ul>\n<li>\n<h3>\u00c9quipement de l&rsquo;\u00e9quipe Technologie des Syst\u00e8mes Laser<\/h3>\n<\/li>\n<\/ul>\n","protected":false},"excerpt":{"rendered":"<p>\u00c9quipements de la Division Milieux Ionis\u00e9s &amp; Lasers \u00c9quipement de l&rsquo;\u00e9quipe Interaction Laser Mati\u00e8re Un Dispositif exp\u00e9rimental de la Technique PLD 1: Source Laser: excim\u00e8re KrF Lambda Physics (\u03bb = 248 nm, \u03c4 =25 ns),Energie = 0-300 mJ), 2: Lentille cylindrique (1m de focale et 50 cm de focale), 3: chambre de \u00a0d\u00e9p\u00f4t, 4: bouteille [&hellip;]<\/p>\n","protected":false},"author":46,"featured_media":8938,"parent":5469,"menu_order":0,"comment_status":"closed","ping_status":"closed","template":"division-page.php","meta":{"footnotes":""},"class_list":["post-9758","page","type-page","status-publish","has-post-thumbnail","hentry"],"_links":{"self":[{"href":"https:\/\/www.cdta.dz\/fr\/wp-json\/wp\/v2\/pages\/9758\/"}],"collection":[{"href":"https:\/\/www.cdta.dz\/fr\/wp-json\/wp\/v2\/pages\/"}],"about":[{"href":"https:\/\/www.cdta.dz\/fr\/wp-json\/wp\/v2\/types\/page\/"}],"author":[{"embeddable":true,"href":"https:\/\/www.cdta.dz\/fr\/wp-json\/wp\/v2\/users\/46\/"}],"replies":[{"embeddable":true,"href":"https:\/\/www.cdta.dz\/fr\/wp-json\/wp\/v2\/comments\/?post=9758"}],"version-history":[{"count":0,"href":"https:\/\/www.cdta.dz\/fr\/wp-json\/wp\/v2\/pages\/9758\/revisions\/"}],"up":[{"embeddable":true,"href":"https:\/\/www.cdta.dz\/fr\/wp-json\/wp\/v2\/pages\/5469\/"}],"wp:featuredmedia":[{"embeddable":true,"href":"https:\/\/www.cdta.dz\/fr\/wp-json\/wp\/v2\/media\/8938\/"}],"wp:attachment":[{"href":"https:\/\/www.cdta.dz\/fr\/wp-json\/wp\/v2\/media\/?parent=9758"}],"curies":[{"name":"wp","href":"https:\/\/api.w.org\/{rel}","templated":true}]}}