{"id":9943,"date":"2019-10-14T09:05:36","date_gmt":"2019-10-14T09:05:36","guid":{"rendered":"http:\/\/10.1.5.53\/?page_id=9943"},"modified":"2019-11-12T13:34:33","modified_gmt":"2019-11-12T13:34:33","slug":"decoupe-sculpture-a-fil-chaud-par-strato-hwc","status":"publish","type":"page","link":"https:\/\/www.cdta.dz\/fr\/recherche-et-technologie\/plateformes-technologiques\/plateforme-de-prototypage\/prototypage-rapide-par-le-procede-de-stratoconception\/decoupe-sculpture-a-fil-chaud-par-strato-hwc\/","title":{"rendered":"D\u00e9coupe &#038; Sculpture \u00e0 Fil chaud par Strato HWC"},"content":{"rendered":"<p>[vc_row][vc_column][vc_column_text]<\/p>\n<style type=\"text\/css\">\n#lirelasuite {display:none;}<br \/><\/style>\n<p>[\/vc_column_text][\/vc_column][\/vc_row][vc_row][vc_column][vc_column_text]<\/p>\n<h1 style=\"text-align: center;\"><span style=\"color: #3366ff;\"><strong>D\u00e9coupe &amp; Sculpture \u00e0 Fil chaud par Strato HWC<\/strong><\/span><\/h1>\n<p>[\/vc_column_text][vc_row_inner][vc_column_inner width=\u00a0\u00bb1\/3&Prime;][vc_hoverbox image=\u00a0\u00bb9946&Prime; primary_title=\u00a0\u00bb\u00a0\u00bb hover_title=\u00a0\u00bbD\u00e9coupe fil chaud 4 Axes\u00a0\u00bb]<\/p>\n<p style=\"text-align: center;\"><span style=\"color: #0000ff;\"><strong>HWC 3722<\/strong><\/span><br \/>\nMat\u00e9riaux = polystyr\u00e8ne mousse<br \/>\nCourse X, Y, Z = 3400*2000*1200[\/vc_hoverbox][\/vc_column_inner][vc_column_inner width=\u00a0\u00bb1\/3&Prime;][vc_hoverbox image=\u00a0\u00bb9949&Prime; primary_title=\u00a0\u00bb\u00a0\u00bb hover_title=\u00a0\u00bbD\u00e9coupe fil chaud 5 Axes\u00a0\u00bb][\/vc_hoverbox][\/vc_column_inner][vc_column_inner width=\u00a0\u00bb1\/3&Prime;][vc_hoverbox image=\u00a0\u00bb9963&Prime; primary_title=\u00a0\u00bb\u00a0\u00bb hover_title=\u00a0\u00bbSculpture \u00e0 fil chaud\u00a0\u00bb][\/vc_hoverbox][\/vc_column_inner][\/vc_row_inner][vc_row_inner][vc_column_inner][vc_column_text]&nbsp;<\/p>\n<p><strong>Ce processus vous donne la possibilit\u00e9 de r\u00e9aliser des pi\u00e8ces 3D complexes en polystyr\u00e8ne et de r\u00e9aliser de tr\u00e8s grands mod\u00e8les et dimensions comme <\/strong><a href=\"#nogo\"><span style=\"color: red;\"> Lire la suite&#8230;<\/span><\/a><\/p>\n<p id=\"lirelasuite\"><strong>\u2022 coul\u00e9e de mousse perdue,<\/strong><br \/>\n<strong>\u2022 prototype de bateau,<\/strong><br \/>\n<strong>\u2022 des drones,<\/strong><br \/>\n<strong>\u2022 conception d&rsquo;architecture,<\/strong><br \/>\n<strong>\u2022 grande pale de turbine<\/strong>[\/vc_column_text][\/vc_column_inner][\/vc_row_inner][vc_row_inner][vc_column_inner][vc_column_text]<\/p>\n<h2><\/h2>\n<h2 style=\"text-align: center;\"><span style=\"color: #3366ff;\">Exemple d\u2019application de la HWC d\u00e9coupe \u00e0 fil chaud<\/span><\/h2>\n<p>[\/vc_column_text][\/vc_column_inner][\/vc_row_inner][vc_row_inner][vc_column_inner width=\u00a0\u00bb1\/6&Prime;][\/vc_column_inner][vc_column_inner width=\u00a0\u00bb2\/3&Prime;][vc_gallery interval=\u00a0\u00bb5&Prime; images=\u00a0\u00bb9975,9972,9978,9981&Prime; img_size=\u00a0\u00bbfull\u00a0\u00bb][\/vc_column_inner][vc_column_inner width=\u00a0\u00bb1\/6&Prime;][\/vc_column_inner][\/vc_row_inner][\/vc_column][\/vc_row]<\/p>\n","protected":false},"excerpt":{"rendered":"<p>[vc_row][vc_column][vc_column_text] [\/vc_column_text][\/vc_column][\/vc_row][vc_row][vc_column][vc_column_text] D\u00e9coupe &amp; Sculpture \u00e0 Fil chaud par Strato HWC [\/vc_column_text][vc_row_inner][vc_column_inner width=\u00a0\u00bb1\/3&Prime;][vc_hoverbox image=\u00a0\u00bb9946&Prime; primary_title=\u00a0\u00bb\u00a0\u00bb hover_title=\u00a0\u00bbD\u00e9coupe fil chaud 4 Axes\u00a0\u00bb] HWC 3722 Mat\u00e9riaux = polystyr\u00e8ne mousse Course X, Y, Z = 3400*2000*1200[\/vc_hoverbox][\/vc_column_inner][vc_column_inner width=\u00a0\u00bb1\/3&Prime;][vc_hoverbox image=\u00a0\u00bb9949&Prime; primary_title=\u00a0\u00bb\u00a0\u00bb hover_title=\u00a0\u00bbD\u00e9coupe fil chaud 5 Axes\u00a0\u00bb][\/vc_hoverbox][\/vc_column_inner][vc_column_inner width=\u00a0\u00bb1\/3&Prime;][vc_hoverbox image=\u00a0\u00bb9963&Prime; primary_title=\u00a0\u00bb\u00a0\u00bb hover_title=\u00a0\u00bbSculpture \u00e0 fil chaud\u00a0\u00bb][\/vc_hoverbox][\/vc_column_inner][\/vc_row_inner][vc_row_inner][vc_column_inner][vc_column_text]&nbsp; Ce processus vous donne la possibilit\u00e9 de r\u00e9aliser [&hellip;]<\/p>\n","protected":false},"author":46,"featured_media":9137,"parent":9555,"menu_order":0,"comment_status":"closed","ping_status":"closed","template":"division-page.php","meta":{"footnotes":""},"class_list":["post-9943","page","type-page","status-publish","has-post-thumbnail","hentry"],"_links":{"self":[{"href":"https:\/\/www.cdta.dz\/fr\/wp-json\/wp\/v2\/pages\/9943\/"}],"collection":[{"href":"https:\/\/www.cdta.dz\/fr\/wp-json\/wp\/v2\/pages\/"}],"about":[{"href":"https:\/\/www.cdta.dz\/fr\/wp-json\/wp\/v2\/types\/page\/"}],"author":[{"embeddable":true,"href":"https:\/\/www.cdta.dz\/fr\/wp-json\/wp\/v2\/users\/46\/"}],"replies":[{"embeddable":true,"href":"https:\/\/www.cdta.dz\/fr\/wp-json\/wp\/v2\/comments\/?post=9943"}],"version-history":[{"count":0,"href":"https:\/\/www.cdta.dz\/fr\/wp-json\/wp\/v2\/pages\/9943\/revisions\/"}],"up":[{"embeddable":true,"href":"https:\/\/www.cdta.dz\/fr\/wp-json\/wp\/v2\/pages\/9555\/"}],"wp:featuredmedia":[{"embeddable":true,"href":"https:\/\/www.cdta.dz\/fr\/wp-json\/wp\/v2\/media\/9137\/"}],"wp:attachment":[{"href":"https:\/\/www.cdta.dz\/fr\/wp-json\/wp\/v2\/media\/?parent=9943"}],"curies":[{"name":"wp","href":"https:\/\/api.w.org\/{rel}","templated":true}]}}